{"id":59533,"date":"2025-07-31T16:07:23","date_gmt":"2025-07-31T15:07:23","guid":{"rendered":"https:\/\/pracek.si\/racunalniskatrgovina\/?post_type=product&#038;p=59533"},"modified":"2025-07-31T16:12:13","modified_gmt":"2025-07-31T15:12:13","slug":"adapter-blindmate-rev-b-trdi-disk-ssd-caddy-nadomestni-deli-za-prenosnike","status":"publish","type":"product","link":"https:\/\/pracek.si\/racunalniskatrgovina\/izdelek\/adapter-blindmate-rev-b-trdi-disk-ssd-caddy-nadomestni-deli-za-prenosnike\/","title":{"rendered":"Adapter Blindmate Rev. B &#038; trdi disk SSD Caddy &#8211; nadomestni deli za prenosnike"},"content":{"rendered":"<p>Adapter Blindmate Rev. B &amp; Hard Drive Caddy \u2013 originalni nadomestni deli za prenosnike. Idealen za nadgradnjo ali zamenjavo va\u0161e trenutne nastavitve, ta adapter in podstavek sta visokokakovostni komponenti, ki zagotavljata pravilno prileganje in delovanje.<\/p>\n","protected":false},"excerpt":{"rendered":"<p>Adapter Blindmate Rev. B in trdi disk SSD Caddy<\/p>\n<p>\u017delite nadgraditi ali zamenjati bistvene komponente prenosnika? Ta komplet vklju\u010duje **High-Quality Adapter Blindmate Rev. B** in **Hard Drive Caddy**, ki sta zasnovana tako, da ustrezata zahtevam strojne opreme va\u0161ega prenosnika.<\/p>\n<p>**Lastnosti izdelka:**<\/p>\n<p>&#8211; **Adaptor Blindmate Rev. B:** Zanesljiva re\u0161itev za povezljivost prenosnika, ki zagotavlja brezhibno zdru\u017eljivost z razli\u010dnimi napravami.<\/p>\n<p>&#8211; **Hard Drive SSD Caddy:** Popoln za zamenjavo ali nadgradnjo le\u017ei\u0161\u010da za trdi disk va\u0161ega prenosnika. Pomaga pri varni namestitvi trdega diska in ga med uporabo ohranja na mestu.<\/p>\n<p>&#8211; **Zdru\u017eljivost:** Idealno za prenosne ra\u010dunalnike, ki zahtevajo adapterje Blindmate Rev. B in standardne nosilce trdih diskov.<\/p>\n<p>&#8211; **Prave fotografije:** Slike izdelkov odra\u017eajo dejanske dele, ki jih boste prejeli.<\/p>\n<p>**Zakaj izbrati ta komplet?**<\/p>\n<p>&#8211; **Brezhibna povezljivost:** adapter Blindmate ponuja stabilne in u\u010dinkovite povezave.<\/p>\n<p>&#8211; **Enostavna nadgradnja:** Predal za trdi disk omogo\u010da enostavno namestitev ali zamenjavo, zaradi \u010desar je preprosta nadgradnja za shranjevanje prenosnika.<\/p>\n<p>&#8211; **Globalno po\u0161iljanje:** Po\u0161iljamo po vsem svetu, s poudarkom na Evropi.<\/p>\n<p>Upo\u0161tevajte, da ne nudimo navodil za namestitev. \u010ce potrebujete pomo\u010d, se obrnite na nas za navodila.<\/p>\n<p>**Pomembno:** Fotografije v tem seznamu prikazujejo natan\u010den adapter in nosilec za trdi disk, ki ju boste prejeli. Vsak element je pregledan, da se zagotovi pravilno delovanje.<\/p>\n","protected":false},"featured_media":49792,"template":"","meta":[],"product_brand":[],"product_cat":[2051],"product_tag":[1818],"class_list":{"0":"post-59533","1":"product","2":"type-product","3":"status-publish","4":"has-post-thumbnail","6":"product_cat-ohisje-prenosnika","7":"product_tag-rezervni-deli","9":"first","10":"instock","11":"taxable","12":"shipping-taxable","13":"purchasable","14":"product-type-simple"},"_links":{"self":[{"href":"https:\/\/pracek.si\/racunalniskatrgovina\/wp-json\/wp\/v2\/product\/59533","targetHints":{"allow":["GET"]}}],"collection":[{"href":"https:\/\/pracek.si\/racunalniskatrgovina\/wp-json\/wp\/v2\/product"}],"about":[{"href":"https:\/\/pracek.si\/racunalniskatrgovina\/wp-json\/wp\/v2\/types\/product"}],"version-history":[{"count":0,"href":"https:\/\/pracek.si\/racunalniskatrgovina\/wp-json\/wp\/v2\/product\/59533\/revisions"}],"wp:featuredmedia":[{"embeddable":true,"href":"https:\/\/pracek.si\/racunalniskatrgovina\/wp-json\/wp\/v2\/media\/49792"}],"wp:attachment":[{"href":"https:\/\/pracek.si\/racunalniskatrgovina\/wp-json\/wp\/v2\/media?parent=59533"}],"wp:term":[{"taxonomy":"product_brand","embeddable":true,"href":"https:\/\/pracek.si\/racunalniskatrgovina\/wp-json\/wp\/v2\/product_brand?post=59533"},{"taxonomy":"product_cat","embeddable":true,"href":"https:\/\/pracek.si\/racunalniskatrgovina\/wp-json\/wp\/v2\/product_cat?post=59533"},{"taxonomy":"product_tag","embeddable":true,"href":"https:\/\/pracek.si\/racunalniskatrgovina\/wp-json\/wp\/v2\/product_tag?post=59533"}],"curies":[{"name":"wp","href":"https:\/\/api.w.org\/{rel}","templated":true}]}}