{"id":59934,"date":"2025-07-31T16:28:49","date_gmt":"2025-07-31T15:28:49","guid":{"rendered":"https:\/\/pracek.si\/racunalniskatrgovina\/?post_type=product&#038;p=59934"},"modified":"2026-02-10T14:23:00","modified_gmt":"2026-02-10T13:23:00","slug":"dell-precision-m4800-maticna-plosca-ls-9771p-0c3v2k-c3v2k","status":"publish","type":"product","link":"https:\/\/pracek.si\/racunalniskatrgovina\/izdelek\/dell-precision-m4800-maticna-plosca-ls-9771p-0c3v2k-c3v2k\/","title":{"rendered":"Dell Precision M4800 mati\u010dna plo\u0161\u010da LS-9771P | 0C3V2K C3V2K"},"content":{"rendered":"<p>Originalna <strong>mati\u010dna plo\u0161\u010da Dell Precision M4800<\/strong> (model: <strong>LA-9771P<\/strong>), v celoti testirana in v odli\u010dnem delovnem stanju. Resni\u010dne fotografije \u2013 kar vidite, to dobite!<\/p>\n","protected":false},"excerpt":{"rendered":"<p>Nadgradite ali popravite svoj prenosni ra\u010dunalnik <strong>Dell Precision M4800<\/strong> s to originalno <strong>mati\u010dno plo\u0161\u010do Dell<\/strong> (\u0161tevilka dela: <strong>WNW0H<\/strong>, model: <strong>LS-9771P<\/strong>). Ta mati\u010dna plo\u0161\u010da, zasnovana za visoko zmogljivost in zanesljivost, je <strong>popolnoma preizku\u0161ena<\/strong>, da zagotovi brezhibno delovanje.<\/p>\n<h3><strong>Podrobnosti o izdelku:<\/strong><\/h3>\n<ul>\n<li><strong>Blagovna znamka:<\/strong> Dell<\/li>\n<li><strong>Zdru\u017eljiv model:<\/strong> Precision M4800<\/li>\n<li><strong>Model:<\/strong> LS-9771P \/ 0C3V2K C3V2K<\/li>\n<li><strong>Stanje:<\/strong> Popolnoma preizku\u0161eno in delujo\u010de<\/li>\n<li><strong>Fotografije:<\/strong> Realne slike izdelkov \u2013 kar vidite, je to\u010dno to, kar boste prejeli!<\/li>\n<\/ul>\n<p>Ta <strong>visokokakovosten prenosni del<\/strong> je idealen za tiste, ki \u017eelijo zamenjati pokvarjeno mati\u010dno plo\u0161\u010do ali nadgraditi svoj <strong>Dell Precision M4800<\/strong>. \u010ce potrebujete dodatno pomo\u010d, nam po\u0161ljite sporo\u010dilo \u2013 z veseljem vam bomo pomagali!<\/p>\n<p><strong>Opomba:<\/strong> Navodila za namestitev niso prilo\u017eena. Priporo\u010dljiva je strokovna namestitev.<\/p>\n","protected":false},"featured_media":50175,"template":"","meta":[],"product_brand":[],"product_cat":[2062],"product_tag":[2052,1818],"class_list":{"0":"post-59934","1":"product","2":"type-product","3":"status-publish","4":"has-post-thumbnail","6":"product_cat-maticne-plosce-in-deli-plosc","7":"product_tag-dell","8":"product_tag-rezervni-deli","10":"first","11":"outofstock","12":"taxable","13":"shipping-taxable","14":"purchasable","15":"product-type-simple"},"_links":{"self":[{"href":"https:\/\/pracek.si\/racunalniskatrgovina\/wp-json\/wp\/v2\/product\/59934","targetHints":{"allow":["GET"]}}],"collection":[{"href":"https:\/\/pracek.si\/racunalniskatrgovina\/wp-json\/wp\/v2\/product"}],"about":[{"href":"https:\/\/pracek.si\/racunalniskatrgovina\/wp-json\/wp\/v2\/types\/product"}],"version-history":[{"count":0,"href":"https:\/\/pracek.si\/racunalniskatrgovina\/wp-json\/wp\/v2\/product\/59934\/revisions"}],"wp:featuredmedia":[{"embeddable":true,"href":"https:\/\/pracek.si\/racunalniskatrgovina\/wp-json\/wp\/v2\/media\/50175"}],"wp:attachment":[{"href":"https:\/\/pracek.si\/racunalniskatrgovina\/wp-json\/wp\/v2\/media?parent=59934"}],"wp:term":[{"taxonomy":"product_brand","embeddable":true,"href":"https:\/\/pracek.si\/racunalniskatrgovina\/wp-json\/wp\/v2\/product_brand?post=59934"},{"taxonomy":"product_cat","embeddable":true,"href":"https:\/\/pracek.si\/racunalniskatrgovina\/wp-json\/wp\/v2\/product_cat?post=59934"},{"taxonomy":"product_tag","embeddable":true,"href":"https:\/\/pracek.si\/racunalniskatrgovina\/wp-json\/wp\/v2\/product_tag?post=59934"}],"curies":[{"name":"wp","href":"https:\/\/api.w.org\/{rel}","templated":true}]}}