{"id":60048,"date":"2025-07-31T16:39:14","date_gmt":"2025-07-31T15:39:14","guid":{"rendered":"https:\/\/pracek.si\/racunalniskatrgovina\/?post_type=product&#038;p=60048"},"modified":"2025-07-31T16:41:51","modified_gmt":"2025-07-31T15:41:51","slug":"flex-kabel-za-trdi-disk-macbook-pro-a1286-a1278-originalni-nadomestni-del","status":"publish","type":"product","link":"https:\/\/pracek.si\/racunalniskatrgovina\/izdelek\/flex-kabel-za-trdi-disk-macbook-pro-a1286-a1278-originalni-nadomestni-del\/","title":{"rendered":"Flex kabel za trdi disk MacBook Pro A1286 A1278 \u2013 originalni nadomestni del"},"content":{"rendered":"<p>Obnovite funkcijo shranjevanja va\u0161ega MacBook-a s tem <strong data-start=\"370\" data-end=\"403\">pristnim upogljivim kablom za trdi disk<\/strong> za <strong data-start=\"408\" data-end=\"440\">A1286 &amp; A1278 Unibody modeli<\/strong>. <strong data-start=\"442\" data-end=\"489\">Prave fotografije \u2013 kar vidite, to dobite!<\/strong><\/p>\n","protected":false},"excerpt":{"rendered":"<p data-start=\"572\" data-end=\"661\">\ud83d\udcbb <strong data-start=\"575\" data-end=\"659\">Flex kabel za trdi disk MacBook Pro Unibody A1286 A1278 \u2013 visokokakovostna zamenjava<\/strong><\/p>\n<p data-start=\"663\" data-end=\"947\">\u010ce va\u0161 <strong data-start=\"671\" data-end=\"701\">MacBook Pro A1286 ali A1278<\/strong> ne zaznava trdega diska ali prihaja do napak pri zagonu, je morda te\u017eava v okvarjenem <strong data-start=\"774\" data-end=\"792\">prilagodljivem kablu HDD<\/strong>. Ta <strong data-start=\"818\" data-end=\"846\">originalni nadomestni del<\/strong> obnovi pravilno povezavo med va\u0161im trdim diskom in mati\u010dno plo\u0161\u010do ter tako zagotovi zanesljivo delovanje.<\/p>\n<p data-start=\"949\" data-end=\"1350\">\ud83d\udd39 <strong data-start=\"952\" data-end=\"969\">Klju\u010dne lastnosti:<\/strong><br data-start=\"969\" data-end=\"972\" \/>\u2714 <strong data-start=\"974\" data-end=\"1014\">Pristna zamenjava, zdru\u017eljiva z Apple<\/strong> \u2013 Zagotavlja popolno prileganje in optimalno delovanje<br data-start=\"1062\" data-end=\"1065\" \/>\u2714 <strong data-start=\"1067\" data-end=\"1104\">Odpravlja te\u017eave z zaznavanjem trdega diska<\/strong> \u2013 Odpravlja manjkajo\u010de ali nezagonske pogone<br data-start=\"1145\" data-end=\"1148\" \/>\u2714 <strong data-start=\"1150\" data-end=\"1177\">Visokokakovosten kabel Flex<\/strong> \u2013 Vzdr\u017eljiv in dolgotrajen<br data-start=\"1204\" data-end=\"1207\" \/>\u2714 <strong data-start=\"1209\" data-end=\"1247\">Podpira MacBook Pro A1286 &amp; A1278<\/strong> \u2013 Pred nakupom preverite zdru\u017eljivost<br data-start=\"1285\" data-end=\"1288\" \/>\u2714 <strong data-start=\"1290\" data-end=\"1320\">Namestitev Plug-and-Play<\/strong> \u2013 Posebna orodja niso potrebna<\/p>\n<p data-start=\"1352\" data-end=\"1375\">\ud83d\udca1 <strong data-start=\"1355\" data-end=\"1373\">Zdru\u017eljivost:<\/strong><\/p>\n<ul data-start=\"1376\" data-end=\"1517\">\n<li data-start=\"1376\" data-end=\"1434\">Ustreza <strong data-start=\"1383\" data-end=\"1432\">MacBook Pro Unibody 13\u201d (A1278) in 15\u201d (A1286)<\/strong><\/li>\n<li data-start=\"1435\" data-end=\"1517\">Deluje s <strong data-start=\"1448\" data-end=\"1475\">trdimi diski SATA &amp; SSD diski<\/strong>za izbolj\u0161ano hitrost in nadgradnje prostora za shranjevanje<\/li>\n<\/ul>\n<p data-start=\"1519\" data-end=\"1640\">\ud83d\udcf8 <strong data-start=\"1522\" data-end=\"1538\">Prave fotografije:<\/strong> Slike v tem seznamu so dejanski del, ki ga boste prejeli \u2013 brez fotografij iz zaloge, brez presene\u010denj!<\/p>\n<p data-start=\"1642\" data-end=\"1760\">\u2753 <strong data-start=\"1644\" data-end=\"1658\">Potrebujete pomo\u010d?<\/strong> Ne nudimo navodil za namestitev, vendar <strong data-start=\"1720\" data-end=\"1734\">nam po\u0161ljite sporo\u010dilo<\/strong>, \u010de potrebujete pomo\u010d.<\/p>\n<p data-start=\"1762\" data-end=\"1882\">\ud83d\udce6 <strong data-start=\"1765\" data-end=\"1793\">Hitra dostava po vsem svetu!<\/strong> Obnovite funkcionalnost svojega MacBook-a s tem visokokakovostnim <strong data-start=\"1854\" data-end=\"1879\">prilagodljivim kablom za trdi disk<\/strong>.<\/p>\n","protected":false},"featured_media":50355,"template":"","meta":[],"product_brand":[],"product_cat":[2055],"product_tag":[2086,1818],"class_list":{"0":"post-60048","1":"product","2":"type-product","3":"status-publish","4":"has-post-thumbnail","6":"product_cat-kabli","7":"product_tag-apple","8":"product_tag-rezervni-deli","10":"first","11":"instock","12":"taxable","13":"shipping-taxable","14":"purchasable","15":"product-type-simple"},"_links":{"self":[{"href":"https:\/\/pracek.si\/racunalniskatrgovina\/wp-json\/wp\/v2\/product\/60048","targetHints":{"allow":["GET"]}}],"collection":[{"href":"https:\/\/pracek.si\/racunalniskatrgovina\/wp-json\/wp\/v2\/product"}],"about":[{"href":"https:\/\/pracek.si\/racunalniskatrgovina\/wp-json\/wp\/v2\/types\/product"}],"version-history":[{"count":0,"href":"https:\/\/pracek.si\/racunalniskatrgovina\/wp-json\/wp\/v2\/product\/60048\/revisions"}],"wp:featuredmedia":[{"embeddable":true,"href":"https:\/\/pracek.si\/racunalniskatrgovina\/wp-json\/wp\/v2\/media\/50355"}],"wp:attachment":[{"href":"https:\/\/pracek.si\/racunalniskatrgovina\/wp-json\/wp\/v2\/media?parent=60048"}],"wp:term":[{"taxonomy":"product_brand","embeddable":true,"href":"https:\/\/pracek.si\/racunalniskatrgovina\/wp-json\/wp\/v2\/product_brand?post=60048"},{"taxonomy":"product_cat","embeddable":true,"href":"https:\/\/pracek.si\/racunalniskatrgovina\/wp-json\/wp\/v2\/product_cat?post=60048"},{"taxonomy":"product_tag","embeddable":true,"href":"https:\/\/pracek.si\/racunalniskatrgovina\/wp-json\/wp\/v2\/product_tag?post=60048"}],"curies":[{"name":"wp","href":"https:\/\/api.w.org\/{rel}","templated":true}]}}