{"id":60052,"date":"2025-07-31T16:39:14","date_gmt":"2025-07-31T15:39:14","guid":{"rendered":"https:\/\/pracek.si\/racunalniskatrgovina\/?post_type=product&#038;p=60052"},"modified":"2025-07-31T21:17:38","modified_gmt":"2025-07-31T20:17:38","slug":"gumbi-sledilne-ploscice-dell-latitude-e6410-pk37b007200-originalen-del-prenosnika","status":"publish","type":"product","link":"https:\/\/pracek.si\/racunalniskatrgovina\/izdelek\/gumbi-sledilne-ploscice-dell-latitude-e6410-pk37b007200-originalen-del-prenosnika\/","title":{"rendered":"Gumbi sledilne plo\u0161\u010dice Dell Latitude E6410 PK37B007200 \u2013 originalen del prenosnika"},"content":{"rendered":"<p>Zamenjajte obrabljene ali pokvarjene <strong data-start=\"342\" data-end=\"396\">gumbe sledilne plo\u0161\u010dice Dell Latitude E6410 (PK37B007200)<\/strong> s tem <strong data-start=\"407\" data-end=\"430\">pristnim delom prenosnika<\/strong>. <strong data-start=\"432\" data-end=\"479\">Prave fotografije \u2013 kar vidite, to dobite!<\/strong><\/p>\n","protected":false},"excerpt":{"rendered":"<p data-start=\"562\" data-end=\"831\">Obnovite gladko in odzivno delovanje sledilne plo\u0161\u010dice s to <strong data-start=\"625\" data-end=\"692\">originalno plo\u0161\u010do gumbov sledilne plo\u0161\u010dice Dell Latitude E6410 (PK37B007200)<\/strong>. Ta nadomestni del je zasnovan posebej za <strong data-start=\"749\" data-end=\"767\">Latitude E6410<\/strong>, kar zagotavlja <strong data-start=\"778\" data-end=\"803\">popolno zdru\u017eljivost<\/strong> in zanesljivo delovanje.<\/p>\n<p data-start=\"833\" data-end=\"1129\">\ud83d\udd39 <strong data-start=\"836\" data-end=\"853\">Klju\u010dne lastnosti:<\/strong><br data-start=\"853\" data-end=\"856\" \/>\u2714 <strong data-start=\"858\" data-end=\"880\">Originalni del Dell<\/strong> \u2013 Model <strong data-start=\"889\" data-end=\"904\">PK37B007200<\/strong><br data-start=\"904\" data-end=\"907\" \/>\u2714 <strong data-start=\"909\" data-end=\"943\">Popolno prileganje za Latitude E6410<\/strong> \u2013 Zasnovan za brezhibno namestitev<br data-start=\"980\" data-end=\"983\" \/>\u2714 <strong data-start=\"985\" data-end=\"1017\">Odziven &amp; Vzdr\u017eljivi gumbi<\/strong> \u2013 Obnovite funkcijo gladkega klikanja<br data-start=\"1057\" data-end=\"1060\" \/>\u2714 <strong data-start=\"1062\" data-end=\"1081\">Enostavna namestitev<\/strong> \u2013 Hitro zamenjajte stare ali pokvarjene gumbe<\/p>\n<p data-start=\"1131\" data-end=\"1154\">\ud83d\udca1 <strong data-start=\"1134\" data-end=\"1152\">Zdru\u017eljivost:<\/strong><\/p>\n<ul data-start=\"1155\" data-end=\"1267\">\n<li data-start=\"1155\" data-end=\"1195\">Zasnovan za <strong data-start=\"1170\" data-end=\"1193\">Dell Latitude E6410<\/strong><\/li>\n<li data-start=\"1196\" data-end=\"1267\">Pred nakupom preverite \u0161tevilko dela prenosnika (<strong data-start=\"1231\" data-end=\"1246\">PK37B007200<\/strong>)<\/li>\n<\/ul>\n<p data-start=\"1269\" data-end=\"1370\">\ud83d\udcf8 <strong data-start=\"1272\" data-end=\"1288\">Prave fotografije:<\/strong> Slike v tem seznamu prikazujejo natan\u010den izdelek, ki ga boste prejeli \u2013 brez presene\u010denj!<\/p>\n<p data-start=\"1372\" data-end=\"1494\">\u2753 <strong data-start=\"1374\" data-end=\"1388\">Potrebujete pomo\u010d?<\/strong> Ne nudimo navodil za namestitev, vendar nam <strong data-start=\"1450\" data-end=\"1464\">po\u0161ljite sporo\u010dilo<\/strong>, \u010de potrebujete kakr\u0161no koli pomo\u010d.<\/p>\n<p data-start=\"1496\" data-end=\"1625\">\ud83d\udce6 <strong data-start=\"1499\" data-end=\"1527\">Hitra dostava po vsem svetu!<\/strong> Poskrbite, da bo va\u0161 <strong data-start=\"1537\" data-end=\"1555\">Latitude E6410<\/strong> spet v vrhunski formi s tem <strong data-start=\"1584\" data-end=\"1622\">originalna plo\u0161\u010da z gumbi sledilne plo\u0161\u010dice Dell<\/strong>.<\/p>\n","protected":false},"featured_media":50363,"template":"","meta":[],"product_brand":[],"product_cat":[2051],"product_tag":[2052,1818],"class_list":{"0":"post-60052","1":"product","2":"type-product","3":"status-publish","4":"has-post-thumbnail","6":"product_cat-ohisje-prenosnika","7":"product_tag-dell","8":"product_tag-rezervni-deli","10":"first","11":"instock","12":"taxable","13":"shipping-taxable","14":"purchasable","15":"product-type-simple"},"_links":{"self":[{"href":"https:\/\/pracek.si\/racunalniskatrgovina\/wp-json\/wp\/v2\/product\/60052","targetHints":{"allow":["GET"]}}],"collection":[{"href":"https:\/\/pracek.si\/racunalniskatrgovina\/wp-json\/wp\/v2\/product"}],"about":[{"href":"https:\/\/pracek.si\/racunalniskatrgovina\/wp-json\/wp\/v2\/types\/product"}],"version-history":[{"count":0,"href":"https:\/\/pracek.si\/racunalniskatrgovina\/wp-json\/wp\/v2\/product\/60052\/revisions"}],"wp:featuredmedia":[{"embeddable":true,"href":"https:\/\/pracek.si\/racunalniskatrgovina\/wp-json\/wp\/v2\/media\/50363"}],"wp:attachment":[{"href":"https:\/\/pracek.si\/racunalniskatrgovina\/wp-json\/wp\/v2\/media?parent=60052"}],"wp:term":[{"taxonomy":"product_brand","embeddable":true,"href":"https:\/\/pracek.si\/racunalniskatrgovina\/wp-json\/wp\/v2\/product_brand?post=60052"},{"taxonomy":"product_cat","embeddable":true,"href":"https:\/\/pracek.si\/racunalniskatrgovina\/wp-json\/wp\/v2\/product_cat?post=60052"},{"taxonomy":"product_tag","embeddable":true,"href":"https:\/\/pracek.si\/racunalniskatrgovina\/wp-json\/wp\/v2\/product_tag?post=60052"}],"curies":[{"name":"wp","href":"https:\/\/api.w.org\/{rel}","templated":true}]}}