{"id":60065,"date":"2025-07-31T16:40:20","date_gmt":"2025-07-31T15:40:20","guid":{"rendered":"https:\/\/pracek.si\/racunalniskatrgovina\/?post_type=product&#038;p=60065"},"modified":"2025-07-31T21:18:39","modified_gmt":"2025-07-31T20:18:39","slug":"dell-latitude-e6410-firewire-port-board-w-cable-x1nhh-6-wire6-pin-connector","status":"publish","type":"product","link":"https:\/\/pracek.si\/racunalniskatrgovina\/izdelek\/dell-latitude-e6410-firewire-port-board-w-cable-x1nhh-6-wire6-pin-connector\/","title":{"rendered":"Dell Latitude E6410 FireWire Port Board w Cable X1NHH \u2013 6 Wire6 Pin Connector"},"content":{"rendered":"<p>Obnovite povezljivost FireWire na va\u0161em <strong data-start=\"370\" data-end=\"393\">Dell Latitude E6410<\/strong> s to pristno <strong data-start=\"412\" data-end=\"448\">FireWire Port Board (P\/N: X1NHH)<\/strong>. Prilo\u017een je <strong data-start=\"463\" data-end=\"485\">6-\u017eilni\/6-polni kabel<\/strong> za natan\u010dno prileganje. <strong data-start=\"504\" data-end=\"551\">Prave fotografije \u2013 kar vidite, to dobite!<\/strong><\/p>\n","protected":false},"excerpt":{"rendered":"<p data-start=\"634\" data-end=\"904\">Nadgradite ali zamenjajte <strong data-start=\"657\" data-end=\"680\">FireWire Port Board<\/strong> na va\u0161em <strong data-start=\"689\" data-end=\"712\">Dell Latitude E6410<\/strong> s tem <strong data-start=\"723\" data-end=\"756\">originalnim OEM del (P\/N: X1NHH)<\/strong>. Ne glede na to, ali so va\u0161a vrata FireWire po\u0161kodovana ali manjkajo, ta nadomestna plo\u0161\u010da s <strong data-start=\"838\" data-end=\"870\">6-\u017eilnim\/6-polnim priklju\u010dnim kablom<\/strong> zagotavlja brezhibno delovanje.<\/p>\n<p data-start=\"906\" data-end=\"1258\">\ud83d\udd39 <strong data-start=\"909\" data-end=\"926\">Klju\u010dne lastnosti:<\/strong><br data-start=\"926\" data-end=\"929\" \/>\u2714 <strong data-start=\"931\" data-end=\"966\">Originalni del Dell (P\/N: X1NHH)<\/strong> \u2013 Zagotavlja popolno prileganje in zanesljivost<br data-start=\"1004\" data-end=\"1007\" \/>\u2714 <strong data-start=\"1009\" data-end=\"1035\">6-\u017eilni\/6-polni priklju\u010dek<\/strong> \u2013 Standardna vrata FireWire za hitre prenose podatkov<br data-start=\"1090\" data-end=\"1093\" \/>\u2714 <strong data-start=\"1095\" data-end=\"1113\">Vklju\u010duje kabel<\/strong> \u2013 Ni potrebe po dodatnih delih, pripravljeno za namestitev<br data-start=\"1168\" data-end=\"1171\" \/>\u2714 <strong data-start=\"1173\" data-end=\"1212\">Zdru\u017eljivo z Dell Latitude E6410<\/strong> \u2013 Preden preverite model svojega prenosnika nakup<\/p>\n<p data-start=\"1260\" data-end=\"1283\">\ud83d\udca1 <strong data-start=\"1263\" data-end=\"1281\">Zdru\u017eljivost:<\/strong><\/p>\n<ul data-start=\"1284\" data-end=\"1385\">\n<li data-start=\"1284\" data-end=\"1337\">Posebej zasnovano za <strong data-start=\"1312\" data-end=\"1335\">Dell Latitude E6410<\/strong><\/li>\n<li data-start=\"1338\" data-end=\"1385\">Standardni <strong data-start=\"1349\" data-end=\"1383\">vmesnik FireWire (IEEE 1394)<\/strong><\/li>\n<\/ul>\n<p data-start=\"1387\" data-end=\"1493\">\ud83d\udcf8 <strong data-start=\"1390\" data-end=\"1406\">Prave fotografije:<\/strong> Slike v tem seznamu so <strong data-start=\"1445\" data-end=\"1475\">dejanskega predmeta, ki ga boste prejeli<\/strong> \u2013 brez presene\u010denj!<\/p>\n<p data-start=\"1495\" data-end=\"1638\">\u2753 <strong data-start=\"1497\" data-end=\"1511\">Potrebujete pomo\u010d?<\/strong> \u010ceprav ne nudimo navodil za namestitev, nam lahko <strong data-start=\"1570\" data-end=\"1584\">po\u0161ljete sporo\u010dilo<\/strong>, \u010de imate kakr\u0161na koli vpra\u0161anja pred ali po nakupu.<\/p>\n<p data-start=\"1640\" data-end=\"1758\">\ud83d\udce6 <strong data-start=\"1643\" data-end=\"1671\">Hitra dostava po vsem svetu!<\/strong> Zagotovite si svojo <strong data-start=\"1681\" data-end=\"1724\">plo\u0161\u010do Dell Latitude E6410 FireWire Port Board<\/strong> hitro in varno dostavljeno.<\/p>\n","protected":false},"featured_media":50388,"template":"","meta":[],"product_brand":[],"product_cat":[2062],"product_tag":[2052,1818],"class_list":{"0":"post-60065","1":"product","2":"type-product","3":"status-publish","4":"has-post-thumbnail","6":"product_cat-maticne-plosce-in-deli-plosc","7":"product_tag-dell","8":"product_tag-rezervni-deli","10":"first","11":"instock","12":"taxable","13":"shipping-taxable","14":"purchasable","15":"product-type-simple"},"_links":{"self":[{"href":"https:\/\/pracek.si\/racunalniskatrgovina\/wp-json\/wp\/v2\/product\/60065","targetHints":{"allow":["GET"]}}],"collection":[{"href":"https:\/\/pracek.si\/racunalniskatrgovina\/wp-json\/wp\/v2\/product"}],"about":[{"href":"https:\/\/pracek.si\/racunalniskatrgovina\/wp-json\/wp\/v2\/types\/product"}],"version-history":[{"count":0,"href":"https:\/\/pracek.si\/racunalniskatrgovina\/wp-json\/wp\/v2\/product\/60065\/revisions"}],"wp:featuredmedia":[{"embeddable":true,"href":"https:\/\/pracek.si\/racunalniskatrgovina\/wp-json\/wp\/v2\/media\/50388"}],"wp:attachment":[{"href":"https:\/\/pracek.si\/racunalniskatrgovina\/wp-json\/wp\/v2\/media?parent=60065"}],"wp:term":[{"taxonomy":"product_brand","embeddable":true,"href":"https:\/\/pracek.si\/racunalniskatrgovina\/wp-json\/wp\/v2\/product_brand?post=60065"},{"taxonomy":"product_cat","embeddable":true,"href":"https:\/\/pracek.si\/racunalniskatrgovina\/wp-json\/wp\/v2\/product_cat?post=60065"},{"taxonomy":"product_tag","embeddable":true,"href":"https:\/\/pracek.si\/racunalniskatrgovina\/wp-json\/wp\/v2\/product_tag?post=60065"}],"curies":[{"name":"wp","href":"https:\/\/api.w.org\/{rel}","templated":true}]}}