{"id":60252,"date":"2025-07-31T21:26:30","date_gmt":"2025-07-31T20:26:30","guid":{"rendered":"https:\/\/pracek.si\/racunalniskatrgovina\/?post_type=product&#038;p=60252"},"modified":"2025-07-31T21:30:58","modified_gmt":"2025-07-31T20:30:58","slug":"vintage-set-viskija-devalbor-cerve-italy-windrose-8-kosov-neuporabljen-v-skatli","status":"publish","type":"product","link":"https:\/\/pracek.si\/racunalniskatrgovina\/izdelek\/vintage-set-viskija-devalbor-cerve-italy-windrose-8-kosov-neuporabljen-v-skatli\/","title":{"rendered":"Vintage set viskija Devalbor Cerve Italy Windrose 8 kosov &#8211; neuporabljen v \u0161katli"},"content":{"rendered":"<p>Eleganten 8-delni vintage viski set Devalbor Cerve Italija \u2013 nikoli uporabljen, v originalni \u0161katli. Vklju\u010duje 6 cvetli\u010dnih kozarcev za viski, ujemajo\u010de se vedro za led in kle\u0161\u010de. Redek zbirateljski predmet s finim italijanskim dizajnom.<\/p>\n","protected":false},"excerpt":{"rendered":"<p class=\"\" data-start=\"473\" data-end=\"749\">Vnesite brez\u010dasno italijansko eleganco v svojo zbirko barske opreme s tem osupljivim <strong data-start=\"551\" data-end=\"611\">vintage 8-delnim kompletom viskija Devalbor by Cerve &#8220;Windrose&#8221;<\/strong>. Ta redek komplet, izdelan v Italiji in ohranjen v <strong data-start=\"644\" data-end=\"678\">nikoli uporabljenem, neokrnjenem stanju<\/strong>, je pravi dragulj za zbiratelje in ljubitelje retro stila.<\/p>\n<p class=\"\" data-start=\"751\" data-end=\"872\">Komplet vklju\u010duje:<br data-start=\"768\" data-end=\"771\" \/>\u2022 6 fino izdelanih kozarcev za viski<br data-start=\"805\" data-end=\"808\" \/>\u2022 1 ustrezno stekleno vedro za led<br data-start=\"837\" data-end=\"840\" \/>\u2022 1 komplet prozornih plasti\u010dnih kle\u0161\u010d<\/p>\n<p class=\"\" data-start=\"874\" data-end=\"1167\">Vsak kos ima ne\u017een <strong data-start=\"905\" data-end=\"945\">cvetli\u010dni motiv z rde\u010dimi in zlatimi vrtnicami<\/strong>, uokvirjen s subtilnimi zlatimi poudarki, ki odra\u017eajo umetnost <strong data-start=\"1006\" data-end=\"1032\">klasi\u010dnega italijanskega oblikovanja<\/strong>. Vsi kosi so varno shranjeni v <strong data-start=\"1072\" data-end=\"1112\">originalni embala\u017ei in \u0161katli iz stiropora<\/strong>, ki prikazujeta ime in predstavitev \u00bbWindrose\u00ab.<\/p>\n<p class=\"\" data-start=\"1169\" data-end=\"1325\">Ne glede na to, ali ste navdu\u0161enec nad starinskimi izdelki, zbirate steklovino ali preprosto \u017eelite svojemu doma\u010demu lokalu dodati pridih nostalgi\u010dnega \u0161arma, je ta komplet popolna najdba.<\/p>\n<p class=\"\" data-start=\"1327\" data-end=\"1481\">\u2705 Izdelano v Italiji<br data-start=\"1342\" data-end=\"1345\" \/>\u2705 Pristni vintage (neuporabljen)<br data-start=\"1373\" data-end=\"1376\" \/>\u2705 Prilo\u017eena originalna embala\u017ea<br data-start=\"1405\" data-end=\"1408\" \/>\u2705 Eleganten cvetli\u010dni dizajn z zlatimi obrobami<br data-start=\"1446\" data-end=\"1449\" \/>\u2705 Idealno za darilo ali razstavo<\/p>\n<p class=\"\" data-start=\"1483\" data-end=\"1559\">Ne zamudite prilo\u017enosti, da postanete lastnik tega \u010dudovitega dela italijanske obrti!<\/p>\n","protected":false},"featured_media":50648,"template":"","meta":[],"product_brand":[],"product_cat":[2103],"product_tag":[1818],"class_list":{"0":"post-60252","1":"product","2":"type-product","3":"status-publish","4":"has-post-thumbnail","6":"product_cat-vintage-antiques-retro","7":"product_tag-rezervni-deli","9":"first","10":"instock","11":"taxable","12":"shipping-taxable","13":"purchasable","14":"product-type-simple"},"_links":{"self":[{"href":"https:\/\/pracek.si\/racunalniskatrgovina\/wp-json\/wp\/v2\/product\/60252","targetHints":{"allow":["GET"]}}],"collection":[{"href":"https:\/\/pracek.si\/racunalniskatrgovina\/wp-json\/wp\/v2\/product"}],"about":[{"href":"https:\/\/pracek.si\/racunalniskatrgovina\/wp-json\/wp\/v2\/types\/product"}],"version-history":[{"count":0,"href":"https:\/\/pracek.si\/racunalniskatrgovina\/wp-json\/wp\/v2\/product\/60252\/revisions"}],"wp:featuredmedia":[{"embeddable":true,"href":"https:\/\/pracek.si\/racunalniskatrgovina\/wp-json\/wp\/v2\/media\/50648"}],"wp:attachment":[{"href":"https:\/\/pracek.si\/racunalniskatrgovina\/wp-json\/wp\/v2\/media?parent=60252"}],"wp:term":[{"taxonomy":"product_brand","embeddable":true,"href":"https:\/\/pracek.si\/racunalniskatrgovina\/wp-json\/wp\/v2\/product_brand?post=60252"},{"taxonomy":"product_cat","embeddable":true,"href":"https:\/\/pracek.si\/racunalniskatrgovina\/wp-json\/wp\/v2\/product_cat?post=60252"},{"taxonomy":"product_tag","embeddable":true,"href":"https:\/\/pracek.si\/racunalniskatrgovina\/wp-json\/wp\/v2\/product_tag?post=60252"}],"curies":[{"name":"wp","href":"https:\/\/api.w.org\/{rel}","templated":true}]}}