{"id":60253,"date":"2025-07-31T21:26:31","date_gmt":"2025-07-31T20:26:31","guid":{"rendered":"https:\/\/pracek.si\/racunalniskatrgovina\/?post_type=product&#038;p=60253"},"modified":"2025-07-31T21:31:39","modified_gmt":"2025-07-31T20:31:39","slug":"seneca-15-delni-pozlaceni-komplet-jedilnega-pribora-za-torte-hartvergoldet-novo","status":"publish","type":"product","link":"https:\/\/pracek.si\/racunalniskatrgovina\/izdelek\/seneca-15-delni-pozlaceni-komplet-jedilnega-pribora-za-torte-hartvergoldet-novo\/","title":{"rendered":"Seneca 15-delni pozla\u010deni komplet jedilnega pribora za torte \u2013 Hartvergoldet, novo"},"content":{"rendered":"<p>Eleganten 15-delni pozla\u010den set pribora za torto Seneca. Vklju\u010duje vilice, \u017elice, podstavke za torto in zajemalko za sladkor. Popoln za prazni\u010dno kavo &amp; tortni trenutki. \u010cisto nov in neuporabljen.<\/p>\n","protected":false},"excerpt":{"rendered":"<p class=\"\" data-start=\"451\" data-end=\"758\">Va\u0161i mizi dodajte pridih brez\u010dasne elegance s tem razko\u0161nim 15-delnim pozla\u010denim kompletom jedilnega pribora za torte znamke <strong data-start=\"559\" data-end=\"569\">Seneca<\/strong>. Vsak kos z oznako <strong data-start=\"578\" data-end=\"595\">Hartvergoldet<\/strong> (trdo pozla\u010den) ima podroben motiv vrtnice in prefinjen zaklju\u010dek, zaradi \u010desar je idealen za posebne prilo\u017enosti, praznovanja ali kot ugledno darilo.<\/p>\n<p class=\"\" data-start=\"760\" data-end=\"885\">Ta <strong data-start=\"765\" data-end=\"796\">prazni\u010dni set za kavo in pecivo<\/strong> (Festliche Kaffeetafelgarnitur) vklju\u010duje vse, kar potrebujete za postre\u017ebo sladic v stilu:<\/p>\n<ul data-start=\"886\" data-end=\"1015\">\n<li class=\"\" data-start=\"886\" data-end=\"917\">\n<p class=\"\" data-start=\"888\" data-end=\"917\">6 pozla\u010denih desertnih vilic<\/p>\n<\/li>\n<li class=\"\" data-start=\"918\" data-end=\"945\">\n<p class=\"\" data-start=\"920\" data-end=\"945\">6 pozla\u010denih \u010dajnih \u017eli\u010dk<\/p>\n<\/li>\n<li class=\"\" data-start=\"946\" data-end=\"969\">\n<p class=\"\" data-start=\"948\" data-end=\"969\">1 velik stre\u017enik za torte<\/p>\n<\/li>\n<li class=\"\" data-start=\"970\" data-end=\"990\">\n<p class=\"\" data-start=\"972\" data-end=\"990\">1 no\u017e za pito\/torto<\/p>\n<\/li>\n<li class=\"\" data-start=\"991\" data-end=\"1015\">\n<p class=\"\" data-start=\"993\" data-end=\"1015\">1 zajemalka za sladkor ali smetano<\/p>\n<\/li>\n<\/ul>\n<p class=\"\" data-start=\"1017\" data-end=\"1033\">\ud83d\udc8e <strong data-start=\"1020\" data-end=\"1033\">Funkcije:<\/strong><\/p>\n<ul data-start=\"1034\" data-end=\"1265\">\n<li class=\"\" data-start=\"1034\" data-end=\"1089\">\n<p class=\"\" data-start=\"1036\" data-end=\"1089\">Visokokakovosten <strong data-start=\"1049\" data-end=\"1080\">pozla\u010den (Hartvergoldet)<\/strong> zaklju\u010dek<\/p>\n<\/li>\n<li class=\"\" data-start=\"1090\" data-end=\"1132\">\n<p class=\"\" data-start=\"1092\" data-end=\"1132\">Okra\u0161en <strong data-start=\"1099\" data-end=\"1114\">zasnova vrtnice<\/strong> na vsakem ro\u010daju<\/p>\n<\/li>\n<li class=\"\" data-start=\"1133\" data-end=\"1183\">\n<p class=\"\" data-start=\"1135\" data-end=\"1183\">Prihaja v originalni \u0161katli z za\u0161\u010ditno embala\u017eo<\/p>\n<\/li>\n<li class=\"\" data-start=\"1184\" data-end=\"1212\">\n<p class=\"\" data-start=\"1186\" data-end=\"1212\"><strong data-start=\"1186\" data-end=\"1210\">Popolnoma nov in neuporabljen<\/strong><\/p>\n<\/li>\n<li class=\"\" data-start=\"1213\" data-end=\"1265\">\n<p class=\"\" data-start=\"1215\" data-end=\"1265\">Izdelal <strong data-start=\"1223\" data-end=\"1233\">Seneca<\/strong>, znan po tradicionalni eleganci<\/p>\n<\/li>\n<\/ul>\n<p class=\"\" data-start=\"1267\" data-end=\"1418\">Popoln za poroke, obletnice, \u010dajanke ali zbiratelje fine posode v starinskem slogu. Povzdignite svojo predstavitev sladice z zlatim pridihom.<\/p>\n","protected":false},"featured_media":50654,"template":"","meta":[],"product_brand":[],"product_cat":[2103],"product_tag":[1818],"class_list":{"0":"post-60253","1":"product","2":"type-product","3":"status-publish","4":"has-post-thumbnail","6":"product_cat-vintage-antiques-retro","7":"product_tag-rezervni-deli","9":"first","10":"instock","11":"taxable","12":"shipping-taxable","13":"purchasable","14":"product-type-simple"},"_links":{"self":[{"href":"https:\/\/pracek.si\/racunalniskatrgovina\/wp-json\/wp\/v2\/product\/60253","targetHints":{"allow":["GET"]}}],"collection":[{"href":"https:\/\/pracek.si\/racunalniskatrgovina\/wp-json\/wp\/v2\/product"}],"about":[{"href":"https:\/\/pracek.si\/racunalniskatrgovina\/wp-json\/wp\/v2\/types\/product"}],"version-history":[{"count":0,"href":"https:\/\/pracek.si\/racunalniskatrgovina\/wp-json\/wp\/v2\/product\/60253\/revisions"}],"wp:featuredmedia":[{"embeddable":true,"href":"https:\/\/pracek.si\/racunalniskatrgovina\/wp-json\/wp\/v2\/media\/50654"}],"wp:attachment":[{"href":"https:\/\/pracek.si\/racunalniskatrgovina\/wp-json\/wp\/v2\/media?parent=60253"}],"wp:term":[{"taxonomy":"product_brand","embeddable":true,"href":"https:\/\/pracek.si\/racunalniskatrgovina\/wp-json\/wp\/v2\/product_brand?post=60253"},{"taxonomy":"product_cat","embeddable":true,"href":"https:\/\/pracek.si\/racunalniskatrgovina\/wp-json\/wp\/v2\/product_cat?post=60253"},{"taxonomy":"product_tag","embeddable":true,"href":"https:\/\/pracek.si\/racunalniskatrgovina\/wp-json\/wp\/v2\/product_tag?post=60253"}],"curies":[{"name":"wp","href":"https:\/\/api.w.org\/{rel}","templated":true}]}}