{"id":60254,"date":"2025-07-31T21:26:31","date_gmt":"2025-07-31T20:26:31","guid":{"rendered":"https:\/\/pracek.si\/racunalniskatrgovina\/?post_type=product&#038;p=60254"},"modified":"2025-07-31T21:31:42","modified_gmt":"2025-07-31T20:31:42","slug":"stojalo-za-4-svecnike-iz-kovanega-zeleza-rustikalni-crni-kovinski-dekor-rocno-izdelano-v-evropi","status":"publish","type":"product","link":"https:\/\/pracek.si\/racunalniskatrgovina\/izdelek\/stojalo-za-4-svecnike-iz-kovanega-zeleza-rustikalni-crni-kovinski-dekor-rocno-izdelano-v-evropi\/","title":{"rendered":"Stojalo za 4 sve\u010dnike iz kovanega \u017eeleza \u2013 rustikalni \u010drni kovinski dekor \u2013 ro\u010dno izdelano v Evropi"},"content":{"rendered":"<p>Eleganten in \u010dvrst sve\u010dnik iz kovanega \u017eeleza za \u0161tiri stebraste sve\u010de. Popoln za rustikalno dekoracijo doma, osrednje elemente ali duhovne nastavitve. \u010crn kovinski zaklju\u010dek z zavihanimi nogami za vintage pridih.<\/p>\n","protected":false},"excerpt":{"rendered":"<p class=\"\" data-start=\"434\" data-end=\"664\">Dodajte svojemu prostoru \u010dar in zna\u010daj s tem \u010dudovito izdelanim stojalom za sve\u010de iz kovanega \u017eeleza. To robustno \u010drno kovinsko stojalo, zasnovano za dr\u017eanje \u0161tirih stebri\u010dastih sve\u010d, je idealno za ustvarjanje toplega, rustikalnega vzdu\u0161ja v kateri koli sobi.<\/p>\n<p class=\"\" data-start=\"666\" data-end=\"953\">Ukrivljene noge zagotavljajo stabilnost in edinstveno starinsko estetiko, zaradi \u010desar je primeren za dekoracijo doma, osrednje elemente miz, slovesnosti ali celo sre\u010danja na prostem. Ne glede na to, ali okrasite prostor za prijeten ve\u010der ali na\u010drtujete poseben dogodek, je to stojalo za sve\u010de funkcionalno in dekorativno.<\/p>\n<p class=\"\" data-start=\"955\" data-end=\"968\"><strong data-start=\"955\" data-end=\"968\">Funkcije:<\/strong><\/p>\n<ul data-start=\"969\" data-end=\"1224\">\n<li class=\"\" data-start=\"969\" data-end=\"1010\">\n<p class=\"\" data-start=\"971\" data-end=\"1010\">Vdr\u017ei 4 stebri\u010daste sve\u010de (niso vklju\u010dene)<\/p>\n<\/li>\n<li class=\"\" data-start=\"1011\" data-end=\"1043\">\n<p class=\"\" data-start=\"1013\" data-end=\"1043\">Izdelan iz trpe\u017enega kovanega \u017eeleza<\/p>\n<\/li>\n<li class=\"\" data-start=\"1044\" data-end=\"1067\">\n<p class=\"\" data-start=\"1046\" data-end=\"1067\">Rustikalna \u010drna obdelava<\/p>\n<\/li>\n<li class=\"\" data-start=\"1068\" data-end=\"1116\">\n<p class=\"\" data-start=\"1070\" data-end=\"1116\">Ukrivljene noge za stabilnost in vintage privla\u010dnost<\/p>\n<\/li>\n<li class=\"\" data-start=\"1117\" data-end=\"1169\">\n<p class=\"\" data-start=\"1119\" data-end=\"1169\">Odli\u010dno za dom, poroke, slovesnosti in dogodke<\/p>\n<\/li>\n<li class=\"\" data-start=\"1170\" data-end=\"1224\">\n<p class=\"\" data-start=\"1172\" data-end=\"1224\">Mere: vi\u0161ina: 15 cm (6 inc), premer: 23 cm (9 inc)<\/p>\n<\/li>\n<\/ul>\n<p class=\"\" data-start=\"1226\" data-end=\"1307\">Spremenite vsak prostor s pridihom brez\u010dasne elegance in utripajo\u010de svetlobe sve\u010d.<\/p>\n","protected":false},"featured_media":50657,"template":"","meta":[],"product_brand":[],"product_cat":[2103],"product_tag":[1818],"class_list":{"0":"post-60254","1":"product","2":"type-product","3":"status-publish","4":"has-post-thumbnail","6":"product_cat-vintage-antiques-retro","7":"product_tag-rezervni-deli","9":"first","10":"instock","11":"taxable","12":"shipping-taxable","13":"purchasable","14":"product-type-simple"},"_links":{"self":[{"href":"https:\/\/pracek.si\/racunalniskatrgovina\/wp-json\/wp\/v2\/product\/60254","targetHints":{"allow":["GET"]}}],"collection":[{"href":"https:\/\/pracek.si\/racunalniskatrgovina\/wp-json\/wp\/v2\/product"}],"about":[{"href":"https:\/\/pracek.si\/racunalniskatrgovina\/wp-json\/wp\/v2\/types\/product"}],"version-history":[{"count":0,"href":"https:\/\/pracek.si\/racunalniskatrgovina\/wp-json\/wp\/v2\/product\/60254\/revisions"}],"wp:featuredmedia":[{"embeddable":true,"href":"https:\/\/pracek.si\/racunalniskatrgovina\/wp-json\/wp\/v2\/media\/50657"}],"wp:attachment":[{"href":"https:\/\/pracek.si\/racunalniskatrgovina\/wp-json\/wp\/v2\/media?parent=60254"}],"wp:term":[{"taxonomy":"product_brand","embeddable":true,"href":"https:\/\/pracek.si\/racunalniskatrgovina\/wp-json\/wp\/v2\/product_brand?post=60254"},{"taxonomy":"product_cat","embeddable":true,"href":"https:\/\/pracek.si\/racunalniskatrgovina\/wp-json\/wp\/v2\/product_cat?post=60254"},{"taxonomy":"product_tag","embeddable":true,"href":"https:\/\/pracek.si\/racunalniskatrgovina\/wp-json\/wp\/v2\/product_tag?post=60254"}],"curies":[{"name":"wp","href":"https:\/\/api.w.org\/{rel}","templated":true}]}}