{"id":60262,"date":"2025-07-31T21:27:34","date_gmt":"2025-07-31T20:27:34","guid":{"rendered":"https:\/\/pracek.si\/racunalniskatrgovina\/?post_type=product&#038;p=60262"},"modified":"2025-07-31T21:31:47","modified_gmt":"2025-07-31T20:31:47","slug":"vintage-zajecar-yugoslavia-porcelan-kavni-cajni-set-6-skodelic-in-kroznickov","status":"publish","type":"product","link":"https:\/\/pracek.si\/racunalniskatrgovina\/izdelek\/vintage-zajecar-yugoslavia-porcelan-kavni-cajni-set-6-skodelic-in-kroznickov\/","title":{"rendered":"Vintage Zaje\u010dar Yugoslavia Porcelan kavni\/\u010dajni set \u2013 6 skodelic in kro\u017eni\u010dkov"},"content":{"rendered":"<p>\u010cudovit vintage kavni servis iz porcelana Zaje\u010dar, Jugoslavija. Vklju\u010duje 6 fino okra\u0161enih skodelic z ujemajo\u010dimi se kro\u017eniki z romanti\u010dnimi prizori v rokoko slogu in elegantnimi zlatimi detajli. Popoln zbirateljski predmet ali prefinjeno darilo.<\/p>\n","protected":false},"excerpt":{"rendered":"<p class=\"\" data-start=\"475\" data-end=\"849\">Dodajte svoji mizi brez\u010dasen \u010dar s tem izvrstnim <strong data-start=\"528\" data-end=\"560\">vintage porcelanastim servisom za kavo\/\u010daj<\/strong> iz <strong data-start=\"566\" data-end=\"577\">Zaje\u010dar<\/strong>, Jugoslavija. Ta celoten komplet vklju\u010duje <strong data-start=\"618\" data-end=\"656\">6 prefinjeno izdelanih skodelic za espresso<\/strong> in ujemajo\u010de se kro\u017enike, od katerih vsaka prikazuje <strong data-start=\"694\" data-end=\"732\">romanti\u010dne prizore v slogu 18. stoletja<\/strong> para na vrtu, obdanega z bogatim listjem in okra\u0161enega z <strong data-start=\"802\" data-end=\"823\">fini zlati poudarki<\/strong>na robovih in ro\u010dajih.<\/p>\n<p class=\"\" data-start=\"851\" data-end=\"1090\">Ta komplet, izdelan pred razpadom Jugoslavije, odra\u017ea eleganco in kakovost vzhodnoevropskega porcelana iz sredine 20. stoletja. Oznaka proizvajalca na dnu potrjuje njeno pristnost: <strong data-start=\"1062\" data-end=\"1089\">TP Zaje\u010dar \u2013 Jugoslavija<\/strong>.<\/p>\n<p class=\"\" data-start=\"1092\" data-end=\"1249\"><strong data-start=\"1092\" data-end=\"1106\">Stanje:<\/strong><br data-start=\"1106\" data-end=\"1109\" \/>Vsi kosi so v odli\u010dnem vintage stanju, brez odrgnin ali razpok. Morda je prisotna manj\u0161a obraba zlate obrobe, kar je skladno s starostjo in uporabo.<\/p>\n<p class=\"\" data-start=\"1251\" data-end=\"1266\"><strong data-start=\"1251\" data-end=\"1264\">Vklju\u010duje:<\/strong><\/p>\n<ul data-start=\"1267\" data-end=\"1353\">\n<li class=\"\" data-start=\"1267\" data-end=\"1286\">\n<p class=\"\" data-start=\"1269\" data-end=\"1286\">6 skodelic espressa<\/p>\n<\/li>\n<li class=\"\" data-start=\"1287\" data-end=\"1309\">\n<p class=\"\" data-start=\"1289\" data-end=\"1309\">6 ujemajo\u010dih se kro\u017enikov<\/p>\n<\/li>\n<li class=\"\" data-start=\"1310\" data-end=\"1353\">\n<p class=\"\" data-start=\"1312\" data-end=\"1353\">Originalna vintage oblika \u2013 model \u0161t. 160<\/p>\n<\/li>\n<\/ul>\n<p class=\"\" data-start=\"1355\" data-end=\"1518\">Popoln za zbiratelje, ljubitelje starodobnikov ali vsakogar, ki ceni vrhunsko evropsko rokodelstvo. Uporabite ga za razstavo ali kot o\u010darljiv dodatek k va\u0161im kavnim ritualom.<\/p>\n<p class=\"\" data-start=\"1520\" data-end=\"1568\">\ud83d\udce6 <strong data-start=\"1523\" data-end=\"1568\">Po\u0161ilja se skrbno in v za\u0161\u010ditni embala\u017ei.<\/strong><\/p>\n","protected":false},"featured_media":50659,"template":"","meta":[],"product_brand":[],"product_cat":[2103],"product_tag":[1818],"class_list":{"0":"post-60262","1":"product","2":"type-product","3":"status-publish","4":"has-post-thumbnail","6":"product_cat-vintage-antiques-retro","7":"product_tag-rezervni-deli","9":"first","10":"instock","11":"taxable","12":"shipping-taxable","13":"purchasable","14":"product-type-simple"},"_links":{"self":[{"href":"https:\/\/pracek.si\/racunalniskatrgovina\/wp-json\/wp\/v2\/product\/60262","targetHints":{"allow":["GET"]}}],"collection":[{"href":"https:\/\/pracek.si\/racunalniskatrgovina\/wp-json\/wp\/v2\/product"}],"about":[{"href":"https:\/\/pracek.si\/racunalniskatrgovina\/wp-json\/wp\/v2\/types\/product"}],"version-history":[{"count":0,"href":"https:\/\/pracek.si\/racunalniskatrgovina\/wp-json\/wp\/v2\/product\/60262\/revisions"}],"wp:featuredmedia":[{"embeddable":true,"href":"https:\/\/pracek.si\/racunalniskatrgovina\/wp-json\/wp\/v2\/media\/50659"}],"wp:attachment":[{"href":"https:\/\/pracek.si\/racunalniskatrgovina\/wp-json\/wp\/v2\/media?parent=60262"}],"wp:term":[{"taxonomy":"product_brand","embeddable":true,"href":"https:\/\/pracek.si\/racunalniskatrgovina\/wp-json\/wp\/v2\/product_brand?post=60262"},{"taxonomy":"product_cat","embeddable":true,"href":"https:\/\/pracek.si\/racunalniskatrgovina\/wp-json\/wp\/v2\/product_cat?post=60262"},{"taxonomy":"product_tag","embeddable":true,"href":"https:\/\/pracek.si\/racunalniskatrgovina\/wp-json\/wp\/v2\/product_tag?post=60262"}],"curies":[{"name":"wp","href":"https:\/\/api.w.org\/{rel}","templated":true}]}}