{"id":60264,"date":"2025-07-31T21:27:34","date_gmt":"2025-07-31T20:27:34","guid":{"rendered":"https:\/\/pracek.si\/racunalniskatrgovina\/?post_type=product&#038;p=60264"},"modified":"2025-07-31T21:31:55","modified_gmt":"2025-07-31T20:31:55","slug":"secret-files-tunguska-pc-dvd-nova-in-zaprta-graficna-pustolovska-igra","status":"publish","type":"product","link":"https:\/\/pracek.si\/racunalniskatrgovina\/izdelek\/secret-files-tunguska-pc-dvd-nova-in-zaprta-graficna-pustolovska-igra\/","title":{"rendered":"Secret Files: Tunguska (PC DVD) &#8211; nova in zaprta grafi\u010dna pustolovska igra"},"content":{"rendered":"<p>Odkrijte napeto skrivnost v <em data-start=\"292\" data-end=\"316\">Secret Files: Tunguska<\/em>, klasi\u010dni grafi\u010dni pustolov\u0161\u010dini s poka\u017ei in klikni, ki jo je navdihnil resni\u010dni dogodek v Tunguski. Popolnoma nov, tovarni\u0161ko zaprt in pripravljen za igranje v sistemu Windows XP\/Vista.<\/p>\n","protected":false},"excerpt":{"rendered":"<p class=\"\" data-start=\"594\" data-end=\"907\">Potopite se v vznemirljiv svet zarot, mitov in svetovnih skrivnosti s <em data-start=\"670\" data-end=\"694\">Skrivnimi datotekami: Tunguska<\/em>. V tej kriti\u0161ko hvaljeni pustolov\u0161\u010dini poka\u017ei in klikni bo\u0161 spremljal Nino in Maxa na dih jemajo\u010dem potovanju, da bi odkrila resnico za skrivnostnim izginotjem njenega o\u010deta in resni\u010dnim dogodkom v Tunguski.<\/p>\n<p class=\"\" data-start=\"909\" data-end=\"1142\">Z ve\u010d kot 80 podrobnimi lokacijami, 25 realisti\u010dnimi 3D-liki in atmosferskimi u\u010dinki, kot so osvetlitev, sence in vreme v realnem \u010dasu, ta igra zagotavlja poglobljeno in kinematografsko izku\u0161njo, ki bo izzvala va\u0161e detektivske instinkte.<\/p>\n<p class=\"\" data-start=\"1144\" data-end=\"1160\">\ud83d\udd0d <strong data-start=\"1147\" data-end=\"1160\">Funkcije:<\/strong><\/p>\n<ul data-start=\"1161\" data-end=\"1431\">\n<li class=\"\" data-start=\"1161\" data-end=\"1205\">\n<p class=\"\" data-start=\"1163\" data-end=\"1205\">Zapletene uganke in zanimiva zgodba<\/p>\n<\/li>\n<li class=\"\" data-start=\"1206\" data-end=\"1246\">\n<p class=\"\" data-start=\"1208\" data-end=\"1246\">80+ lepo upodobljenih ozadij<\/p>\n<\/li>\n<li class=\"\" data-start=\"1247\" data-end=\"1289\">\n<p class=\"\" data-start=\"1249\" data-end=\"1289\">Sprotni svetlobni in vremenski u\u010dinki<\/p>\n<\/li>\n<li class=\"\" data-start=\"1290\" data-end=\"1334\">\n<p class=\"\" data-start=\"1292\" data-end=\"1334\">Popolno glasovno igranje z obraznimi animacijami<\/p>\n<\/li>\n<li class=\"\" data-start=\"1335\" data-end=\"1386\">\n<p class=\"\" data-start=\"1337\" data-end=\"1386\">Drsljiva okolja in kinematografski vmesni prizori<\/p>\n<\/li>\n<li class=\"\" data-start=\"1387\" data-end=\"1431\">\n<p class=\"\" data-start=\"1389\" data-end=\"1431\">Navdihnjen s pravim tungu\u0161kim fenomenom<\/p>\n<\/li>\n<\/ul>\n<p class=\"\" data-start=\"1433\" data-end=\"1460\">\ud83c\udfae <strong data-start=\"1436\" data-end=\"1460\">Sistemske zahteve:<\/strong><\/p>\n<ul data-start=\"1461\" data-end=\"1672\">\n<li class=\"\" data-start=\"1461\" data-end=\"1497\">\n<p class=\"\" data-start=\"1463\" data-end=\"1497\">Podprt OS: Windows XP \/ Vista<\/p>\n<\/li>\n<li class=\"\" data-start=\"1498\" data-end=\"1518\">\n<p class=\"\" data-start=\"1500\" data-end=\"1518\">Procesor: 1 GHz<\/p>\n<\/li>\n<li class=\"\" data-start=\"1519\" data-end=\"1560\">\n<p class=\"\" data-start=\"1521\" data-end=\"1560\">RAM: 512 MB (Vista: priporo\u010deno 1 GB)<\/p>\n<\/li>\n<li class=\"\" data-start=\"1561\" data-end=\"1621\">\n<p class=\"\" data-start=\"1563\" data-end=\"1621\">Grafika: 32 MB (namenska kartica, brez integrirane grafike)<\/p>\n<\/li>\n<li class=\"\" data-start=\"1622\" data-end=\"1646\">\n<p class=\"\" data-start=\"1624\" data-end=\"1646\">HDD: 2 GB prostega prostora<\/p>\n<\/li>\n<li class=\"\" data-start=\"1647\" data-end=\"1672\">\n<p class=\"\" data-start=\"1649\" data-end=\"1672\">DirectX 9.0 ali novej\u0161i<\/p>\n<\/li>\n<\/ul>\n<p class=\"\" data-start=\"1674\" data-end=\"1803\">\u2705 <strong data-start=\"1676\" data-end=\"1690\">Stanje:<\/strong> Popolnoma novo, neodprto, tovarni\u0161ko zape\u010dateno<br data-start=\"1726\" data-end=\"1729\" \/>\ud83d\udcc0 <strong data-start=\"1732\" data-end=\"1745\">Platforma:<\/strong> PC DVD-ROM<br data-start=\"1756\" data-end=\"1759\" \/>\ud83d\udce6 Previdno po\u0161iljanje v za\u0161\u010ditni embala\u017ei<\/p>\n<p class=\"\" data-start=\"1805\" data-end=\"1944\">Ne glede na to, ali ste ljubitelj klasi\u010dnih avantur ali odkrivanja zgodovinskih skrivnosti, <em data-start=\"1884\" data-end=\"1908\">Secret Files: Tunguska<\/em> morate imeti v svoji zbirki.<\/p>\n","protected":false},"featured_media":50669,"template":"","meta":[],"product_brand":[],"product_cat":[2103],"product_tag":[1818],"class_list":{"0":"post-60264","1":"product","2":"type-product","3":"status-publish","4":"has-post-thumbnail","6":"product_cat-vintage-antiques-retro","7":"product_tag-rezervni-deli","9":"first","10":"instock","11":"taxable","12":"shipping-taxable","13":"purchasable","14":"product-type-simple"},"_links":{"self":[{"href":"https:\/\/pracek.si\/racunalniskatrgovina\/wp-json\/wp\/v2\/product\/60264","targetHints":{"allow":["GET"]}}],"collection":[{"href":"https:\/\/pracek.si\/racunalniskatrgovina\/wp-json\/wp\/v2\/product"}],"about":[{"href":"https:\/\/pracek.si\/racunalniskatrgovina\/wp-json\/wp\/v2\/types\/product"}],"version-history":[{"count":0,"href":"https:\/\/pracek.si\/racunalniskatrgovina\/wp-json\/wp\/v2\/product\/60264\/revisions"}],"wp:featuredmedia":[{"embeddable":true,"href":"https:\/\/pracek.si\/racunalniskatrgovina\/wp-json\/wp\/v2\/media\/50669"}],"wp:attachment":[{"href":"https:\/\/pracek.si\/racunalniskatrgovina\/wp-json\/wp\/v2\/media?parent=60264"}],"wp:term":[{"taxonomy":"product_brand","embeddable":true,"href":"https:\/\/pracek.si\/racunalniskatrgovina\/wp-json\/wp\/v2\/product_brand?post=60264"},{"taxonomy":"product_cat","embeddable":true,"href":"https:\/\/pracek.si\/racunalniskatrgovina\/wp-json\/wp\/v2\/product_cat?post=60264"},{"taxonomy":"product_tag","embeddable":true,"href":"https:\/\/pracek.si\/racunalniskatrgovina\/wp-json\/wp\/v2\/product_tag?post=60264"}],"curies":[{"name":"wp","href":"https:\/\/api.w.org\/{rel}","templated":true}]}}