{"id":60293,"date":"2025-07-31T21:29:38","date_gmt":"2025-07-31T20:29:38","guid":{"rendered":"https:\/\/pracek.si\/racunalniskatrgovina\/?post_type=product&#038;p=60293"},"modified":"2025-07-31T21:34:39","modified_gmt":"2025-07-31T20:34:39","slug":"dell-latitude-7424-5424-5420-rugged-circuit-junction-board-0pt0y1-originalen-del-prenosnika","status":"publish","type":"product","link":"https:\/\/pracek.si\/racunalniskatrgovina\/izdelek\/dell-latitude-7424-5424-5420-rugged-circuit-junction-board-0pt0y1-originalen-del-prenosnika\/","title":{"rendered":"Dell Latitude 7424 5424 5420 Rugged Circuit Junction Board 0PT0Y1 \u2013 originalen del prenosnika"},"content":{"rendered":"<p>Originalna <strong data-start=\"322\" data-end=\"374\">Dell Latitude 7424 5424 5420 robustna spojna plo\u0161\u010da vezja<\/strong>, odli\u010dna za zamenjavo po\u0161kodovanega ali pokvarjenega dela. <strong data-start=\"424\" data-end=\"471\">Prave fotografije \u2013 kar vidite, to dobite!<\/strong><\/p>\n","protected":false},"excerpt":{"rendered":"<p class=\"\" data-start=\"554\" data-end=\"794\">Obnovite svoj <strong data-start=\"567\" data-end=\"603\">Rugged prenosni ra\u010dunalnik Dell Latitude 7424 5424 5420<\/strong> s to <strong data-start=\"614\" data-end=\"648\">pristno spojno plo\u0161\u010do vezja<\/strong>. Ta <strong data-start=\"693\" data-end=\"715\">originalni del Dell<\/strong>, izdelan za vzdr\u017eljivost in zanesljivost, zagotavlja pravilno povezljivost in brezhibno delovanje va\u0161ega robustnega prenosnika.<\/p>\n<p class=\"\" data-start=\"796\" data-end=\"1190\">\ud83d\udd39 <strong data-start=\"799\" data-end=\"816\">Klju\u010dne lastnosti:<\/strong><br data-start=\"816\" data-end=\"819\" \/>\u2714 <strong data-start=\"821\" data-end=\"842\">Originalni del Dell 0PT0Y1<\/strong> \u2013 Zagotavlja zdru\u017eljivost in zanesljivost<br data-start=\"882\" data-end=\"885\" \/>\u2714 <strong data-start=\"887\" data-end=\"917\">Zasnovano za Latitude <\/strong>7424 5424 5420 \u2013 Popolno prileganje za <strong data-start=\"936\" data-end=\"959\">Dell robustni prenosni ra\u010dunalniki<\/strong><br data-start=\"959\" data-end=\"962\" \/>\u2714 <strong data-start=\"964\" data-end=\"1000\">Essential Circuit Junction Board<\/strong> \u2013 Upravlja z napajanjem in komponentnimi povezavami<br data-start=\"1042\" data-end=\"1045\" \/>\u2714 <strong data-start=\"1047\" data-end=\"1079\">Ustvarjeno za te\u017eka okolja<\/strong> \u2013 Robusten dizajn za ekstremne pogoje<br data-start=\"1118\" data-end=\"1121\" \/>\u2714 <strong data-start=\"1123\" data-end=\"1143\">Enostavna zamenjava<\/strong> \u2013 Hitro zamenjajte staro ali po\u0161kodovano plo\u0161\u010do<\/p>\n<p class=\"\" data-start=\"1192\" data-end=\"1215\">\ud83d\udca1 <strong data-start=\"1195\" data-end=\"1213\">Zdru\u017eljivost:<\/strong><\/p>\n<ul data-start=\"1216\" data-end=\"1360\">\n<li class=\"\" data-start=\"1216\" data-end=\"1308\">\n<p class=\"\" data-start=\"1218\" data-end=\"1308\">Posebej za <strong data-start=\"1235\" data-end=\"1271\">Dell Latitude 5424 Rugged Series<\/strong> (pred nakupom preverite svoj model)<\/p>\n<\/li>\n<li class=\"\" data-start=\"1309\" data-end=\"1360\">\n<p class=\"\" data-start=\"1311\" data-end=\"1360\">Zasnovano v skladu z izvirnimi specifikacijami dru\u017ebe Dell<\/p>\n<\/li>\n<\/ul>\n<p class=\"\" data-start=\"1362\" data-end=\"1463\">\ud83d\udcf8 <strong data-start=\"1365\" data-end=\"1381\">Prave fotografije:<\/strong> Slike v tem seznamu prikazujejo natan\u010den izdelek, ki ga boste prejeli \u2013 brez presene\u010denj!<\/p>\n<p class=\"\" data-start=\"1465\" data-end=\"1619\">\u2753 <strong data-start=\"1467\" data-end=\"1481\">Potrebujete pomo\u010d?<\/strong> \u010ceprav ne nudimo navodil za namestitev, <strong data-start=\"1545\" data-end=\"1559\">nam po\u0161ljite sporo\u010dilo<\/strong>, \u010de potrebujete pomo\u010d pred ali po nakupu.<\/p>\n<p class=\"\" data-start=\"1621\" data-end=\"1746\">\ud83d\udce6 <strong data-start=\"1624\" data-end=\"1652\">Hitra dostava po vsem svetu!<\/strong> Naj va\u0161 Dell Latitude 5424 spet deluje s tem <strong data-start=\"1706\" data-end=\"1743\">pristnim nadomestnim vezjem tabla<\/strong>.<\/p>\n","protected":false},"featured_media":50721,"template":"","meta":[],"product_brand":[],"product_cat":[2062],"product_tag":[2052,1818],"class_list":{"0":"post-60293","1":"product","2":"type-product","3":"status-publish","4":"has-post-thumbnail","6":"product_cat-maticne-plosce-in-deli-plosc","7":"product_tag-dell","8":"product_tag-rezervni-deli","10":"first","11":"instock","12":"taxable","13":"shipping-taxable","14":"purchasable","15":"product-type-simple"},"_links":{"self":[{"href":"https:\/\/pracek.si\/racunalniskatrgovina\/wp-json\/wp\/v2\/product\/60293","targetHints":{"allow":["GET"]}}],"collection":[{"href":"https:\/\/pracek.si\/racunalniskatrgovina\/wp-json\/wp\/v2\/product"}],"about":[{"href":"https:\/\/pracek.si\/racunalniskatrgovina\/wp-json\/wp\/v2\/types\/product"}],"version-history":[{"count":0,"href":"https:\/\/pracek.si\/racunalniskatrgovina\/wp-json\/wp\/v2\/product\/60293\/revisions"}],"wp:featuredmedia":[{"embeddable":true,"href":"https:\/\/pracek.si\/racunalniskatrgovina\/wp-json\/wp\/v2\/media\/50721"}],"wp:attachment":[{"href":"https:\/\/pracek.si\/racunalniskatrgovina\/wp-json\/wp\/v2\/media?parent=60293"}],"wp:term":[{"taxonomy":"product_brand","embeddable":true,"href":"https:\/\/pracek.si\/racunalniskatrgovina\/wp-json\/wp\/v2\/product_brand?post=60293"},{"taxonomy":"product_cat","embeddable":true,"href":"https:\/\/pracek.si\/racunalniskatrgovina\/wp-json\/wp\/v2\/product_cat?post=60293"},{"taxonomy":"product_tag","embeddable":true,"href":"https:\/\/pracek.si\/racunalniskatrgovina\/wp-json\/wp\/v2\/product_tag?post=60293"}],"curies":[{"name":"wp","href":"https:\/\/api.w.org\/{rel}","templated":true}]}}