{"id":60316,"date":"2025-07-31T21:32:31","date_gmt":"2025-07-31T20:32:31","guid":{"rendered":"https:\/\/pracek.si\/racunalniskatrgovina\/?post_type=product&#038;p=60316"},"modified":"2025-07-31T21:36:03","modified_gmt":"2025-07-31T20:36:03","slug":"dell-latitude-rugged-e7214-serial-port-door-originalen-nadomestni-del-za-prenosnik","status":"publish","type":"product","link":"https:\/\/pracek.si\/racunalniskatrgovina\/izdelek\/dell-latitude-rugged-e7214-serial-port-door-originalen-nadomestni-del-za-prenosnik\/","title":{"rendered":"Dell Latitude Rugged E7214 Serial Port Door \u2013 originalen nadomestni del za prenosnik"},"content":{"rendered":"<p>Zamenjajte po\u0161kodovana ali manjkajo\u010da <strong data-start=\"337\" data-end=\"357\">vrata serijskih vrat<\/strong> za <strong data-start=\"366\" data-end=\"396\">Dell Latitude Rugged E7214<\/strong>. <strong data-start=\"398\" data-end=\"418\">Originalni OEM del<\/strong> zasnovan za popolno prileganje. <strong data-start=\"447\" data-end=\"494\">Prave fotografije \u2013 kar vidite, to dobite!<\/strong><\/p>\n","protected":false},"excerpt":{"rendered":"<p class=\"\" data-start=\"557\" data-end=\"819\">Povrnite funkcionalnost in videz svojega <strong data-start=\"606\" data-end=\"636\">Dell Latitude Rugged E7214<\/strong> s temi <strong data-start=\"647\" data-end=\"687\">pristnimi nadomestnimi vrati za serijska vrata<\/strong>. Ne glede na to, ali nadome\u0161\u010date izgubljen ali po\u0161kodovan del, se ta visokokakovostna vrata popolnoma prilegajo, da bo va\u0161a naprava zatesnjena in za\u0161\u010ditena.<\/p>\n<p class=\"\" data-start=\"821\" data-end=\"1240\">\ud83d\udd39 <strong data-start=\"824\" data-end=\"841\">Klju\u010dne lastnosti:<\/strong><br data-start=\"841\" data-end=\"844\" \/>\u2714 <strong data-start=\"846\" data-end=\"867\">Originalni del Dell<\/strong> \u2013 kakovost OEM za zanesljivo delovanje<br data-start=\"906\" data-end=\"909\" \/>\u2714 <strong data-start=\"911\" data-end=\"952\">Zdru\u017eljivo z Latitude Rugged E7214<\/strong> \u2013 Popolno prileganje va\u0161emu robustnemu modelu prenosnika<br data-start=\"995\" data-end=\"998\" \/>\u2714 <strong data-start=\"1000\" data-end=\"1037\">Varna za\u0161\u010dita za serijska vrata<\/strong> \u2013 Za\u0161\u010diti va\u0161a vrata pred prahom, umazanijo in vlago<br data-start=\"1096\" data-end=\"1099\" \/>\u2714 <strong data-start=\"1101\" data-end=\"1119\">Vzdr\u017eljiva zasnova<\/strong> \u2013 Izdelana tako, da prenese te\u017eka okolja<br data-start=\"1177\" data-end=\"1180\" \/>\u2714 <strong data-start=\"1182\" data-end=\"1203\">Enostavna namestitev<\/strong> \u2013 Z lahkoto zamenjajte stara vrata vrat<\/p>\n<p class=\"\" data-start=\"1242\" data-end=\"1265\">\ud83d\udca1 <strong data-start=\"1245\" data-end=\"1263\">Zdru\u017eljivost:<\/strong><\/p>\n<ul data-start=\"1266\" data-end=\"1421\">\n<li class=\"\" data-start=\"1266\" data-end=\"1330\">\n<p class=\"\" data-start=\"1268\" data-end=\"1330\">Posebej zasnovano za <strong data-start=\"1298\" data-end=\"1328\">Dell Latitude Rugged E7214<\/strong><\/p>\n<\/li>\n<li class=\"\" data-start=\"1331\" data-end=\"1421\">\n<p class=\"\" data-start=\"1333\" data-end=\"1421\">Zdru\u017eljivo z drugimi modeli <strong data-start=\"1355\" data-end=\"1371\">Rugged E7214<\/strong>, ki zahtevajo zamenjavo vrat serijskih vrat<\/p>\n<\/li>\n<\/ul>\n<p class=\"\" data-start=\"1423\" data-end=\"1543\">\ud83d\udcf8 <strong data-start=\"1426\" data-end=\"1442\">Prave fotografije:<\/strong> Kar vidite na seznamu, je to\u010dno to, kar boste dobili \u2013 prave slike dela. Ni fotografij iz zalog!<\/p>\n<p class=\"\" data-start=\"1545\" data-end=\"1691\">\u2753 <strong data-start=\"1547\" data-end=\"1561\">Potrebujete pomo\u010d?<\/strong> \u010ceprav ne ponujamo navodil za namestitev, nam <strong data-start=\"1623\" data-end=\"1637\">po\u0161ljite sporo\u010dilo<\/strong> za vsa vpra\u0161anja ali pomo\u010d pri nakupu.<\/p>\n<p class=\"\" data-start=\"1693\" data-end=\"1825\">\ud83d\udce6 <strong data-start=\"1696\" data-end=\"1724\">Hitra dostava po vsem svetu!<\/strong> Hitro pridobite svoja <strong data-start=\"1734\" data-end=\"1776\">vrata serijskih vrat Latitude Rugged E7214<\/strong> in ohranite svojo napravo na vrhu stanje.<\/p>\n","protected":false},"featured_media":50756,"template":"","meta":[],"product_brand":[],"product_cat":[2051],"product_tag":[2052,1818],"class_list":{"0":"post-60316","1":"product","2":"type-product","3":"status-publish","4":"has-post-thumbnail","6":"product_cat-ohisje-prenosnika","7":"product_tag-dell","8":"product_tag-rezervni-deli","10":"first","11":"instock","12":"taxable","13":"shipping-taxable","14":"purchasable","15":"product-type-simple"},"_links":{"self":[{"href":"https:\/\/pracek.si\/racunalniskatrgovina\/wp-json\/wp\/v2\/product\/60316","targetHints":{"allow":["GET"]}}],"collection":[{"href":"https:\/\/pracek.si\/racunalniskatrgovina\/wp-json\/wp\/v2\/product"}],"about":[{"href":"https:\/\/pracek.si\/racunalniskatrgovina\/wp-json\/wp\/v2\/types\/product"}],"version-history":[{"count":0,"href":"https:\/\/pracek.si\/racunalniskatrgovina\/wp-json\/wp\/v2\/product\/60316\/revisions"}],"wp:featuredmedia":[{"embeddable":true,"href":"https:\/\/pracek.si\/racunalniskatrgovina\/wp-json\/wp\/v2\/media\/50756"}],"wp:attachment":[{"href":"https:\/\/pracek.si\/racunalniskatrgovina\/wp-json\/wp\/v2\/media?parent=60316"}],"wp:term":[{"taxonomy":"product_brand","embeddable":true,"href":"https:\/\/pracek.si\/racunalniskatrgovina\/wp-json\/wp\/v2\/product_brand?post=60316"},{"taxonomy":"product_cat","embeddable":true,"href":"https:\/\/pracek.si\/racunalniskatrgovina\/wp-json\/wp\/v2\/product_cat?post=60316"},{"taxonomy":"product_tag","embeddable":true,"href":"https:\/\/pracek.si\/racunalniskatrgovina\/wp-json\/wp\/v2\/product_tag?post=60316"}],"curies":[{"name":"wp","href":"https:\/\/api.w.org\/{rel}","templated":true}]}}