{"id":60331,"date":"2025-07-31T21:33:31","date_gmt":"2025-07-31T20:33:31","guid":{"rendered":"https:\/\/pracek.si\/racunalniskatrgovina\/?post_type=product&#038;p=60331"},"modified":"2026-02-08T16:10:47","modified_gmt":"2026-02-08T15:10:47","slug":"trdi-disk-dell-latitude-7214-rugged-caddy-13nj-1ca0f11-oem-rabljen","status":"publish","type":"product","link":"https:\/\/pracek.si\/racunalniskatrgovina\/izdelek\/trdi-disk-dell-latitude-7214-rugged-caddy-13nj-1ca0f11-oem-rabljen\/","title":{"rendered":"Trdi disk Dell Latitude 7214 Rugged Caddy 13NJ-1CA0F11 OEM rabljen"},"content":{"rendered":"<p>Rabljeni nosilec trdega diska Dell Latitude 7214 Rugged \u2013 \u0161tevilka dela 13NJ-1CA0F11. Del prenosnika OEM Dell, popoln za namestitev HDD ali SSD.<\/p>\n","protected":false},"excerpt":{"rendered":"<p class=\"\" data-start=\"390\" data-end=\"656\">Ta <strong data-start=\"395\" data-end=\"424\">rabljen nosilec trdega diska OEM<\/strong> je zdru\u017eljiv s prenosnikom <strong data-start=\"448\" data-end=\"477\">Dell Latitude 7214 Rugged<\/strong>. \u0160tevilka dela <strong data-start=\"498\" data-end=\"514\">13NJ-1CA0F11<\/strong>. Zasnovan je za varno namestitev va\u0161ega 2,5-pal\u010dnega trdega diska ali SSD-ja in je bistvena komponenta za pravilno namestitev znotraj robustnega ohi\u0161ja.<\/p>\n<p class=\"\" data-start=\"658\" data-end=\"682\">\u2705 <strong data-start=\"660\" data-end=\"680\">Zdru\u017eljivo z:<\/strong><\/p>\n<ul data-start=\"683\" data-end=\"710\">\n<li class=\"\" data-start=\"683\" data-end=\"710\">\n<p class=\"\" data-start=\"685\" data-end=\"710\">Dell Latitude 7214 Rugged<\/p>\n<\/li>\n<\/ul>\n<p class=\"\" data-start=\"712\" data-end=\"732\">\u2705 <strong data-start=\"714\" data-end=\"730\">\u0160tevilka dela:<\/strong><\/p>\n<ul data-start=\"733\" data-end=\"747\">\n<li class=\"\" data-start=\"733\" data-end=\"747\">\n<p class=\"\" data-start=\"735\" data-end=\"747\">13NJ-1CA0F11<\/p>\n<\/li>\n<\/ul>\n<p class=\"\" data-start=\"749\" data-end=\"770\">\u2705 <strong data-start=\"751\" data-end=\"768\">Klju\u010dne lastnosti:<\/strong><\/p>\n<ul data-start=\"771\" data-end=\"955\">\n<li class=\"\" data-start=\"771\" data-end=\"799\">\n<p class=\"\" data-start=\"773\" data-end=\"799\">Originalni del prenosnika Dell<\/p>\n<\/li>\n<li class=\"\" data-start=\"800\" data-end=\"837\">\n<p class=\"\" data-start=\"802\" data-end=\"837\">Podpira standardni 2,5&#8243; HDD ali SSD<\/p>\n<\/li>\n<li class=\"\" data-start=\"838\" data-end=\"885\">\n<p class=\"\" data-start=\"840\" data-end=\"885\">Idealna zamenjava za izgubljen ali po\u0161kodovan caddy<\/p>\n<\/li>\n<li class=\"\" data-start=\"886\" data-end=\"907\">\n<p class=\"\" data-start=\"888\" data-end=\"907\">Enostavna namestitev<\/p>\n<\/li>\n<li class=\"\" data-start=\"908\" data-end=\"955\">\n<p class=\"\" data-start=\"910\" data-end=\"955\">Rabljen in popolnoma delujo\u010d \u2013 temeljito preizku\u0161en<\/p>\n<\/li>\n<\/ul>\n<p class=\"\" data-start=\"957\" data-end=\"1050\">Popoln za popravila ali nadgradnje z uporabo zanesljivih <strong data-start=\"1004\" data-end=\"1025\">delov prenosnikov Dell<\/strong>. Hitro po\u0161iljanje iz Evrope.<\/p>\n","protected":false},"featured_media":50781,"template":"","meta":[],"product_brand":[],"product_cat":[2051],"product_tag":[2052,1818],"class_list":{"0":"post-60331","1":"product","2":"type-product","3":"status-publish","4":"has-post-thumbnail","6":"product_cat-ohisje-prenosnika","7":"product_tag-dell","8":"product_tag-rezervni-deli","10":"first","11":"instock","12":"taxable","13":"shipping-taxable","14":"purchasable","15":"product-type-simple"},"_links":{"self":[{"href":"https:\/\/pracek.si\/racunalniskatrgovina\/wp-json\/wp\/v2\/product\/60331","targetHints":{"allow":["GET"]}}],"collection":[{"href":"https:\/\/pracek.si\/racunalniskatrgovina\/wp-json\/wp\/v2\/product"}],"about":[{"href":"https:\/\/pracek.si\/racunalniskatrgovina\/wp-json\/wp\/v2\/types\/product"}],"version-history":[{"count":0,"href":"https:\/\/pracek.si\/racunalniskatrgovina\/wp-json\/wp\/v2\/product\/60331\/revisions"}],"wp:featuredmedia":[{"embeddable":true,"href":"https:\/\/pracek.si\/racunalniskatrgovina\/wp-json\/wp\/v2\/media\/50781"}],"wp:attachment":[{"href":"https:\/\/pracek.si\/racunalniskatrgovina\/wp-json\/wp\/v2\/media?parent=60331"}],"wp:term":[{"taxonomy":"product_brand","embeddable":true,"href":"https:\/\/pracek.si\/racunalniskatrgovina\/wp-json\/wp\/v2\/product_brand?post=60331"},{"taxonomy":"product_cat","embeddable":true,"href":"https:\/\/pracek.si\/racunalniskatrgovina\/wp-json\/wp\/v2\/product_cat?post=60331"},{"taxonomy":"product_tag","embeddable":true,"href":"https:\/\/pracek.si\/racunalniskatrgovina\/wp-json\/wp\/v2\/product_tag?post=60331"}],"curies":[{"name":"wp","href":"https:\/\/api.w.org\/{rel}","templated":true}]}}