{"id":60439,"date":"2025-07-31T21:41:54","date_gmt":"2025-07-31T20:41:54","guid":{"rendered":"https:\/\/pracek.si\/racunalniskatrgovina\/?post_type=product&#038;p=60439"},"modified":"2025-07-31T21:46:01","modified_gmt":"2025-07-31T20:46:01","slug":"rabljena-plosca-dell-pcmcia-604x3-za-latitude-7204-rugged-ex-testirano","status":"publish","type":"product","link":"https:\/\/pracek.si\/racunalniskatrgovina\/izdelek\/rabljena-plosca-dell-pcmcia-604x3-za-latitude-7204-rugged-ex-testirano\/","title":{"rendered":"Rabljena plo\u0161\u010da Dell PCMCIA 604X3 za Latitude 7204 Rugged Ex \u2013 testirano"},"content":{"rendered":"<p>Rabljena plo\u0161\u010da Dell PCMCIA za Latitude 12 Rugged Extreme 7204. \u0160tevilke delov: 604X3 \/ 0800-0GR2B00. Popolnoma testiran in funkcionalen.<\/p>\n","protected":false},"excerpt":{"rendered":"<p class=\"\" data-start=\"355\" data-end=\"607\">To je <strong data-start=\"365\" data-end=\"410\">rabljena originalna raz\u0161iritvena plo\u0161\u010da Dell PCMCIA<\/strong> za serijo <strong data-start=\"419\" data-end=\"454\">Latitude 12 Rugged Extreme 7204<\/strong>.<br data-start=\"462\" data-end=\"465\" \/>Ta komponenta, zdru\u017eljiva s \u0161tevilkama delov <strong data-start=\"494\" data-end=\"503\">604X3<\/strong> in <strong data-start=\"508\" data-end=\"524\">0800-0GR2B00<\/strong>, omogo\u010da uporabo naprav PCMCIA (PC kartica) v robustnih prenosnikih Dell.<\/p>\n<p class=\"\" data-start=\"609\" data-end=\"631\">\ud83d\udd27 <strong data-start=\"612\" data-end=\"630\">Specifikacije<\/strong>:<\/p>\n<ul data-start=\"632\" data-end=\"836\">\n<li class=\"\" data-start=\"632\" data-end=\"673\">\n<p class=\"\" data-start=\"634\" data-end=\"673\"><strong data-start=\"634\" data-end=\"647\">Komponenta<\/strong>: PCMCIA raz\u0161iritvena plo\u0161\u010da<\/p>\n<\/li>\n<li class=\"\" data-start=\"674\" data-end=\"725\">\n<p class=\"\" data-start=\"676\" data-end=\"725\"><strong data-start=\"676\" data-end=\"685\">Model<\/strong>: Dell Latitude 12 Rugged Extreme 7204<\/p>\n<\/li>\n<li class=\"\" data-start=\"726\" data-end=\"768\">\n<p class=\"\" data-start=\"728\" data-end=\"768\"><strong data-start=\"728\" data-end=\"744\">\u0160tevilke delov<\/strong>: 604X3 \/ 0800-0GR2B00<\/p>\n<\/li>\n<li class=\"\" data-start=\"769\" data-end=\"836\">\n<p class=\"\" data-start=\"771\" data-end=\"836\"><strong data-start=\"771\" data-end=\"784\">Stanje<\/strong>: Rabljeno \u2013 strokovno testirano in popolnoma delujo\u010de<\/p>\n<\/li>\n<\/ul>\n<p class=\"\" data-start=\"838\" data-end=\"945\">\u2705 Komponenta OEM Dell<br data-start=\"858\" data-end=\"861\" \/>\u2705 Podpira stare raz\u0161iritvene kartice<br data-start=\"894\" data-end=\"897\" \/>\u2705 Idealno za servisna popravila ali obnovo<\/p>\n<p class=\"\" data-start=\"947\" data-end=\"1065\">\ud83d\udce6 Hitra dostava iz Slovenije<br data-start=\"977\" data-end=\"980\" \/>\ud83d\udcac Imate vpra\u0161anja o zdru\u017eljivosti? Po\u0161ljite nam servisno oznako ali serijsko \u0161tevilko prenosnika!<\/p>\n","protected":false},"featured_media":50952,"template":"","meta":[],"product_brand":[],"product_cat":[2062],"product_tag":[1818],"class_list":{"0":"post-60439","1":"product","2":"type-product","3":"status-publish","4":"has-post-thumbnail","6":"product_cat-maticne-plosce-in-deli-plosc","7":"product_tag-rezervni-deli","9":"first","10":"instock","11":"taxable","12":"shipping-taxable","13":"purchasable","14":"product-type-simple"},"_links":{"self":[{"href":"https:\/\/pracek.si\/racunalniskatrgovina\/wp-json\/wp\/v2\/product\/60439","targetHints":{"allow":["GET"]}}],"collection":[{"href":"https:\/\/pracek.si\/racunalniskatrgovina\/wp-json\/wp\/v2\/product"}],"about":[{"href":"https:\/\/pracek.si\/racunalniskatrgovina\/wp-json\/wp\/v2\/types\/product"}],"version-history":[{"count":0,"href":"https:\/\/pracek.si\/racunalniskatrgovina\/wp-json\/wp\/v2\/product\/60439\/revisions"}],"wp:featuredmedia":[{"embeddable":true,"href":"https:\/\/pracek.si\/racunalniskatrgovina\/wp-json\/wp\/v2\/media\/50952"}],"wp:attachment":[{"href":"https:\/\/pracek.si\/racunalniskatrgovina\/wp-json\/wp\/v2\/media?parent=60439"}],"wp:term":[{"taxonomy":"product_brand","embeddable":true,"href":"https:\/\/pracek.si\/racunalniskatrgovina\/wp-json\/wp\/v2\/product_brand?post=60439"},{"taxonomy":"product_cat","embeddable":true,"href":"https:\/\/pracek.si\/racunalniskatrgovina\/wp-json\/wp\/v2\/product_cat?post=60439"},{"taxonomy":"product_tag","embeddable":true,"href":"https:\/\/pracek.si\/racunalniskatrgovina\/wp-json\/wp\/v2\/product_tag?post=60439"}],"curies":[{"name":"wp","href":"https:\/\/api.w.org\/{rel}","templated":true}]}}