{"id":60615,"date":"2025-07-31T21:56:50","date_gmt":"2025-07-31T20:56:50","guid":{"rendered":"https:\/\/pracek.si\/racunalniskatrgovina\/?post_type=product&#038;p=60615"},"modified":"2026-02-23T12:23:34","modified_gmt":"2026-02-23T11:23:34","slug":"tablicna-plosca-s-kablom-za-dell-latitude-7202-rugged-008c4k-08c4k-0800-0wc3e00","status":"publish","type":"product","link":"https:\/\/pracek.si\/racunalniskatrgovina\/izdelek\/tablicna-plosca-s-kablom-za-dell-latitude-7202-rugged-008c4k-08c4k-0800-0wc3e00\/","title":{"rendered":"Tabli\u010dna plo\u0161\u010da s kablom za Dell Latitude 7202 Rugged \u2013 008C4K 08C4K 0800-0WC3E00"},"content":{"rendered":"<p>Originalna <strong data-start=\"251\" data-end=\"278\">tabli\u010dna plo\u0161\u010da s kablom<\/strong> za <strong data-start=\"283\" data-end=\"312\">Dell Latitude 7202 Rugged<\/strong>. Zdru\u017eljivo s \u0161tevilkami delov <strong data-start=\"343\" data-end=\"374\">008C4K, 08C4K, 0800-0WC3E00<\/strong>. Resni\u010dne fotografije \u2013 kar vidite, to dobite. Za morebitna vpra\u0161anja o zdru\u017eljivosti nam po\u0161ljite sporo\u010dilo.<\/p>\n","protected":false},"excerpt":{"rendered":"<p class=\"\" data-start=\"514\" data-end=\"740\">Nadgradite ali popravite svoj <strong data-start=\"537\" data-end=\"573\">robusti tabli\u010dni ra\u010dunalnik Dell Latitude 7202<\/strong> s to <strong data-start=\"584\" data-end=\"619\">pristno plo\u0161\u010do za tabli\u010dni ra\u010dunalnik s kablom<\/strong>. Ta visokokakovosten nadomestni del je popoln za ohranjanje vzdr\u017eljivosti in funkcionalnosti va\u0161e robustne naprave.<\/p>\n<p class=\"\" data-start=\"742\" data-end=\"1082\">\u2705 <strong data-start=\"744\" data-end=\"766\">Zdru\u017eljivi modeli:<\/strong> Dell Latitude 7202 Rugged<br data-start=\"792\" data-end=\"795\" \/>\u2705 <strong data-start=\"797\" data-end=\"814\">Part \u0160tevilke:<\/strong> 008C4K, 08C4K, 0800-0WC3E00<br data-start=\"842\" data-end=\"845\" \/>\u2705 <strong data-start=\"847\" data-end=\"861\">Stanje:<\/strong> Originalno, testirano in v odli\u010dnem delovnem stanju<br data-start=\"909\" data-end=\"912\" \/>\u2705 <strong data-start=\"914\" data-end=\"930\">Prave fotografije:<\/strong> Slike na seznamu so dejanske fotografije dela, ki ga boste prejeli<br data-start=\"1001\" data-end=\"1004\" \/>\u2705 <strong data-start=\"1006\" data-end=\"1029\">Dostava po vsem svetu:<\/strong> Na voljo strankam po Evropi in globalno<\/p>\n<p class=\"\" data-start=\"1084\" data-end=\"1224\">\ud83d\udd39 <strong data-start=\"1087\" data-end=\"1101\">Potrebujete pomo\u010d?<\/strong> Ne nudimo navodil za namestitev, \u010de pa imate kakr\u0161na koli vpra\u0161anja o zdru\u017eljivosti, nam pi\u0161ite.<\/p>\n<p class=\"\" data-start=\"1226\" data-end=\"1334\">Izbolj\u0161ajte zmogljivost svojega prenosnika z <strong data-start=\"1267\" data-end=\"1304\">zanesljivim in izvirnim delom prenosnika<\/strong> iz Siggmo.com. Naro\u010di zdaj!<\/p>\n","protected":false},"featured_media":51248,"template":"","meta":[],"product_brand":[],"product_cat":[2062],"product_tag":[1818],"class_list":{"0":"post-60615","1":"product","2":"type-product","3":"status-publish","4":"has-post-thumbnail","6":"product_cat-maticne-plosce-in-deli-plosc","7":"product_tag-rezervni-deli","9":"first","10":"outofstock","11":"taxable","12":"shipping-taxable","13":"purchasable","14":"product-type-simple"},"_links":{"self":[{"href":"https:\/\/pracek.si\/racunalniskatrgovina\/wp-json\/wp\/v2\/product\/60615","targetHints":{"allow":["GET"]}}],"collection":[{"href":"https:\/\/pracek.si\/racunalniskatrgovina\/wp-json\/wp\/v2\/product"}],"about":[{"href":"https:\/\/pracek.si\/racunalniskatrgovina\/wp-json\/wp\/v2\/types\/product"}],"version-history":[{"count":0,"href":"https:\/\/pracek.si\/racunalniskatrgovina\/wp-json\/wp\/v2\/product\/60615\/revisions"}],"wp:featuredmedia":[{"embeddable":true,"href":"https:\/\/pracek.si\/racunalniskatrgovina\/wp-json\/wp\/v2\/media\/51248"}],"wp:attachment":[{"href":"https:\/\/pracek.si\/racunalniskatrgovina\/wp-json\/wp\/v2\/media?parent=60615"}],"wp:term":[{"taxonomy":"product_brand","embeddable":true,"href":"https:\/\/pracek.si\/racunalniskatrgovina\/wp-json\/wp\/v2\/product_brand?post=60615"},{"taxonomy":"product_cat","embeddable":true,"href":"https:\/\/pracek.si\/racunalniskatrgovina\/wp-json\/wp\/v2\/product_cat?post=60615"},{"taxonomy":"product_tag","embeddable":true,"href":"https:\/\/pracek.si\/racunalniskatrgovina\/wp-json\/wp\/v2\/product_tag?post=60615"}],"curies":[{"name":"wp","href":"https:\/\/api.w.org\/{rel}","templated":true}]}}