{"id":60643,"date":"2025-07-31T21:58:49","date_gmt":"2025-07-31T20:58:49","guid":{"rendered":"https:\/\/pracek.si\/racunalniskatrgovina\/?post_type=product&#038;p=60643"},"modified":"2025-07-31T22:03:32","modified_gmt":"2025-07-31T21:03:32","slug":"dell-latitude-7202-oem-priklopna-plosca-s-kablom-0800-0wc3e00","status":"publish","type":"product","link":"https:\/\/pracek.si\/racunalniskatrgovina\/izdelek\/dell-latitude-7202-oem-priklopna-plosca-s-kablom-0800-0wc3e00\/","title":{"rendered":"Dell LATITUDE 7202 OEM priklopna plo\u0161\u010da s kablom 0800-0WC3E00"},"content":{"rendered":"<p>Nadgradite ali zamenjajte priklopno plo\u0161\u010do v va\u0161em Dell Latitude 7202 s tem delom OEM. Ta priklopna plo\u0161\u010da 0800-0WC3E00 je opremljena s potrebnim kablom, ki zagotavlja zdru\u017eljivost in zanesljivo delovanje. Popoln za zagotavljanje gladke povezljivosti in raz\u0161iritev zmogljivosti va\u0161ega prenosnika. Prilo\u017eene prave fotografije izdelka!<\/p>\n","protected":false},"excerpt":{"rendered":"<p class=\"\" data-start=\"659\" data-end=\"1047\">Zagotovite brezhibno povezljivost in raz\u0161irite funkcionalnost va\u0161ega Dell Latitude 7202 z <strong data-start=\"753\" data-end=\"787\">priklju\u010dno plo\u0161\u010do OEM 0800-0WC3E00<\/strong>. Ta visokokakovosten del je zasnovan posebej za serijo Latitude 7202 in omogo\u010da enostavno namestitev s prilo\u017eenim kablom. Ne glede na to, ali nadgrajujete ali zamenjujete po\u0161kodovano priklopno plo\u0161\u010do, ta originalni del OEM zagotavlja optimalno delovanje in vzdr\u017eljivost.<\/p>\n<ul data-start=\"1049\" data-end=\"1309\">\n<li class=\"\" data-start=\"1049\" data-end=\"1091\">\n<p class=\"\" data-start=\"1051\" data-end=\"1091\"><strong data-start=\"1051\" data-end=\"1071\">Zdru\u017eljiv model<\/strong>: Dell Latitude 7202<\/p>\n<\/li>\n<li class=\"\" data-start=\"1092\" data-end=\"1123\">\n<p class=\"\" data-start=\"1094\" data-end=\"1123\"><strong data-start=\"1094\" data-end=\"1109\">\u0160tevilka dela<\/strong>: 0800-0WC3E00<\/p>\n<\/li>\n<li class=\"\" data-start=\"1124\" data-end=\"1174\">\n<p class=\"\" data-start=\"1126\" data-end=\"1174\"><strong data-start=\"1126\" data-end=\"1139\">Stanje<\/strong>: OEM, popolnoma delujo\u010d in preizku\u0161en<\/p>\n<\/li>\n<li class=\"\" data-start=\"1175\" data-end=\"1234\">\n<p class=\"\" data-start=\"1177\" data-end=\"1234\"><strong data-start=\"1177\" data-end=\"1189\">Vklju\u010deno<\/strong>: priklopna plo\u0161\u010da + kabel za enostavno namestitev<\/p>\n<\/li>\n<li class=\"\" data-start=\"1235\" data-end=\"1309\">\n<p class=\"\" data-start=\"1237\" data-end=\"1309\"><strong data-start=\"1237\" data-end=\"1258\">Zagotavljanje kakovosti<\/strong>: Resni\u010dne fotografije dejanskega izdelka, ki ga boste prejeli!<\/p>\n<\/li>\n<\/ul>\n<p class=\"\" data-start=\"1311\" data-end=\"1659\">Ta zdru\u017eitvena plo\u0161\u010da je obvezna oprema za izbolj\u0161anje zmogljivosti priklopa va\u0161ega prenosnika. Ne glede na to, ali ga uporabljate v slu\u017ebi ali doma, omogo\u010da u\u010dinkovito povezavo z zunanjimi monitorji, tipkovnicami in drugimi napravami. Prilo\u017eeni kabel zagotavlja hitro in enostavno povezavo, zaradi \u010desar je ta del odli\u010dna re\u0161itev za potrebe po popravilu ali nadgradnji va\u0161ega prenosnika.<\/p>\n<p class=\"\" data-start=\"1661\" data-end=\"1845\">Upo\u0161tevajte, da ne nudimo navodil za namestitev. \u010ce potrebujete pomo\u010d pri namestitvi, se obrnite na nas. Na\u0161a ekipa vam z veseljem pomaga pri kakr\u0161nih koli vpra\u0161anjih.<\/p>\n","protected":false},"featured_media":51299,"template":"","meta":[],"product_brand":[],"product_cat":[2062],"product_tag":[1818],"class_list":{"0":"post-60643","1":"product","2":"type-product","3":"status-publish","4":"has-post-thumbnail","6":"product_cat-maticne-plosce-in-deli-plosc","7":"product_tag-rezervni-deli","9":"first","10":"instock","11":"taxable","12":"shipping-taxable","13":"purchasable","14":"product-type-simple"},"_links":{"self":[{"href":"https:\/\/pracek.si\/racunalniskatrgovina\/wp-json\/wp\/v2\/product\/60643","targetHints":{"allow":["GET"]}}],"collection":[{"href":"https:\/\/pracek.si\/racunalniskatrgovina\/wp-json\/wp\/v2\/product"}],"about":[{"href":"https:\/\/pracek.si\/racunalniskatrgovina\/wp-json\/wp\/v2\/types\/product"}],"version-history":[{"count":0,"href":"https:\/\/pracek.si\/racunalniskatrgovina\/wp-json\/wp\/v2\/product\/60643\/revisions"}],"wp:featuredmedia":[{"embeddable":true,"href":"https:\/\/pracek.si\/racunalniskatrgovina\/wp-json\/wp\/v2\/media\/51299"}],"wp:attachment":[{"href":"https:\/\/pracek.si\/racunalniskatrgovina\/wp-json\/wp\/v2\/media?parent=60643"}],"wp:term":[{"taxonomy":"product_brand","embeddable":true,"href":"https:\/\/pracek.si\/racunalniskatrgovina\/wp-json\/wp\/v2\/product_brand?post=60643"},{"taxonomy":"product_cat","embeddable":true,"href":"https:\/\/pracek.si\/racunalniskatrgovina\/wp-json\/wp\/v2\/product_cat?post=60643"},{"taxonomy":"product_tag","embeddable":true,"href":"https:\/\/pracek.si\/racunalniskatrgovina\/wp-json\/wp\/v2\/product_tag?post=60643"}],"curies":[{"name":"wp","href":"https:\/\/api.w.org\/{rel}","templated":true}]}}