{"id":60698,"date":"2025-07-31T22:04:25","date_gmt":"2025-07-31T21:04:25","guid":{"rendered":"https:\/\/pracek.si\/racunalniskatrgovina\/?post_type=product&#038;p=60698"},"modified":"2026-02-19T17:05:15","modified_gmt":"2026-02-19T16:05:15","slug":"4gb-2rx8-pc3l-12800s-ram-prenosnika-ddr3l-1600mhz-sodimm","status":"publish","type":"product","link":"https:\/\/pracek.si\/racunalniskatrgovina\/izdelek\/4gb-2rx8-pc3l-12800s-ram-prenosnika-ddr3l-1600mhz-sodimm\/","title":{"rendered":"4GB 2Rx8 PC3L-12800S RAM prenosnika \u2013 DDR3L 1600MHz SODIMM"},"content":{"rendered":"<p class=\"\" data-start=\"226\" data-end=\"413\">Nadgradite zmogljivost svojega prenosnika s tem <strong data-start=\"270\" data-end=\"319\">4 GB 2Rx8 PC3L-12800S DDR3L 1600MHz SODIMM RAM<\/strong>. Popolnoma testiran in v odli\u010dnem delovnem stanju. Resni\u010dne fotografije \u2013 kar vidite, to dobite!<\/p>\n","protected":false},"excerpt":{"rendered":"<p class=\"\" data-start=\"467\" data-end=\"760\">Pove\u010dajte hitrost in u\u010dinkovitost svojega prenosnika s tem <strong data-start=\"518\" data-end=\"574\">4 GB 2Rx8 PC3L-12800S DDR3L 1600MHz SODIMM modulom RAM<\/strong>. Ne glede na to, ali nadgrajujete starej\u0161i sistem ali zamenjujete pokvarjen pomnilnik, ta klju\u010dek RAM zagotavlja <strong data-start=\"668\" data-end=\"757\">nemoteno ve\u010dopravilnost, izbolj\u0161ano delovanje aplikacij in energetsko u\u010dinkovito delovanje<\/strong>.<\/p>\n<h4 class=\"\" data-start=\"762\" data-end=\"796\"><strong data-start=\"767\" data-end=\"794\">Specifikacije izdelka:<\/strong><\/h4>\n<ul data-start=\"797\" data-end=\"1065\">\n<li class=\"\" data-start=\"797\" data-end=\"818\">\n<p class=\"\" data-start=\"799\" data-end=\"818\"><strong data-start=\"799\" data-end=\"812\">Kapaciteta:<\/strong> 4 GB<\/p>\n<\/li>\n<li class=\"\" data-start=\"819\" data-end=\"852\">\n<p class=\"\" data-start=\"821\" data-end=\"852\"><strong data-start=\"821\" data-end=\"830\">Vrsta:<\/strong> DDR3L (nizka napetost)<\/p>\n<\/li>\n<li class=\"\" data-start=\"853\" data-end=\"889\">\n<p class=\"\" data-start=\"855\" data-end=\"889\"><strong data-start=\"855\" data-end=\"865\">Hitrost:<\/strong> 1600MHz (PC3L-12800S)<\/p>\n<\/li>\n<li class=\"\" data-start=\"890\" data-end=\"908\">\n<p class=\"\" data-start=\"892\" data-end=\"908\"><strong data-start=\"892\" data-end=\"901\">Uvrstitev:<\/strong> 2Rx8<\/p>\n<\/li>\n<li class=\"\" data-start=\"909\" data-end=\"946\">\n<p class=\"\" data-start=\"911\" data-end=\"946\"><strong data-start=\"911\" data-end=\"927\">Faktor oblike:<\/strong> SODIMM (204-pin)<\/p>\n<\/li>\n<li class=\"\" data-start=\"947\" data-end=\"991\">\n<p class=\"\" data-start=\"949\" data-end=\"991\"><strong data-start=\"949\" data-end=\"961\">Napetost:<\/strong> 1,35 V \/ 1,5 V (dvojna napetost)<\/p>\n<\/li>\n<li class=\"\" data-start=\"992\" data-end=\"1065\">\n<p class=\"\" data-start=\"994\" data-end=\"1065\"><strong data-start=\"994\" data-end=\"1008\">Stanje:<\/strong> Rabljeno, v celoti preizku\u0161eno in v odli\u010dnem delovnem stanju<\/p>\n<\/li>\n<\/ul>\n<h4 class=\"\" data-start=\"1067\" data-end=\"1098\"><strong data-start=\"1072\" data-end=\"1096\">Zakaj izbrati ta RAM?<\/strong><\/h4>\n<p class=\"\" data-start=\"1099\" data-end=\"1510\">\u2714 <strong data-start=\"1101\" data-end=\"1125\">Zanesljivo delovanje<\/strong> \u2013 Idealno za vsakodnevno delo z ra\u010dunalnikom, poslovna opravila in la\u017eje igranje iger<br data-start=\"1190\" data-end=\"1193\" \/>\u2714 <strong data-start=\"1195\" data-end=\"1215\">Energijsko u\u010dinkovit<\/strong> \u2013 Nizkonapetostna (1,35 V) zasnova zmanj\u0161a porabo energije<br data-start=\"1270\" data-end=\"1273\" \/>\u2714 <strong data-start=\"1275\" data-end=\"1291\">Enostavna nadgradnja<\/strong> \u2013 Zdru\u017eljivo s \u0161tevilnimi modeli prenosnikov, ki podpirajo DDR3L 1600MHz<br data-start=\"1355\" data-end=\"1358\" \/>\u2714 <strong data-start=\"1360\" data-end=\"1381\">Preizku\u0161eno &#038; Preverjeno<\/strong> \u2013 Vsak modul je v celoti preizku\u0161en, da se zagotovi funkcionalnost<br data-start=\"1435\" data-end=\"1438\" \/>\u2714 <strong data-start=\"1440\" data-end=\"1455\">Prave fotografije<\/strong> \u2013 Prejeli boste to\u010dno tak element, kot je prikazan na seznamu<\/p>\n<p class=\"\" data-start=\"1512\" data-end=\"1594\"><strong data-start=\"1512\" data-end=\"1529\">\ud83d\udce9 Potrebujete pomo\u010d?<\/strong> \u010ce niste prepri\u010dani glede zdru\u017eljivosti, nam po\u0161ljite sporo\u010dilo!<\/p>\n","protected":false},"featured_media":51388,"template":"","meta":[],"product_brand":[],"product_cat":[2072,2071],"product_tag":[1818],"class_list":{"0":"post-60698","1":"product","2":"type-product","3":"status-publish","4":"has-post-thumbnail","6":"product_cat-ddr3-ddr3l","7":"product_cat-ram-pomnilnik","8":"product_tag-rezervni-deli","10":"first","11":"instock","12":"taxable","13":"shipping-taxable","14":"purchasable","15":"product-type-simple"},"_links":{"self":[{"href":"https:\/\/pracek.si\/racunalniskatrgovina\/wp-json\/wp\/v2\/product\/60698","targetHints":{"allow":["GET"]}}],"collection":[{"href":"https:\/\/pracek.si\/racunalniskatrgovina\/wp-json\/wp\/v2\/product"}],"about":[{"href":"https:\/\/pracek.si\/racunalniskatrgovina\/wp-json\/wp\/v2\/types\/product"}],"version-history":[{"count":2,"href":"https:\/\/pracek.si\/racunalniskatrgovina\/wp-json\/wp\/v2\/product\/60698\/revisions"}],"predecessor-version":[{"id":98040,"href":"https:\/\/pracek.si\/racunalniskatrgovina\/wp-json\/wp\/v2\/product\/60698\/revisions\/98040"}],"wp:featuredmedia":[{"embeddable":true,"href":"https:\/\/pracek.si\/racunalniskatrgovina\/wp-json\/wp\/v2\/media\/51388"}],"wp:attachment":[{"href":"https:\/\/pracek.si\/racunalniskatrgovina\/wp-json\/wp\/v2\/media?parent=60698"}],"wp:term":[{"taxonomy":"product_brand","embeddable":true,"href":"https:\/\/pracek.si\/racunalniskatrgovina\/wp-json\/wp\/v2\/product_brand?post=60698"},{"taxonomy":"product_cat","embeddable":true,"href":"https:\/\/pracek.si\/racunalniskatrgovina\/wp-json\/wp\/v2\/product_cat?post=60698"},{"taxonomy":"product_tag","embeddable":true,"href":"https:\/\/pracek.si\/racunalniskatrgovina\/wp-json\/wp\/v2\/product_tag?post=60698"}],"curies":[{"name":"wp","href":"https:\/\/api.w.org\/{rel}","templated":true}]}}