{"id":60711,"date":"2025-07-31T22:05:29","date_gmt":"2025-07-31T21:05:29","guid":{"rendered":"https:\/\/pracek.si\/racunalniskatrgovina\/?post_type=product&#038;p=60711"},"modified":"2026-02-09T10:55:26","modified_gmt":"2026-02-09T09:55:26","slug":"brezzicna-kartica-hp-chromebook-14b-ca0015cl-series-9560ngw-dp-n-l41693-001-nadomestni-del-za-prenosnik","status":"publish","type":"product","link":"https:\/\/pracek.si\/racunalniskatrgovina\/izdelek\/brezzicna-kartica-hp-chromebook-14b-ca0015cl-series-9560ngw-dp-n-l41693-001-nadomestni-del-za-prenosnik\/","title":{"rendered":"Brez\u017ei\u010dna kartica HP Chromebook 14b-ca0015cl Series 9560NGW DP\/N L41693-001 &#8211; nadomestni del za prenosnik"},"content":{"rendered":"<p>Ta originalna <strong data-start=\"314\" data-end=\"339\">brez\u017ei\u010dna kartica 9560NGW<\/strong> (DP\/N L41693-001) je neposreden nadomestni del za va\u0161 <strong data-start=\"396\" data-end=\"430\">Chromebook serije 14b-ca0015cl<\/strong>. Zagotavlja zanesljivo in hitro brez\u017ei\u010dno povezljivost va\u0161ega prenosnika s podporo za Wi-Fi 6 (802.11ax) za izbolj\u0161ano hitrost in zmogljivost. Kot nala\u0161\u010d za nadgradnjo ali zamenjavo va\u0161e stare brez\u017ei\u010dne kartice, ta del vsebuje prave fotografije predmeta, ki ga boste prejeli.<\/p>\n","protected":false},"excerpt":{"rendered":"<p class=\"\" data-start=\"732\" data-end=\"1064\">Nadgradite ali zamenjajte svojo brez\u017ei\u010dno kartico s to brez\u017ei\u010dno kartico HP <strong data-start=\"780\" data-end=\"852\">Chromebook 14b-ca0015cl Series 9560NGW DP\/N L41693-001<\/strong>, zasnovano za hitro in zanesljivo povezljivost z va\u0161o napravo. Ne glede na to, ali odpravljate te\u017eave ali nadgrajujete, je ta originalni nadomestni del zasnovan tako, da se popolnoma prilega <strong data-start=\"1019\" data-end=\"1053\">Chromebook 14b-ca0015cl Series<\/strong>.<\/p>\n<p class=\"\" data-start=\"1066\" data-end=\"1343\">Brez\u017ei\u010dna kartica <strong data-start=\"1070\" data-end=\"1081\">9560NGW<\/strong> podpira Wi-Fi 6 (802.11ax), kar zagotavlja hitrej\u0161e in stabilnej\u0161e brez\u017ei\u010dne povezave, ki so bistvenega pomena za dana\u0161nja zahtevna spletna opravila. Ima Bluetooth 5.0 za bolj\u0161o zdru\u017eljivost z napravami, kar je idealno za pretakanje, igranje iger ali splo\u0161no brskanje.<\/p>\n<p class=\"\" data-start=\"1345\" data-end=\"1604\">To kartico je enostavno namestiti in ima prilo\u017eene prave fotografije natanko tistega dela, ki ga boste prejeli. \u010ceprav ne nudimo navodil za namestitev, vam vedno z veseljem pomagamo pri morebitnih vpra\u0161anjih. Za dodatno podporo nam pi\u0161ite!<\/p>\n<p class=\"\" data-start=\"1606\" data-end=\"1623\"><strong data-start=\"1606\" data-end=\"1623\">Klju\u010dne lastnosti:<\/strong><\/p>\n<ul data-start=\"1624\" data-end=\"1989\">\n<li class=\"\" data-start=\"1624\" data-end=\"1644\">\n<p class=\"\" data-start=\"1626\" data-end=\"1644\"><strong data-start=\"1626\" data-end=\"1636\">Model:<\/strong> 9560NGW<\/p>\n<\/li>\n<li class=\"\" data-start=\"1645\" data-end=\"1698\">\n<p class=\"\" data-start=\"1647\" data-end=\"1698\"><strong data-start=\"1647\" data-end=\"1667\">Zdru\u017eljivo z:<\/strong> Chromebook 14b-ca0015cl Series<\/p>\n<\/li>\n<li class=\"\" data-start=\"1699\" data-end=\"1776\">\n<p class=\"\" data-start=\"1701\" data-end=\"1776\"><strong data-start=\"1701\" data-end=\"1720\">Standard Wi-Fi:<\/strong> Wi-Fi 6 (802.11ax) za ve\u010dje hitrosti in ve\u010dji doseg<\/p>\n<\/li>\n<li class=\"\" data-start=\"1777\" data-end=\"1846\">\n<p class=\"\" data-start=\"1779\" data-end=\"1846\"><strong data-start=\"1779\" data-end=\"1801\">Bluetooth razli\u010dica:<\/strong> 5.0 za brezhibne brez\u017ei\u010dne povezave naprav<\/p>\n<\/li>\n<li class=\"\" data-start=\"1847\" data-end=\"1883\">\n<p class=\"\" data-start=\"1849\" data-end=\"1883\"><strong data-start=\"1849\" data-end=\"1872\">\u0160tevilka dela (DP\/N):<\/strong> L41693-001<\/p>\n<\/li>\n<li class=\"\" data-start=\"1884\" data-end=\"1927\">\n<p class=\"\" data-start=\"1886\" data-end=\"1927\"><strong data-start=\"1886\" data-end=\"1900\">Stanje:<\/strong> Povsem nov in originalen del<\/p>\n<\/li>\n<li class=\"\" data-start=\"1928\" data-end=\"1989\">\n<p class=\"\" data-start=\"1930\" data-end=\"1989\"><strong data-start=\"1930\" data-end=\"1941\">Fotografije:<\/strong> Realne slike dejanskega predmeta, ki ga boste prejeli<\/p>\n<\/li>\n<\/ul>\n<p class=\"\" data-start=\"1991\" data-end=\"2127\">Ta nadomestna brez\u017ei\u010dna kartica zagotavlja, da va\u0161 prenosnik ohranja optimalno brez\u017ei\u010dno delovanje in omogo\u010da internetno izku\u0161njo brez te\u017eav.<\/p>\n<p class=\"\" data-start=\"2129\" data-end=\"2303\"><strong data-start=\"2129\" data-end=\"2148\">Pomembna opomba:<\/strong> Pred nakupom zagotovite zdru\u017eljivost z va\u0161im specifi\u010dnim modelom prenosnika. \u010ce imate kakr\u0161ne koli dvome, se za ve\u010d podrobnosti obrnite na nas!<\/p>\n","protected":false},"featured_media":51408,"template":"","meta":[],"product_brand":[],"product_cat":[2062],"product_tag":[2060,1818],"class_list":{"0":"post-60711","1":"product","2":"type-product","3":"status-publish","4":"has-post-thumbnail","6":"product_cat-maticne-plosce-in-deli-plosc","7":"product_tag-hp","8":"product_tag-rezervni-deli","10":"first","11":"instock","12":"taxable","13":"shipping-taxable","14":"purchasable","15":"product-type-simple"},"_links":{"self":[{"href":"https:\/\/pracek.si\/racunalniskatrgovina\/wp-json\/wp\/v2\/product\/60711","targetHints":{"allow":["GET"]}}],"collection":[{"href":"https:\/\/pracek.si\/racunalniskatrgovina\/wp-json\/wp\/v2\/product"}],"about":[{"href":"https:\/\/pracek.si\/racunalniskatrgovina\/wp-json\/wp\/v2\/types\/product"}],"version-history":[{"count":0,"href":"https:\/\/pracek.si\/racunalniskatrgovina\/wp-json\/wp\/v2\/product\/60711\/revisions"}],"wp:featuredmedia":[{"embeddable":true,"href":"https:\/\/pracek.si\/racunalniskatrgovina\/wp-json\/wp\/v2\/media\/51408"}],"wp:attachment":[{"href":"https:\/\/pracek.si\/racunalniskatrgovina\/wp-json\/wp\/v2\/media?parent=60711"}],"wp:term":[{"taxonomy":"product_brand","embeddable":true,"href":"https:\/\/pracek.si\/racunalniskatrgovina\/wp-json\/wp\/v2\/product_brand?post=60711"},{"taxonomy":"product_cat","embeddable":true,"href":"https:\/\/pracek.si\/racunalniskatrgovina\/wp-json\/wp\/v2\/product_cat?post=60711"},{"taxonomy":"product_tag","embeddable":true,"href":"https:\/\/pracek.si\/racunalniskatrgovina\/wp-json\/wp\/v2\/product_tag?post=60711"}],"curies":[{"name":"wp","href":"https:\/\/api.w.org\/{rel}","templated":true}]}}