{"id":60728,"date":"2025-07-31T22:06:40","date_gmt":"2025-07-31T21:06:40","guid":{"rendered":"https:\/\/pracek.si\/racunalniskatrgovina\/?post_type=product&#038;p=60728"},"modified":"2025-07-31T22:11:12","modified_gmt":"2025-07-31T21:11:12","slug":"oem-dell-latitude-14-5420-robusten-pokrov-zadnjega-pokrova-lcd-chc03-71cj1-originalni-del-prenosnika","status":"publish","type":"product","link":"https:\/\/pracek.si\/racunalniskatrgovina\/izdelek\/oem-dell-latitude-14-5420-robusten-pokrov-zadnjega-pokrova-lcd-chc03-71cj1-originalni-del-prenosnika\/","title":{"rendered":"OEM Dell Latitude 14 5420 Robusten pokrov zadnjega pokrova LCD CHC03 71CJ1 &#8211; Originalni del prenosnika"},"content":{"rendered":"<p>Originalni pokrov zadnjega pokrova LCD-ja Dell Latitude 14 5420 Rugged (CHC03, 71CJ1). Popoln za zamenjavo po\u0161kodovanega ali obrabljenega zadnjega pokrova, kar zagotavlja varno prileganje in vzdr\u017eljivost. Vklju\u010dene so prave fotografije izdelkov.<\/p>\n","protected":false},"excerpt":{"rendered":"<p class=\"\" data-start=\"557\" data-end=\"815\">Nadgradite svoj <strong data-start=\"570\" data-end=\"609\">Robusti prenosni ra\u010dunalnik Dell Latitude 14 5420<\/strong> s tem <strong data-start=\"620\" data-end=\"661\">pokrov\u010dkom zadnjega pokrova LCD OEM (CHC03, 71CJ1)<\/strong>. Ta originalni <strong data-start=\"714\" data-end=\"729\">del prenosnika<\/strong>, zasnovan posebej za ta model, zagotavlja vzdr\u017eljivost in popolno prileganje ter ohranja robustno zasnovo va\u0161e naprave.<\/p>\n<h3 class=\"\" data-start=\"817\" data-end=\"840\"><strong data-start=\"821\" data-end=\"838\">Klju\u010dne lastnosti:<\/strong><\/h3>\n<p class=\"\" data-start=\"841\" data-end=\"1256\">\u2714 <strong data-start=\"843\" data-end=\"868\">Originalni del Dell OEM<\/strong> \u2013 Model: <strong data-start=\"878\" data-end=\"894\">CHC03, 71CJ1<\/strong><br data-start=\"894\" data-end=\"897\" \/>\u2714 <strong data-start=\"899\" data-end=\"947\">Zdru\u017eljivo z Dell Latitude 14 5420 Rugged<\/strong><br data-start=\"947\" data-end=\"950\" \/>\u2714 <strong data-start=\"952\" data-end=\"980\">Visokokakovostna zamenjava<\/strong> \u2013 Idealna za po\u0161kodovane ali obrabljene ovitki<br data-start=\"1019\" data-end=\"1022\" \/>\u2714 <strong data-start=\"1024\" data-end=\"1041\">Rugasta zasnova<\/strong> \u2013 Ohranja prvotne za\u0161\u010ditne lastnosti va\u0161ega prenosnika<br data-start=\"1101\" data-end=\"1104\" \/>\u2714 <strong data-start=\"1106\" data-end=\"1127\">Enostavna namestitev<\/strong> \u2013 Popolnoma se prilega brez sprememb<br data-start=\"1166\" data-end=\"1169\" \/>\u2714 <strong data-start=\"1171\" data-end=\"1186\">Prave fotografije<\/strong> \u2013 Slike v tem seznamu prikazujejo dejanski izdelek, ki ga boste prejeli<\/p>\n<p class=\"\" data-start=\"1258\" data-end=\"1485\">Ta <strong data-start=\"1263\" data-end=\"1303\">zadnji pokrov LCD-prenosnika Dell Latitude 14 5420<\/strong> je nepogre\u0161ljiv nadomestek za uporabnike, ki \u017eelijo obnoviti vzdr\u017eljivost in videz svojega prenosnika. Navodila niso vklju\u010dena, \u010de pa potrebujete pomo\u010d, nam <strong data-start=\"1468\" data-end=\"1482\">po\u0161ljite sporo\u010dilo<\/strong>.<\/p>\n<p class=\"\" data-start=\"1487\" data-end=\"1570\">\ud83d\udce6 <strong data-start=\"1490\" data-end=\"1523\">Na voljo je dostava po vsem svetu!<\/strong> Naro\u010dite zdaj in dajte svojemu prenosniku sve\u017e videz.<\/p>\n","protected":false},"featured_media":51438,"template":"","meta":[],"product_brand":[],"product_cat":[2051],"product_tag":[2052,1818],"class_list":{"0":"post-60728","1":"product","2":"type-product","3":"status-publish","4":"has-post-thumbnail","6":"product_cat-ohisje-prenosnika","7":"product_tag-dell","8":"product_tag-rezervni-deli","10":"first","11":"instock","12":"taxable","13":"shipping-taxable","14":"purchasable","15":"product-type-simple"},"_links":{"self":[{"href":"https:\/\/pracek.si\/racunalniskatrgovina\/wp-json\/wp\/v2\/product\/60728","targetHints":{"allow":["GET"]}}],"collection":[{"href":"https:\/\/pracek.si\/racunalniskatrgovina\/wp-json\/wp\/v2\/product"}],"about":[{"href":"https:\/\/pracek.si\/racunalniskatrgovina\/wp-json\/wp\/v2\/types\/product"}],"version-history":[{"count":0,"href":"https:\/\/pracek.si\/racunalniskatrgovina\/wp-json\/wp\/v2\/product\/60728\/revisions"}],"wp:featuredmedia":[{"embeddable":true,"href":"https:\/\/pracek.si\/racunalniskatrgovina\/wp-json\/wp\/v2\/media\/51438"}],"wp:attachment":[{"href":"https:\/\/pracek.si\/racunalniskatrgovina\/wp-json\/wp\/v2\/media?parent=60728"}],"wp:term":[{"taxonomy":"product_brand","embeddable":true,"href":"https:\/\/pracek.si\/racunalniskatrgovina\/wp-json\/wp\/v2\/product_brand?post=60728"},{"taxonomy":"product_cat","embeddable":true,"href":"https:\/\/pracek.si\/racunalniskatrgovina\/wp-json\/wp\/v2\/product_cat?post=60728"},{"taxonomy":"product_tag","embeddable":true,"href":"https:\/\/pracek.si\/racunalniskatrgovina\/wp-json\/wp\/v2\/product_tag?post=60728"}],"curies":[{"name":"wp","href":"https:\/\/api.w.org\/{rel}","templated":true}]}}