{"id":60739,"date":"2025-07-31T22:07:49","date_gmt":"2025-07-31T21:07:49","guid":{"rendered":"https:\/\/pracek.si\/racunalniskatrgovina\/?post_type=product&#038;p=60739"},"modified":"2025-07-31T22:12:14","modified_gmt":"2025-07-31T21:12:14","slug":"lenovo-ideapad-300-15isk-80q7-dvd-rw-pogon-su-228-originalen-del-za-prenosnik","status":"publish","type":"product","link":"https:\/\/pracek.si\/racunalniskatrgovina\/izdelek\/lenovo-ideapad-300-15isk-80q7-dvd-rw-pogon-su-228-originalen-del-za-prenosnik\/","title":{"rendered":"Lenovo IdeaPad 300-15ISK 80Q7 DVD RW pogon SU-228 \u2013 originalen del za prenosnik"},"content":{"rendered":"<p>Nadgradite ali zamenjajte svoj obstoje\u010di <strong data-start=\"427\" data-end=\"455\">DVD Multi Rewriter Drive<\/strong> s tem <strong data-start=\"466\" data-end=\"516\">originalnim opti\u010dnim pogonom Lenovo IdeaPad 300-15ISK (80Q7) SU-228<\/strong>. Popoln za branje in pisanje CD-jev\/DVD-jev z gladkim delovanjem. <strong data-start=\"598\" data-end=\"653\">Prave fotografije izdelkov \u2013 kar vidite, to dobite!<\/strong><\/p>\n","protected":false},"excerpt":{"rendered":"<p class=\"\" data-start=\"743\" data-end=\"1019\">I\u0161\u010dete zamenjavo <strong data-start=\"767\" data-end=\"780\">DVD pogona<\/strong> za <strong data-start=\"789\" data-end=\"824\">Lenovo IdeaPad 300-15ISK (80Q7)<\/strong>? Ta <strong data-start=\"831\" data-end=\"882\">originalni pogon Lenovo SU-228 DVD Multi Rewriter Drive<\/strong> je odli\u010dna re\u0161itev. Ne glede na to, ali zapisujete diske, gledate DVD-je ali name\u0161\u010date programsko opremo, ta pogon zagotavlja zanesljivo delovanje. Plasti\u010dni okvir ni prilo\u017een.<\/p>\n<h4 class=\"\" data-start=\"1021\" data-end=\"1045\"><strong data-start=\"1026\" data-end=\"1043\">Klju\u010dne lastnosti:<\/strong><\/h4>\n<p class=\"\" data-start=\"1046\" data-end=\"1343\">\u2714 <strong data-start=\"1048\" data-end=\"1071\">Originalni del Lenovo<\/strong> \u2013 Neposredna zamenjava za originalni pogon.<br data-start=\"1116\" data-end=\"1119\" \/>\u2714 <strong data-start=\"1121\" data-end=\"1150\">Preberi &amp; Zmogljivosti zapisovanja<\/strong> \u2013 podpira CD-R, CD-RW, DVD-R, DVD+R in ve\u010d.<br data-start=\"1198\" data-end=\"1201\" \/>\u2714 <strong data-start=\"1203\" data-end=\"1231\">Plug &amp; Namestitev predvajanja<\/strong> \u2013 Dodatna programska oprema ni potrebna.<br data-start=\"1266\" data-end=\"1269\" \/>\u2714 <strong data-start=\"1271\" data-end=\"1295\">Zagotovljene prave fotografije<\/strong> \u2013 Izdelek, ki ga vidite, je tisti, ki ga prejmete.<\/p>\n<h4 class=\"\" data-start=\"1345\" data-end=\"1370\"><strong data-start=\"1350\" data-end=\"1368\">Zdru\u017eljivost:<\/strong><\/h4>\n<ul data-start=\"1371\" data-end=\"1529\">\n<li class=\"\" data-start=\"1371\" data-end=\"1424\">\n<p class=\"\" data-start=\"1373\" data-end=\"1424\">Zasnovan za <strong data-start=\"1386\" data-end=\"1421\">Lenovo IdeaPad 300-15ISK (80Q7)<\/strong>.<\/p>\n<\/li>\n<li class=\"\" data-start=\"1425\" data-end=\"1529\">\n<p class=\"\" data-start=\"1427\" data-end=\"1529\">Lahko ustreza drugim modelom Lenovo z isto vrsto pogona (pred nakupom preverite zdru\u017eljivost).<\/p>\n<\/li>\n<\/ul>\n<p class=\"\" data-start=\"1531\" data-end=\"1649\">\ud83d\udd27 <strong data-start=\"1534\" data-end=\"1548\">Potrebujete pomo\u010d?<\/strong> Ne nudimo navodil za namestitev, vendar nam po\u0161ljite sporo\u010dilo, \u010de imate kakr\u0161na koli vpra\u0161anja!<\/p>\n<p class=\"\" data-start=\"1651\" data-end=\"1741\">\ud83d\udce6 <strong data-start=\"1654\" data-end=\"1686\">Na voljo je dostava po vsem svetu<\/strong> \u2013 Varna embala\u017ea zagotavlja varno dostavo va\u0161ega dela.<\/p>\n","protected":false},"featured_media":51452,"template":"","meta":[],"product_brand":[],"product_cat":[2062],"product_tag":[2061,1818],"class_list":{"0":"post-60739","1":"product","2":"type-product","3":"status-publish","4":"has-post-thumbnail","6":"product_cat-maticne-plosce-in-deli-plosc","7":"product_tag-lenovo","8":"product_tag-rezervni-deli","10":"first","11":"instock","12":"taxable","13":"shipping-taxable","14":"purchasable","15":"product-type-simple"},"_links":{"self":[{"href":"https:\/\/pracek.si\/racunalniskatrgovina\/wp-json\/wp\/v2\/product\/60739","targetHints":{"allow":["GET"]}}],"collection":[{"href":"https:\/\/pracek.si\/racunalniskatrgovina\/wp-json\/wp\/v2\/product"}],"about":[{"href":"https:\/\/pracek.si\/racunalniskatrgovina\/wp-json\/wp\/v2\/types\/product"}],"version-history":[{"count":0,"href":"https:\/\/pracek.si\/racunalniskatrgovina\/wp-json\/wp\/v2\/product\/60739\/revisions"}],"wp:featuredmedia":[{"embeddable":true,"href":"https:\/\/pracek.si\/racunalniskatrgovina\/wp-json\/wp\/v2\/media\/51452"}],"wp:attachment":[{"href":"https:\/\/pracek.si\/racunalniskatrgovina\/wp-json\/wp\/v2\/media?parent=60739"}],"wp:term":[{"taxonomy":"product_brand","embeddable":true,"href":"https:\/\/pracek.si\/racunalniskatrgovina\/wp-json\/wp\/v2\/product_brand?post=60739"},{"taxonomy":"product_cat","embeddable":true,"href":"https:\/\/pracek.si\/racunalniskatrgovina\/wp-json\/wp\/v2\/product_cat?post=60739"},{"taxonomy":"product_tag","embeddable":true,"href":"https:\/\/pracek.si\/racunalniskatrgovina\/wp-json\/wp\/v2\/product_tag?post=60739"}],"curies":[{"name":"wp","href":"https:\/\/api.w.org\/{rel}","templated":true}]}}