{"id":60742,"date":"2025-07-31T22:07:49","date_gmt":"2025-07-31T21:07:49","guid":{"rendered":"https:\/\/pracek.si\/racunalniskatrgovina\/?post_type=product&#038;p=60742"},"modified":"2026-03-09T11:51:46","modified_gmt":"2026-03-09T10:51:46","slug":"6rgc3-m-5y10c-maticna-plosca-robustna-tablica-dell-latitude-7202-deli-za-prenosnike-eu","status":"publish","type":"product","link":"https:\/\/pracek.si\/racunalniskatrgovina\/izdelek\/6rgc3-m-5y10c-maticna-plosca-robustna-tablica-dell-latitude-7202-deli-za-prenosnike-eu\/","title":{"rendered":"6RGC3 M-5Y10c Mati\u010dna plo\u0161\u010da Robustna tablica Dell Latitude 7202 | Deli za prenosnike EU"},"content":{"rendered":"<p>Originalna mati\u010dna plo\u0161\u010da Dell Latitude 7202 Rugged Tablet (6RGC3 \/ 06RGC3) s procesorjem Intel Core M-5Y10c. Strokovno odstranjen in testiran. Pripravljeno za namestitev.<\/p>\n","protected":false},"excerpt":{"rendered":"<p class=\"\" data-start=\"618\" data-end=\"806\"><strong data-start=\"618\" data-end=\"804\">Nadgradite ali popravite svoj robusten tabli\u010dni ra\u010dunalnik Dell Latitude 7202 s to originalno mati\u010dno plo\u0161\u010do Dell (\u0161tevilka dela 6RGC3 \/ 06RGC3), ki vklju\u010duje energijsko u\u010dinkovit procesor Intel Core M-5Y10c.<\/strong><\/p>\n<p class=\"\" data-start=\"808\" data-end=\"1080\">Ta originalni del prenosnika je bil skrbno odstranjen iz delujo\u010de enote, v celoti testiran in je v odli\u010dnem funkcionalnem stanju. Idealen je za obnovitev zmogljivosti va\u0161ega robustnega tabli\u010dnega ra\u010dunalnika, ki ga uporabljate v te\u017ekih okoljih, zlasti pri terenskem delu, logistiki ali industrijskih opravilih.<\/p>\n<p class=\"\" data-start=\"1082\" data-end=\"1108\">\ud83d\udd27 <strong data-start=\"1085\" data-end=\"1108\">Klju\u010dne specifikacije:<\/strong><\/p>\n<ul data-start=\"1109\" data-end=\"1401\">\n<li class=\"\" data-start=\"1109\" data-end=\"1144\">\n<p class=\"\" data-start=\"1111\" data-end=\"1144\"><strong data-start=\"1111\" data-end=\"1127\">\u0160tevilka dela:<\/strong> 6RGC3 \/ 06RGC3<\/p>\n<\/li>\n<li class=\"\" data-start=\"1145\" data-end=\"1206\">\n<p class=\"\" data-start=\"1147\" data-end=\"1206\"><strong data-start=\"1147\" data-end=\"1171\">Zdru\u017eljivost modela:<\/strong> Trpe\u017ena tablica Dell Latitude 7202<\/p>\n<\/li>\n<li class=\"\" data-start=\"1207\" data-end=\"1275\">\n<p class=\"\" data-start=\"1209\" data-end=\"1275\"><strong data-start=\"1209\" data-end=\"1223\">Procesor:<\/strong> Intel Core M-5Y10c (dvojedrni, izjemno nizka napetost)<\/p>\n<\/li>\n<li class=\"\" data-start=\"1276\" data-end=\"1320\">\n<p class=\"\" data-start=\"1278\" data-end=\"1320\"><strong data-start=\"1278\" data-end=\"1292\">Stanje:<\/strong> rabljeno, preizku\u0161eno in delujo\u010de<\/p>\n<\/li>\n<li class=\"\" data-start=\"1321\" data-end=\"1401\">\n<p class=\"\" data-start=\"1323\" data-end=\"1401\"><strong data-start=\"1323\" data-end=\"1334\">Fotografije:<\/strong> Vse slike v seznamu so dejanskega dela, ki ga boste prejeli.<\/p>\n<\/li>\n<\/ul>\n<p class=\"\" data-start=\"1403\" data-end=\"1667\">Ta izdelek je odli\u010den za strokovnjake ali servisne delavnice, ki i\u0161\u010dejo zanesljive dele prenosnikov v Evropi in po svetu. \u010ceprav ne ponujamo navodil za namestitev, se lahko obrnete na nas, \u010de potrebujete pomo\u010d ali imate kakr\u0161na koli vpra\u0161anja \u2013 z veseljem vam bomo pomagali.<\/p>\n","protected":false},"featured_media":51464,"template":"","meta":[],"product_brand":[],"product_cat":[2062],"product_tag":[2052,1818],"class_list":{"0":"post-60742","1":"product","2":"type-product","3":"status-publish","4":"has-post-thumbnail","6":"product_cat-maticne-plosce-in-deli-plosc","7":"product_tag-dell","8":"product_tag-rezervni-deli","10":"first","11":"outofstock","12":"taxable","13":"shipping-taxable","14":"purchasable","15":"product-type-simple"},"_links":{"self":[{"href":"https:\/\/pracek.si\/racunalniskatrgovina\/wp-json\/wp\/v2\/product\/60742","targetHints":{"allow":["GET"]}}],"collection":[{"href":"https:\/\/pracek.si\/racunalniskatrgovina\/wp-json\/wp\/v2\/product"}],"about":[{"href":"https:\/\/pracek.si\/racunalniskatrgovina\/wp-json\/wp\/v2\/types\/product"}],"version-history":[{"count":0,"href":"https:\/\/pracek.si\/racunalniskatrgovina\/wp-json\/wp\/v2\/product\/60742\/revisions"}],"wp:featuredmedia":[{"embeddable":true,"href":"https:\/\/pracek.si\/racunalniskatrgovina\/wp-json\/wp\/v2\/media\/51464"}],"wp:attachment":[{"href":"https:\/\/pracek.si\/racunalniskatrgovina\/wp-json\/wp\/v2\/media?parent=60742"}],"wp:term":[{"taxonomy":"product_brand","embeddable":true,"href":"https:\/\/pracek.si\/racunalniskatrgovina\/wp-json\/wp\/v2\/product_brand?post=60742"},{"taxonomy":"product_cat","embeddable":true,"href":"https:\/\/pracek.si\/racunalniskatrgovina\/wp-json\/wp\/v2\/product_cat?post=60742"},{"taxonomy":"product_tag","embeddable":true,"href":"https:\/\/pracek.si\/racunalniskatrgovina\/wp-json\/wp\/v2\/product_tag?post=60742"}],"curies":[{"name":"wp","href":"https:\/\/api.w.org\/{rel}","templated":true}]}}