{"id":60766,"date":"2025-07-31T22:09:52","date_gmt":"2025-07-31T21:09:52","guid":{"rendered":"https:\/\/pracek.si\/racunalniskatrgovina\/?post_type=product&#038;p=60766"},"modified":"2025-07-31T22:14:29","modified_gmt":"2025-07-31T21:14:29","slug":"zamenjava-pokrova-com-vrat-dell-latitude-rugged-e7204-visokokakovostni-deli-prenosnika-zdruzljivo-z-oem","status":"publish","type":"product","link":"https:\/\/pracek.si\/racunalniskatrgovina\/izdelek\/zamenjava-pokrova-com-vrat-dell-latitude-rugged-e7204-visokokakovostni-deli-prenosnika-zdruzljivo-z-oem\/","title":{"rendered":"Zamenjava pokrova COM vrat DELL Latitude Rugged E7204 | Visokokakovostni deli prenosnika | Zdru\u017eljivo z OEM"},"content":{"rendered":"<p>Zamenjajte po\u0161kodovan ali manjkajo\u010d pokrov vrat COM s tem visokokakovostnim delom, zdru\u017eljivim z OEM, za DELL Latitude Rugged E7204. Popoln za obnovitev funkcionalnosti va\u0161ega prenosnika in zagotavljanje tesnega in varnega prileganja. Prave fotografije to\u010dno tistega dela, ki ga boste prejeli!<\/p>\n","protected":false},"excerpt":{"rendered":"<p class=\"\" data-start=\"557\" data-end=\"807\">Povrnite funkcionalnost in videz va\u0161ega DELL Latitude Rugged E7204 s tem <strong data-start=\"643\" data-end=\"673\">zamenljivim pokrovom vrat COM<\/strong>. Ta <strong data-start=\"746\" data-end=\"769\">del, ki je zdru\u017eljiv z OEM<\/strong>, zagotavlja popolno prileganje in vzdr\u017eljivost, ne glede na to, ali zamenjate pokvarjen pokrov ali nadgrajujete prenosnik.<\/p>\n<p class=\"\" data-start=\"809\" data-end=\"829\"><strong data-start=\"809\" data-end=\"828\">Podrobnosti o izdelku<\/strong>:<\/p>\n<ul data-start=\"830\" data-end=\"1117\">\n<li class=\"\" data-start=\"830\" data-end=\"880\">\n<p class=\"\" data-start=\"832\" data-end=\"880\"><strong data-start=\"832\" data-end=\"852\">Zdru\u017eljiv model<\/strong>: DELL Latitude Rugged E7204<\/p>\n<\/li>\n<li class=\"\" data-start=\"881\" data-end=\"912\">\n<p class=\"\" data-start=\"883\" data-end=\"912\"><strong data-start=\"883\" data-end=\"896\">Vrsta dela<\/strong>: pokrov vrat COM<\/p>\n<\/li>\n<li class=\"\" data-start=\"913\" data-end=\"956\">\n<p class=\"\" data-start=\"915\" data-end=\"956\"><strong data-start=\"915\" data-end=\"928\">Stanje<\/strong>: popolnoma novo, zamenjava OEM<\/p>\n<\/li>\n<li class=\"\" data-start=\"957\" data-end=\"1026\">\n<p class=\"\" data-start=\"959\" data-end=\"1026\"><strong data-start=\"959\" data-end=\"971\">Material<\/strong>: visokokakovostna, trpe\u017ena plastika, zasnovana za robustno uporabo<\/p>\n<\/li>\n<li class=\"\" data-start=\"1027\" data-end=\"1117\">\n<p class=\"\" data-start=\"1029\" data-end=\"1117\"><strong data-start=\"1029\" data-end=\"1041\">Lokacija<\/strong>: Varno zapre vrata COM, da va\u0161 prenosnik za\u0161\u010diti pred prahom in umazanijo<\/p>\n<\/li>\n<\/ul>\n<p class=\"\" data-start=\"1119\" data-end=\"1358\">Ta <strong data-start=\"1124\" data-end=\"1139\">del prenosnika<\/strong> je idealen za ohranjanje celovitosti va\u0161e naprave, saj ponuja natan\u010dno prileganje in funkcionalnost, ki jo potrebujete. Prikazane fotografije so dejanskega dela, ki ga boste prejeli, kar zagotavlja preglednost in zaupanje v va\u0161 nakup.<\/p>\n<p class=\"\" data-start=\"1360\" data-end=\"1543\"><strong data-start=\"1360\" data-end=\"1368\">Opomba<\/strong>: \u010ceprav temu artiklu niso prilo\u017eena navodila, je na\u0161a ekipa na voljo za pomo\u010d, \u010de potrebujete pomo\u010d med postopkom namestitve. Z vsemi vpra\u0161anji se obrnite na nas!<\/p>\n<p class=\"\" data-start=\"1545\" data-end=\"1753\">Ta del je kot nala\u0161\u010d za popravila, nadgradnje ali vzdr\u017eevanje va\u0161ega DELL Latitude E7204 v vrhunskem stanju in je bistvena zamenjava za kateri koli komplet za popravilo prenosnika. Ne zamudite najbolj\u0161ih delov za prenosnike!<\/p>\n","protected":false},"featured_media":51500,"template":"","meta":[],"product_brand":[],"product_cat":[2051],"product_tag":[2052,1818],"class_list":{"0":"post-60766","1":"product","2":"type-product","3":"status-publish","4":"has-post-thumbnail","6":"product_cat-ohisje-prenosnika","7":"product_tag-dell","8":"product_tag-rezervni-deli","10":"first","11":"instock","12":"taxable","13":"shipping-taxable","14":"purchasable","15":"product-type-simple"},"_links":{"self":[{"href":"https:\/\/pracek.si\/racunalniskatrgovina\/wp-json\/wp\/v2\/product\/60766","targetHints":{"allow":["GET"]}}],"collection":[{"href":"https:\/\/pracek.si\/racunalniskatrgovina\/wp-json\/wp\/v2\/product"}],"about":[{"href":"https:\/\/pracek.si\/racunalniskatrgovina\/wp-json\/wp\/v2\/types\/product"}],"version-history":[{"count":0,"href":"https:\/\/pracek.si\/racunalniskatrgovina\/wp-json\/wp\/v2\/product\/60766\/revisions"}],"wp:featuredmedia":[{"embeddable":true,"href":"https:\/\/pracek.si\/racunalniskatrgovina\/wp-json\/wp\/v2\/media\/51500"}],"wp:attachment":[{"href":"https:\/\/pracek.si\/racunalniskatrgovina\/wp-json\/wp\/v2\/media?parent=60766"}],"wp:term":[{"taxonomy":"product_brand","embeddable":true,"href":"https:\/\/pracek.si\/racunalniskatrgovina\/wp-json\/wp\/v2\/product_brand?post=60766"},{"taxonomy":"product_cat","embeddable":true,"href":"https:\/\/pracek.si\/racunalniskatrgovina\/wp-json\/wp\/v2\/product_cat?post=60766"},{"taxonomy":"product_tag","embeddable":true,"href":"https:\/\/pracek.si\/racunalniskatrgovina\/wp-json\/wp\/v2\/product_tag?post=60766"}],"curies":[{"name":"wp","href":"https:\/\/api.w.org\/{rel}","templated":true}]}}