{"id":60780,"date":"2025-07-31T22:10:53","date_gmt":"2025-07-31T21:10:53","guid":{"rendered":"https:\/\/pracek.si\/racunalniskatrgovina\/?post_type=product&#038;p=60780"},"modified":"2025-07-31T22:15:35","modified_gmt":"2025-07-31T21:15:35","slug":"dell-latitude-rugged-e7204-corner-rubber-originalni-del-prenosnika-4","status":"publish","type":"product","link":"https:\/\/pracek.si\/racunalniskatrgovina\/izdelek\/dell-latitude-rugged-e7204-corner-rubber-originalni-del-prenosnika-4\/","title":{"rendered":"DELL Latitude Rugged E7204 Corner Rubber \u2013 originalni del prenosnika"},"content":{"rendered":"<p>Originalna kotna guma za DELL Latitude Rugged E7204. Popolna zamenjava za va\u0161 robusten prenosnik. Prave fotografije \u2013 kar vidite, to dobite!<\/p>\n","protected":false},"excerpt":{"rendered":"<p class=\"\" data-start=\"604\" data-end=\"892\">Obnovite prvotno za\u0161\u010dito in robustno zasnovo va\u0161ega DELL Latitude Rugged E7204 s tem pristnim <strong data-start=\"707\" data-end=\"736\">nadomestkom za vogal<\/strong>. Ta majhen, a pomemben <strong data-start=\"759\" data-end=\"774\">del prenosnika<\/strong> pomaga ohranjati va\u0161o napravo odporno na udarce in nedotaknjeno med grobo uporabo, posebej pa je zasnovan za zahtevna okolja.<\/p>\n<p class=\"\" data-start=\"894\" data-end=\"1171\">To je <strong data-start=\"904\" data-end=\"936\">prava, originalna kotna guma<\/strong>, povle\u010dena iz delujo\u010de enote \u2013 ne replika. Popoln za zamenjavo obrabljene, po\u0161kodovane ali manjkajo\u010de za\u0161\u010dite kotov.<br data-start=\"1047\" data-end=\"1050\" \/>Ne glede na to, ali prenavljate svoj prenosni ra\u010dunalnik ali ga samo \u017eelite znova poskrbeti za popolnega videza, se bo ta zamenjava popolnoma prilegala.<\/p>\n<p class=\"\" data-start=\"1173\" data-end=\"1198\">\ud83d\udce6 <strong data-start=\"1176\" data-end=\"1196\">Kaj je vklju\u010deno:<\/strong><\/p>\n<ul data-start=\"1199\" data-end=\"1382\">\n<li class=\"\" data-start=\"1199\" data-end=\"1250\">\n<p class=\"\" data-start=\"1201\" data-end=\"1250\">1x kotna guma za DELL Latitude Rugged E7204<\/p>\n<\/li>\n<li class=\"\" data-start=\"1251\" data-end=\"1293\">\n<p class=\"\" data-start=\"1253\" data-end=\"1293\">Stanje: Rabljeno v odli\u010dnem stanju<\/p>\n<\/li>\n<li class=\"\" data-start=\"1294\" data-end=\"1382\">\n<p class=\"\" data-start=\"1296\" data-end=\"1382\">Fotografije na seznamu so <strong data-start=\"1322\" data-end=\"1337\">resni\u010dne fotografije<\/strong> predmeta, ki ga boste prejeli \u2013 brez presene\u010denj.<\/p>\n<\/li>\n<\/ul>\n<p class=\"\" data-start=\"1384\" data-end=\"1510\">\ud83d\udccc <strong data-start=\"1387\" data-end=\"1396\">Opomba:<\/strong> ta seznam ne vklju\u010duje navodil za namestitev. \u010ce potrebujete pomo\u010d, nam lahko kadar koli po\u0161ljete sporo\u010dilo.<\/p>\n<p class=\"\" data-start=\"1512\" data-end=\"1679\">\ud83d\udca1 To je eden izmed mnogih <strong data-start=\"1535\" data-end=\"1551\">delov za prenosnike<\/strong>, ki jih ponujamo za DELL in druge znamke. Po\u0161iljamo iz Evrope, vendar strankam <strong data-start=\"1632\" data-end=\"1645\">po vsem svetu<\/strong> slu\u017eimo s sledeno in varno dostavo.<\/p>\n","protected":false},"featured_media":51521,"template":"","meta":[],"product_brand":[],"product_cat":[2051],"product_tag":[2052,1818],"class_list":{"0":"post-60780","1":"product","2":"type-product","3":"status-publish","4":"has-post-thumbnail","6":"product_cat-ohisje-prenosnika","7":"product_tag-dell","8":"product_tag-rezervni-deli","10":"first","11":"instock","12":"taxable","13":"shipping-taxable","14":"purchasable","15":"product-type-simple"},"_links":{"self":[{"href":"https:\/\/pracek.si\/racunalniskatrgovina\/wp-json\/wp\/v2\/product\/60780","targetHints":{"allow":["GET"]}}],"collection":[{"href":"https:\/\/pracek.si\/racunalniskatrgovina\/wp-json\/wp\/v2\/product"}],"about":[{"href":"https:\/\/pracek.si\/racunalniskatrgovina\/wp-json\/wp\/v2\/types\/product"}],"version-history":[{"count":0,"href":"https:\/\/pracek.si\/racunalniskatrgovina\/wp-json\/wp\/v2\/product\/60780\/revisions"}],"wp:featuredmedia":[{"embeddable":true,"href":"https:\/\/pracek.si\/racunalniskatrgovina\/wp-json\/wp\/v2\/media\/51521"}],"wp:attachment":[{"href":"https:\/\/pracek.si\/racunalniskatrgovina\/wp-json\/wp\/v2\/media?parent=60780"}],"wp:term":[{"taxonomy":"product_brand","embeddable":true,"href":"https:\/\/pracek.si\/racunalniskatrgovina\/wp-json\/wp\/v2\/product_brand?post=60780"},{"taxonomy":"product_cat","embeddable":true,"href":"https:\/\/pracek.si\/racunalniskatrgovina\/wp-json\/wp\/v2\/product_cat?post=60780"},{"taxonomy":"product_tag","embeddable":true,"href":"https:\/\/pracek.si\/racunalniskatrgovina\/wp-json\/wp\/v2\/product_tag?post=60780"}],"curies":[{"name":"wp","href":"https:\/\/api.w.org\/{rel}","templated":true}]}}