{"id":60801,"date":"2025-07-31T22:13:05","date_gmt":"2025-07-31T21:13:05","guid":{"rendered":"https:\/\/pracek.si\/racunalniskatrgovina\/?post_type=product&#038;p=60801"},"modified":"2025-07-31T22:16:56","modified_gmt":"2025-07-31T21:16:56","slug":"oem-dell-latitude-12-7214-7204-usb-sd-plosca-hua01-fv8g4-w-kabel-deli-za-prenosnike","status":"publish","type":"product","link":"https:\/\/pracek.si\/racunalniskatrgovina\/izdelek\/oem-dell-latitude-12-7214-7204-usb-sd-plosca-hua01-fv8g4-w-kabel-deli-za-prenosnike\/","title":{"rendered":"OEM Dell Latitude 12 7214 7204 USB SD plo\u0161\u010da HUA01 FV8G4 w kabel \u2013 Deli za prenosnike"},"content":{"rendered":"<p class=\"\" data-start=\"298\" data-end=\"465\">Originalna plo\u0161\u010da Dell USB\/SD (HUA01 \/ FV8G4) s kablom, zdru\u017eljiva z Latitude 12 7214\/7204 Rugged Extreme. Testirano in pripravljeno za namestitev. Vklju\u010dene so prave fotografije predmetov.<\/p>\n","protected":false},"excerpt":{"rendered":"<p class=\"\" data-start=\"528\" data-end=\"996\">To je <strong data-start=\"563\" data-end=\"597\">sklop plo\u0161\u010de USB\/SD OEM Dell<\/strong>, \u0161tevilka dela <strong data-start=\"611\" data-end=\"628\">HUA01 \/ FV8G4<\/strong>, skupaj z originalnim priklju\u010dnim kablom. Popolnoma je zdru\u017eljiv z <strong data-start=\"702\" data-end=\"758\">Dell Latitude 12 Rugged Extreme modeloma 7214 in 7204<\/strong>, zasnovan za obnovitev ali zamenjavo va\u0161e obstoje\u010de funkcije USB in SD kartice. Ta originalni nadomestni del je idealen za tehnike, obnavljalce ali kogar koli, ki potrebuje zanesljivo plo\u0161\u010do, da bo njihov robusten prenosnik Dell deloval po pri\u010dakovanjih.<\/p>\n<p class=\"\" data-start=\"998\" data-end=\"1015\"><strong data-start=\"998\" data-end=\"1015\">Klju\u010dne lastnosti:<\/strong><\/p>\n<ul data-start=\"1016\" data-end=\"1420\">\n<li class=\"\" data-start=\"1016\" data-end=\"1071\">\n<p class=\"\" data-start=\"1018\" data-end=\"1071\">\u2705 <strong data-start=\"1020\" data-end=\"1042\">Originalni del Dell<\/strong>, ne replika tretje osebe<\/p>\n<\/li>\n<li class=\"\" data-start=\"1072\" data-end=\"1143\">\n<p class=\"\" data-start=\"1074\" data-end=\"1143\">\u2705 Zdru\u017eljivo z <strong data-start=\"1092\" data-end=\"1141\">Dell Latitude 12 7214 in 7204 Rugged Extreme<\/strong><\/p>\n<\/li>\n<li class=\"\" data-start=\"1144\" data-end=\"1198\">\n<p class=\"\" data-start=\"1146\" data-end=\"1198\">\u2705 Vklju\u010duje <strong data-start=\"1161\" data-end=\"1196\">sklop plo\u0161\u010de USB\/SD in kabel<\/strong><\/p>\n<\/li>\n<li class=\"\" data-start=\"1199\" data-end=\"1239\">\n<p class=\"\" data-start=\"1201\" data-end=\"1239\">\u2705 \u0160tevilke delov: <strong data-start=\"1217\" data-end=\"1226\">HUA01<\/strong>, <strong data-start=\"1228\" data-end=\"1237\">FV8G4<\/strong><\/p>\n<\/li>\n<li class=\"\" data-start=\"1240\" data-end=\"1300\">\n<p class=\"\" data-start=\"1242\" data-end=\"1300\">\u2705 Strokovno odstranjeno, testirano in zagotovljeno delovanje<\/p>\n<\/li>\n<li class=\"\" data-start=\"1301\" data-end=\"1357\">\n<p class=\"\" data-start=\"1303\" data-end=\"1357\">\u2705 <strong data-start=\"1305\" data-end=\"1355\">Fotografije so dejanskega predmeta, ki ga boste prejeli<\/strong><\/p>\n<\/li>\n<li class=\"\" data-start=\"1358\" data-end=\"1420\">\n<p class=\"\" data-start=\"1360\" data-end=\"1420\">\u2705 Idealno za popravilo prenosnika, obnovo ali zamenjavo delov<\/p>\n<\/li>\n<\/ul>\n<p class=\"\" data-start=\"1422\" data-end=\"1580\"><strong data-start=\"1422\" data-end=\"1431\">Opomba:<\/strong><br data-start=\"1431\" data-end=\"1434\" \/>Navodila za namestitev niso vklju\u010dena, \u010de pa potrebujete pomo\u010d ali imate vpra\u0161anja, <strong data-start=\"1535\" data-end=\"1549\">po\u0161ljite nam sporo\u010dilo<\/strong> \u2013 vedno smo tukaj, da vam pomagamo!<\/p>\n<p class=\"\" data-start=\"1582\" data-end=\"1874\"><strong data-start=\"1582\" data-end=\"1606\">Zakaj bi kupovali pri Siggmu?<\/strong><br data-start=\"1606\" data-end=\"1609\" \/>Specializirani smo za <strong data-start=\"1626\" data-end=\"1642\">dele prenosnikov<\/strong>, po\u0161iljanje po vsem svetu iz Evrope. Vsak artikel je skrbno pregledan, fotografiran in zapakiran, da zagotovimo, da prejmete to\u010dno to, kar vidite. Ne glede na to, ali nadgrajujete, popravljate ali obnavljate \u2013 imamo dele, s katerimi lahko to naredite pravilno.<\/p>\n","protected":false},"featured_media":51552,"template":"","meta":[],"product_brand":[],"product_cat":[2062],"product_tag":[2052,1818],"class_list":{"0":"post-60801","1":"product","2":"type-product","3":"status-publish","4":"has-post-thumbnail","6":"product_cat-maticne-plosce-in-deli-plosc","7":"product_tag-dell","8":"product_tag-rezervni-deli","10":"first","11":"instock","12":"taxable","13":"shipping-taxable","14":"purchasable","15":"product-type-simple"},"_links":{"self":[{"href":"https:\/\/pracek.si\/racunalniskatrgovina\/wp-json\/wp\/v2\/product\/60801","targetHints":{"allow":["GET"]}}],"collection":[{"href":"https:\/\/pracek.si\/racunalniskatrgovina\/wp-json\/wp\/v2\/product"}],"about":[{"href":"https:\/\/pracek.si\/racunalniskatrgovina\/wp-json\/wp\/v2\/types\/product"}],"version-history":[{"count":0,"href":"https:\/\/pracek.si\/racunalniskatrgovina\/wp-json\/wp\/v2\/product\/60801\/revisions"}],"wp:featuredmedia":[{"embeddable":true,"href":"https:\/\/pracek.si\/racunalniskatrgovina\/wp-json\/wp\/v2\/media\/51552"}],"wp:attachment":[{"href":"https:\/\/pracek.si\/racunalniskatrgovina\/wp-json\/wp\/v2\/media?parent=60801"}],"wp:term":[{"taxonomy":"product_brand","embeddable":true,"href":"https:\/\/pracek.si\/racunalniskatrgovina\/wp-json\/wp\/v2\/product_brand?post=60801"},{"taxonomy":"product_cat","embeddable":true,"href":"https:\/\/pracek.si\/racunalniskatrgovina\/wp-json\/wp\/v2\/product_cat?post=60801"},{"taxonomy":"product_tag","embeddable":true,"href":"https:\/\/pracek.si\/racunalniskatrgovina\/wp-json\/wp\/v2\/product_tag?post=60801"}],"curies":[{"name":"wp","href":"https:\/\/api.w.org\/{rel}","templated":true}]}}