{"id":60882,"date":"2025-07-31T22:19:45","date_gmt":"2025-07-31T21:19:45","guid":{"rendered":"https:\/\/pracek.si\/racunalniskatrgovina\/?post_type=product&#038;p=60882"},"modified":"2026-02-09T10:56:26","modified_gmt":"2026-02-09T09:56:26","slug":"hp-probook-470-475-g2-bottom-case-e-shell-768374-001-deli-prenosnika","status":"publish","type":"product","link":"https:\/\/pracek.si\/racunalniskatrgovina\/izdelek\/hp-probook-470-475-g2-bottom-case-e-shell-768374-001-deli-prenosnika\/","title":{"rendered":"HP ProBook 470 475 G2 Bottom Case E Shell 768374-001 | Deli prenosnika"},"content":{"rendered":"<p>Originalno spodnje ohi\u0161je (E shell) za HP ProBook 470 &amp; 475 G2 prenosniki. \u0160tevilke delov: 768374-001, AP15B000700, AP15B000600. Realne fotografije. Hitra dostava iz Evrope.<\/p>\n","protected":false},"excerpt":{"rendered":"<p data-start=\"728\" data-end=\"786\"><strong data-start=\"728\" data-end=\"786\">Originalni spodnji del ohi\u0161ja HP ProBook 470 \/ 475 G2 \u2013 E Shell<\/strong><\/p>\n<p data-start=\"788\" data-end=\"1096\">I\u0161\u010dete zanesljivo nadomestno spodnje ohi\u0161je za va\u0161 HP ProBook? Ta originalni <strong data-start=\"869\" data-end=\"920\">spodnji del ohi\u0161ja HP ProBook 470 in 475 G2 (E \u0161koljka)<\/strong> se odli\u010dno ujema. Idealen za popravila ali zamenjavo delov, to je originalni HP-jev del \u2013 ne poceni kopija tretje osebe \u2013, ki zagotavlja popolno prileganje in vzdr\u017eljivost na tovarni\u0161ki ravni.<\/p>\n<p data-start=\"1098\" data-end=\"1125\">\ud83d\udd27 <strong data-start=\"1101\" data-end=\"1123\">Zdru\u017eljivi modeli:<\/strong><\/p>\n<ul data-start=\"1126\" data-end=\"1167\">\n<li data-start=\"1126\" data-end=\"1147\">\n<p data-start=\"1128\" data-end=\"1147\">HP ProBook 470 G2<\/p>\n<\/li>\n<li data-start=\"1148\" data-end=\"1167\">\n<p data-start=\"1150\" data-end=\"1167\">HP ProBook 475 G2<\/p>\n<\/li>\n<\/ul>\n<p data-start=\"1169\" data-end=\"1191\">\ud83e\uddfe <strong data-start=\"1172\" data-end=\"1189\">\u0160tevilke delov:<\/strong><\/p>\n<ul data-start=\"1192\" data-end=\"1236\">\n<li data-start=\"1192\" data-end=\"1206\">\n<p data-start=\"1194\" data-end=\"1206\">768374-001<\/p>\n<\/li>\n<li data-start=\"1207\" data-end=\"1222\">\n<p data-start=\"1209\" data-end=\"1222\">AP15B000700<\/p>\n<\/li>\n<li data-start=\"1223\" data-end=\"1236\">\n<p data-start=\"1225\" data-end=\"1236\">AP15B000600<\/p>\n<\/li>\n<\/ul>\n<p data-start=\"1238\" data-end=\"1396\">\ud83d\udce6 <strong data-start=\"1241\" data-end=\"1263\">Stanje izdelka:<\/strong><br data-start=\"1263\" data-end=\"1266\" \/>Rabljen, vendar v celoti preizku\u0161en in v dobrem stanju.<br data-start=\"1310\" data-end=\"1313\" \/>Glejte resni\u010dne fotografije \u2013 artikel, ki ga vidite, je to\u010dno tisti, ki ga boste prejeli.<\/p>\n<p data-start=\"1398\" data-end=\"1427\">\ud83d\udccd <strong data-start=\"1401\" data-end=\"1425\">Zakaj kupovati pri Siggmu?<\/strong><\/p>\n<ul data-start=\"1428\" data-end=\"1637\">\n<li data-start=\"1428\" data-end=\"1465\">\n<p data-start=\"1430\" data-end=\"1465\">Specializirani smo za <strong data-start=\"1447\" data-end=\"1463\">dele prenosnikov<\/strong><\/p>\n<\/li>\n<li data-start=\"1466\" data-end=\"1525\">\n<p data-start=\"1468\" data-end=\"1525\">Hitro po\u0161iljanje iz Evrope, na voljo je po\u0161iljanje po vsem svetu<\/p>\n<\/li>\n<li data-start=\"1526\" data-end=\"1565\">\n<p data-start=\"1528\" data-end=\"1565\">Prave fotografije izdelkov \u2013 brez presene\u010denj!<\/p>\n<\/li>\n<li data-start=\"1566\" data-end=\"1637\">\n<p data-start=\"1568\" data-end=\"1637\">Prijazna podpora: po\u0161ljite nam sporo\u010dilo, \u010de potrebujete pomo\u010d pri izbiri pravega dela<\/p>\n<\/li>\n<\/ul>\n<p data-start=\"1639\" data-end=\"1784\">\u26a0\ufe0f <strong data-start=\"1642\" data-end=\"1651\">Opomba:<\/strong><br data-start=\"1651\" data-end=\"1654\" \/>Navodila za namestitev niso prilo\u017eena. \u010ce potrebujete navodila ali imate vpra\u0161anja, nam po\u0161ljite sporo\u010dilo \u2013 z veseljem vam bomo pomagali!<\/p>\n","protected":false},"featured_media":51685,"template":"","meta":[],"product_brand":[],"product_cat":[2051],"product_tag":[1818],"class_list":{"0":"post-60882","1":"product","2":"type-product","3":"status-publish","4":"has-post-thumbnail","6":"product_cat-ohisje-prenosnika","7":"product_tag-rezervni-deli","9":"first","10":"instock","11":"taxable","12":"shipping-taxable","13":"purchasable","14":"product-type-simple"},"_links":{"self":[{"href":"https:\/\/pracek.si\/racunalniskatrgovina\/wp-json\/wp\/v2\/product\/60882","targetHints":{"allow":["GET"]}}],"collection":[{"href":"https:\/\/pracek.si\/racunalniskatrgovina\/wp-json\/wp\/v2\/product"}],"about":[{"href":"https:\/\/pracek.si\/racunalniskatrgovina\/wp-json\/wp\/v2\/types\/product"}],"version-history":[{"count":0,"href":"https:\/\/pracek.si\/racunalniskatrgovina\/wp-json\/wp\/v2\/product\/60882\/revisions"}],"wp:featuredmedia":[{"embeddable":true,"href":"https:\/\/pracek.si\/racunalniskatrgovina\/wp-json\/wp\/v2\/media\/51685"}],"wp:attachment":[{"href":"https:\/\/pracek.si\/racunalniskatrgovina\/wp-json\/wp\/v2\/media?parent=60882"}],"wp:term":[{"taxonomy":"product_brand","embeddable":true,"href":"https:\/\/pracek.si\/racunalniskatrgovina\/wp-json\/wp\/v2\/product_brand?post=60882"},{"taxonomy":"product_cat","embeddable":true,"href":"https:\/\/pracek.si\/racunalniskatrgovina\/wp-json\/wp\/v2\/product_cat?post=60882"},{"taxonomy":"product_tag","embeddable":true,"href":"https:\/\/pracek.si\/racunalniskatrgovina\/wp-json\/wp\/v2\/product_tag?post=60882"}],"curies":[{"name":"wp","href":"https:\/\/api.w.org\/{rel}","templated":true}]}}