{"id":60919,"date":"2025-07-31T22:22:52","date_gmt":"2025-07-31T21:22:52","guid":{"rendered":"https:\/\/pracek.si\/racunalniskatrgovina\/?post_type=product&#038;p=60919"},"modified":"2025-07-31T22:26:56","modified_gmt":"2025-07-31T21:26:56","slug":"komplet-tecajev-pokrova-hp-probook-470-g2-173-oem-lcd-am15b000100-am15b000200","status":"publish","type":"product","link":"https:\/\/pracek.si\/racunalniskatrgovina\/izdelek\/komplet-tecajev-pokrova-hp-probook-470-g2-173-oem-lcd-am15b000100-am15b000200\/","title":{"rendered":"Komplet te\u010dajev pokrova HP ProBook 470 G2 17,3&#8243; OEM LCD AM15B000100 AM15B000200"},"content":{"rendered":"<p>Originalni komplet te\u010dajev LCD HP ProBook 470 G2 za 17,3&#8243; prenosnike. Vklju\u010duje levi in desni te\u010daj (AM15B000100 \/ AM15B000200). Originalni del, testiran in v odli\u010dnem stanju.<\/p>\n","protected":false},"excerpt":{"rendered":"<p data-start=\"728\" data-end=\"997\">Povrnite nemoteno delovanje zaslona va\u0161ega HP ProBook 470 G2 s tem <strong data-start=\"804\" data-end=\"831\">kompletom te\u010dajev LCD OEM 17,3&#8243;<\/strong>, zasnovanim posebej za ta model. To je <strong data-start=\"881\" data-end=\"904\">originalni del prenosnika<\/strong>, ne zamenjava drugega proizvajalca \u2013 popolna, \u010de je va\u0161 zaslon postal majav, trd ali polomljen.<\/p>\n<p data-start=\"999\" data-end=\"1017\">Ta komplet vklju\u010duje:<\/p>\n<ul data-start=\"1018\" data-end=\"1080\">\n<li data-start=\"1018\" data-end=\"1048\">\n<p data-start=\"1020\" data-end=\"1048\"><strong data-start=\"1020\" data-end=\"1048\">Levi te\u010daj (AM15B000100)<\/strong><\/p>\n<\/li>\n<li data-start=\"1049\" data-end=\"1080\">\n<p data-start=\"1051\" data-end=\"1080\"><strong data-start=\"1051\" data-end=\"1080\">Desni te\u010daj (AM15B000200)<\/strong><\/p>\n<\/li>\n<\/ul>\n<p data-start=\"1082\" data-end=\"1261\">Oba te\u010daja sta bila odstranjena iz delujo\u010dih prenosnikov in preizku\u0161ena, da zagotovita <strong data-start=\"1154\" data-end=\"1182\">trdno in zanesljivo gibanje<\/strong>. To so prave fotografije natan\u010dnih delov, ki jih boste prejeli \u2013 <strong data-start=\"1244\" data-end=\"1261\">brez presene\u010denj!<\/strong><\/p>\n<p data-start=\"1263\" data-end=\"1524\">Ne glede na to, ali popravljate po\u0161kodovan te\u010daj ali prenavljate prenosnik za nadaljnjo prodajo, se ta komplet popolnoma prilega brez sprememb. Narejen je za <strong data-start=\"1405\" data-end=\"1436\">17,3-pal\u010dni model HP ProBook 470 G2<\/strong> in je morda zdru\u017eljiv s podobnimi modeli (prosimo, preverite s specifikacijami va\u0161e naprave).<\/p>\n<p data-start=\"1526\" data-end=\"1734\">\u2714\ufe0f <strong data-start=\"1529\" data-end=\"1549\">Originalni HP-jev del<\/strong><br data-start=\"1549\" data-end=\"1552\" \/>\u2714\ufe0f <strong data-start=\"1555\" data-end=\"1578\">OEM kakovost in prileganje<\/strong><br data-start=\"1578\" data-end=\"1581\" \/>\u2714\ufe0f <strong data-start=\"1584\" data-end=\"1630\">Prave fotografije \u2013 kar vidite, to dobite<\/strong><br data-start=\"1630\" data-end=\"1633\" \/>\u2714\ufe0f <strong data-start=\"1636\" data-end=\"1693\">Po\u0161iljanje iz Evrope \u2013 na voljo hitra dostava po vsem svetu<\/strong><br data-start=\"1693\" data-end=\"1696\" \/>\u2714\ufe0f <strong data-start=\"1699\" data-end=\"1734\">Potrebujete pomo\u010d? Kadar koli nam po\u0161ljite sporo\u010dilo!<\/strong><\/p>\n<blockquote data-start=\"1736\" data-end=\"1860\">\n<p data-start=\"1738\" data-end=\"1860\">\u26a0\ufe0f Navodila za namestitev niso prilo\u017eena, vendar vam z veseljem pomagamo, \u010de imate kakr\u0161na koli vpra\u0161anja pred ali po nakupu.<\/p>\n<\/blockquote>\n","protected":false},"featured_media":51742,"template":"","meta":[],"product_brand":[],"product_cat":[2054],"product_tag":[1818],"class_list":{"0":"post-60919","1":"product","2":"type-product","3":"status-publish","4":"has-post-thumbnail","6":"product_cat-panti-za-prenosnike","7":"product_tag-rezervni-deli","9":"first","10":"instock","11":"taxable","12":"shipping-taxable","13":"purchasable","14":"product-type-simple"},"_links":{"self":[{"href":"https:\/\/pracek.si\/racunalniskatrgovina\/wp-json\/wp\/v2\/product\/60919","targetHints":{"allow":["GET"]}}],"collection":[{"href":"https:\/\/pracek.si\/racunalniskatrgovina\/wp-json\/wp\/v2\/product"}],"about":[{"href":"https:\/\/pracek.si\/racunalniskatrgovina\/wp-json\/wp\/v2\/types\/product"}],"version-history":[{"count":0,"href":"https:\/\/pracek.si\/racunalniskatrgovina\/wp-json\/wp\/v2\/product\/60919\/revisions"}],"wp:featuredmedia":[{"embeddable":true,"href":"https:\/\/pracek.si\/racunalniskatrgovina\/wp-json\/wp\/v2\/media\/51742"}],"wp:attachment":[{"href":"https:\/\/pracek.si\/racunalniskatrgovina\/wp-json\/wp\/v2\/media?parent=60919"}],"wp:term":[{"taxonomy":"product_brand","embeddable":true,"href":"https:\/\/pracek.si\/racunalniskatrgovina\/wp-json\/wp\/v2\/product_brand?post=60919"},{"taxonomy":"product_cat","embeddable":true,"href":"https:\/\/pracek.si\/racunalniskatrgovina\/wp-json\/wp\/v2\/product_cat?post=60919"},{"taxonomy":"product_tag","embeddable":true,"href":"https:\/\/pracek.si\/racunalniskatrgovina\/wp-json\/wp\/v2\/product_tag?post=60919"}],"curies":[{"name":"wp","href":"https:\/\/api.w.org\/{rel}","templated":true}]}}