{"id":60926,"date":"2025-07-31T22:23:43","date_gmt":"2025-07-31T21:23:43","guid":{"rendered":"https:\/\/pracek.si\/racunalniskatrgovina\/?post_type=product&#038;p=60926"},"modified":"2026-02-01T14:08:06","modified_gmt":"2026-02-01T13:08:06","slug":"wd-green-120gb-ssd-wds120g1g0a-25-sata-95-zdravje-deli-za-prenosnike","status":"publish","type":"product","link":"https:\/\/pracek.si\/racunalniskatrgovina\/izdelek\/wd-green-120gb-ssd-wds120g1g0a-25-sata-95-zdravje-deli-za-prenosnike\/","title":{"rendered":"WD Green 120GB SSD WDS120G1G0A 2,5&#8243; SATA \u2013 95% zdravje \u2013 Deli za prenosnike"},"content":{"rendered":"<p data-start=\"399\" data-end=\"527\">Zanesljiv 120 GB WD Green SSD (model WDS120G1G0A) s 95-odstotnim delovanjem. Preizku\u0161eno in idealno za prenosnike ali namizne ra\u010dunalnike, ki potrebujejo pove\u010danje hitrosti.<\/p>\n","protected":false},"excerpt":{"rendered":"<p data-start=\"601\" data-end=\"982\">I\u0161\u010dete zanesljive dele prenosnika za nadgradnjo ali popravilo sistema? Ta <strong data-start=\"674\" data-end=\"716\">WD Green 120 GB SSD (model WDS120G1G0A)<\/strong> je dobra izbira. Z <strong data-start=\"743\" data-end=\"770\">2,5-pal\u010dnim vmesnikom SATA<\/strong> je zdru\u017eljiv z ve\u010dino prenosnikov in namiznih ra\u010dunalnikov ter ponuja visoke hitrosti branja\/pisanja za vsakodnevno uporabo. Ta pogon je bil <strong data-start=\"897\" data-end=\"921\">preizku\u0161en na 95 %<\/strong>, kar zagotavlja zanesljivo delovanje in hkrati ponuja veliko vrednost.<\/p>\n<p data-start=\"984\" data-end=\"1006\">\u2714\ufe0f <strong data-start=\"987\" data-end=\"1005\">Specifikacije<\/strong>:<\/p>\n<ul data-start=\"1007\" data-end=\"1289\">\n<li data-start=\"1007\" data-end=\"1037\">\n<p data-start=\"1009\" data-end=\"1037\"><strong data-start=\"1009\" data-end=\"1018\">Blagovna znamka<\/strong>: Western Digital<\/p>\n<\/li>\n<li data-start=\"1038\" data-end=\"1064\">\n<p data-start=\"1040\" data-end=\"1064\"><strong data-start=\"1040\" data-end=\"1049\">Model<\/strong>: WDS120G1G0A<\/p>\n<\/li>\n<li data-start=\"1065\" data-end=\"1088\">\n<p data-start=\"1067\" data-end=\"1088\"><strong data-start=\"1067\" data-end=\"1079\">Kapaciteta<\/strong>: 120 GB<\/p>\n<\/li>\n<li data-start=\"1089\" data-end=\"1124\">\n<p data-start=\"1091\" data-end=\"1124\"><strong data-start=\"1091\" data-end=\"1104\">Vmesnik<\/strong>: SATA III (6Gb\/s)<\/p>\n<\/li>\n<li data-start=\"1125\" data-end=\"1154\">\n<p data-start=\"1127\" data-end=\"1154\"><strong data-start=\"1127\" data-end=\"1142\">Faktor oblike<\/strong>: 2,5 palca<\/p>\n<\/li>\n<li data-start=\"1155\" data-end=\"1183\">\n<p data-start=\"1157\" data-end=\"1183\"><strong data-start=\"1157\" data-end=\"1167\">Zdravje<\/strong>: 95 % (testirano)<\/p>\n<\/li>\n<li data-start=\"1184\" data-end=\"1231\">\n<p data-start=\"1186\" data-end=\"1231\"><strong data-start=\"1186\" data-end=\"1199\">Stanje<\/strong>: rabljeno, preizku\u0161eno &amp; v celoti deluje<\/p>\n<\/li>\n<li data-start=\"1232\" data-end=\"1289\">\n<p data-start=\"1234\" data-end=\"1289\"><strong data-start=\"1234\" data-end=\"1244\">Fotografije<\/strong>: prave fotografije \u2013 kar vidite, to dobite!<\/p>\n<\/li>\n<\/ul>\n<p data-start=\"1291\" data-end=\"1511\">Popoln za vdihovanje novega \u017eivljenja v starej\u0161e prenosnike ali namizne ra\u010dunalnike z zamenjavo po\u010dasnih trdih diskov s pogonom SSD. Navodila za namestitev niso prilo\u017eena, \u010de pa potrebujete pomo\u010d, <strong data-start=\"1487\" data-end=\"1510\">se obrnite neposredno na nas<\/strong>.<\/p>\n","protected":false},"featured_media":51746,"template":"","meta":[],"product_brand":[],"product_cat":[2082,2066],"product_tag":[1818],"class_list":{"0":"post-60926","1":"product","2":"type-product","3":"status-publish","4":"has-post-thumbnail","6":"product_cat-2-5-ssd","7":"product_cat-ssd-in-hdd-diski","8":"product_tag-rezervni-deli","10":"first","11":"outofstock","12":"taxable","13":"shipping-taxable","14":"purchasable","15":"product-type-simple"},"_links":{"self":[{"href":"https:\/\/pracek.si\/racunalniskatrgovina\/wp-json\/wp\/v2\/product\/60926","targetHints":{"allow":["GET"]}}],"collection":[{"href":"https:\/\/pracek.si\/racunalniskatrgovina\/wp-json\/wp\/v2\/product"}],"about":[{"href":"https:\/\/pracek.si\/racunalniskatrgovina\/wp-json\/wp\/v2\/types\/product"}],"version-history":[{"count":0,"href":"https:\/\/pracek.si\/racunalniskatrgovina\/wp-json\/wp\/v2\/product\/60926\/revisions"}],"wp:featuredmedia":[{"embeddable":true,"href":"https:\/\/pracek.si\/racunalniskatrgovina\/wp-json\/wp\/v2\/media\/51746"}],"wp:attachment":[{"href":"https:\/\/pracek.si\/racunalniskatrgovina\/wp-json\/wp\/v2\/media?parent=60926"}],"wp:term":[{"taxonomy":"product_brand","embeddable":true,"href":"https:\/\/pracek.si\/racunalniskatrgovina\/wp-json\/wp\/v2\/product_brand?post=60926"},{"taxonomy":"product_cat","embeddable":true,"href":"https:\/\/pracek.si\/racunalniskatrgovina\/wp-json\/wp\/v2\/product_cat?post=60926"},{"taxonomy":"product_tag","embeddable":true,"href":"https:\/\/pracek.si\/racunalniskatrgovina\/wp-json\/wp\/v2\/product_tag?post=60926"}],"curies":[{"name":"wp","href":"https:\/\/api.w.org\/{rel}","templated":true}]}}