{"id":60928,"date":"2025-07-31T22:23:44","date_gmt":"2025-07-31T21:23:44","guid":{"rendered":"https:\/\/pracek.si\/racunalniskatrgovina\/?post_type=product&#038;p=60928"},"modified":"2026-01-06T00:08:01","modified_gmt":"2026-01-05T23:08:01","slug":"wd5000lplx-500gb-wd-black-25-sata-hdd-100-zdravje-del-prenosnika","status":"publish","type":"product","link":"https:\/\/pracek.si\/racunalniskatrgovina\/izdelek\/wd5000lplx-500gb-wd-black-25-sata-hdd-100-zdravje-del-prenosnika\/","title":{"rendered":"WD5000LPLX 500GB WD Black 2,5&#8243; SATA HDD \u2013 100% zdravje \u2013 del prenosnika"},"content":{"rendered":"<p data-start=\"376\" data-end=\"470\">Popolnoma testiran trdi disk WD5000LPLX 500 GB WD Black 2,5&#8243; za prenosnike. 100 % zdrav, pripravljen za uporabo.<\/p>\n","protected":false},"excerpt":{"rendered":"<p data-start=\"519\" data-end=\"756\">I\u0161\u010dete zanesljiv trdi disk za zamenjavo ali nadgradnjo prostora za shranjevanje v prenosnem ra\u010dunalniku? Ta <strong data-start=\"601\" data-end=\"644\">WD5000LPLX 500 GB WD \u010drn 2,5&#8243; SATA trdi disk<\/strong> je visoko zmogljiv <strong data-start=\"667\" data-end=\"682\">del prenosnika<\/strong>, idealen za tiste, ki \u017eelijo hitro in stabilno shranjevanje, ne da bi pri tem zapravili denar.<\/p>\n<p data-start=\"758\" data-end=\"1216\">\u2705 <strong data-start=\"760\" data-end=\"775\">100 % zdrav<\/strong> \u2013 Ta pogon je bil temeljito preizku\u0161en in preverjeno, da brezhibno deluje.<br data-start=\"858\" data-end=\"861\" \/>\u2705 <strong data-start=\"863\" data-end=\"886\">Prave fotografije izdelkov<\/strong> \u2013 Kar vidite, je to\u010dno to, kar boste prejeli.<br data-start=\"933\" data-end=\"936\" \/>\u2705 <strong data-start=\"938\" data-end=\"957\">WD Black Series<\/strong> \u2013 Znan po izbolj\u0161ani hitrosti in vzdr\u017eljivosti v primerjavi s standardnimi pogoni.<br data-start=\"1028\" data-end=\"1031\" \/>\u2705 <strong data-start=\"1033\" data-end=\"1060\">2,5-pal\u010dni vmesnik SATA<\/strong> \u2013 Zdru\u017eljiv z ve\u010dino prenosnikov in nekaterimi tankimi namiznimi ra\u010dunalniki.<br data-start=\"1115\" data-end=\"1118\" \/>\u2705 <strong data-start=\"1120\" data-end=\"1159\">Idealen za nadgradnje in zamenjave<\/strong> \u2013 Odli\u010dno za o\u017eivitev starej\u0161ih prenosnikov ali raz\u0161iritev prostora za shranjevanje.<\/p>\n<p data-start=\"1218\" data-end=\"1384\"><strong data-start=\"1224\" data-end=\"1265\">ne nudimo navodil za namestitev<\/strong>, vendar \u010de potrebujete pomo\u010d ali imate kakr\u0161na koli vpra\u0161anja o zdru\u017eljivosti ali uporabi, nam po\u0161ljite sporo\u010dilo \u2013 z veseljem vam bomo pomagali.<\/p>\n<p data-start=\"1386\" data-end=\"1534\">Ne glede na to, ali popravljate stroj ali nadgrajujete zmogljivost, je ta originalni <strong data-start=\"1460\" data-end=\"1484\">WD5000LPLX 500 GB trdi disk<\/strong> pravi <strong data-start=\"1498\" data-end=\"1513\">del za prenosnik<\/strong> da opravite delo.<\/p>\n","protected":false},"featured_media":51756,"template":"","meta":[],"product_brand":[],"product_cat":[2084,2066],"product_tag":[1818],"class_list":{"0":"post-60928","1":"product","2":"type-product","3":"status-publish","4":"has-post-thumbnail","6":"product_cat-2-5-hdd","7":"product_cat-ssd-in-hdd-diski","8":"product_tag-rezervni-deli","10":"first","11":"outofstock","12":"taxable","13":"shipping-taxable","14":"purchasable","15":"product-type-simple"},"_links":{"self":[{"href":"https:\/\/pracek.si\/racunalniskatrgovina\/wp-json\/wp\/v2\/product\/60928","targetHints":{"allow":["GET"]}}],"collection":[{"href":"https:\/\/pracek.si\/racunalniskatrgovina\/wp-json\/wp\/v2\/product"}],"about":[{"href":"https:\/\/pracek.si\/racunalniskatrgovina\/wp-json\/wp\/v2\/types\/product"}],"version-history":[{"count":0,"href":"https:\/\/pracek.si\/racunalniskatrgovina\/wp-json\/wp\/v2\/product\/60928\/revisions"}],"wp:featuredmedia":[{"embeddable":true,"href":"https:\/\/pracek.si\/racunalniskatrgovina\/wp-json\/wp\/v2\/media\/51756"}],"wp:attachment":[{"href":"https:\/\/pracek.si\/racunalniskatrgovina\/wp-json\/wp\/v2\/media?parent=60928"}],"wp:term":[{"taxonomy":"product_brand","embeddable":true,"href":"https:\/\/pracek.si\/racunalniskatrgovina\/wp-json\/wp\/v2\/product_brand?post=60928"},{"taxonomy":"product_cat","embeddable":true,"href":"https:\/\/pracek.si\/racunalniskatrgovina\/wp-json\/wp\/v2\/product_cat?post=60928"},{"taxonomy":"product_tag","embeddable":true,"href":"https:\/\/pracek.si\/racunalniskatrgovina\/wp-json\/wp\/v2\/product_tag?post=60928"}],"curies":[{"name":"wp","href":"https:\/\/api.w.org\/{rel}","templated":true}]}}