{"id":60930,"date":"2025-07-31T22:23:44","date_gmt":"2025-07-31T21:23:44","guid":{"rendered":"https:\/\/pracek.si\/racunalniskatrgovina\/?post_type=product&#038;p=60930"},"modified":"2026-03-04T17:49:52","modified_gmt":"2026-03-04T16:49:52","slug":"transcend-ts256gmte110s-256gb-nvme-ssd-100-health-deli-za-prenosnike-m-2-pcie","status":"publish","type":"product","link":"https:\/\/pracek.si\/racunalniskatrgovina\/izdelek\/transcend-ts256gmte110s-256gb-nvme-ssd-100-health-deli-za-prenosnike-m-2-pcie\/","title":{"rendered":"Transcend TS256GMTE110S 256GB NVMe SSD \u2013 100 % Health \u2013 Deli za prenosnike M.2 PCIe"},"content":{"rendered":"<p>Popolnoma testiran SSD Transcend 256 GB NVMe M.2 v popolnem 100-odstotnem stanju. Idealen za nadgradnjo prenosnika. Originalni del \u2013 fotografije so to\u010dno tistega predmeta, ki ga boste prejeli.<\/p>\n","protected":false},"excerpt":{"rendered":"<p data-start=\"616\" data-end=\"799\">Nadgradite svoj prenosni ra\u010dunalnik s tem <strong data-start=\"646\" data-end=\"692\">SSD-jem Transcend TS256GMTE110S 256 GB NVMe M.2<\/strong>, zanesljivo in visoko zmogljivo re\u0161itvijo za shranjevanje, popolno tako za splo\u0161no uporabo kot za zahtevne aplikacije.<\/p>\n<p data-start=\"801\" data-end=\"1096\">Ta originalni pogon Transcend NVMe je bil v celoti preizku\u0161en in je <strong data-start=\"867\" data-end=\"882\">100 % zdrav<\/strong>, kar zagotavlja vrhunsko zanesljivost in hitrost. Ta M.2 PCIe SSD je odli\u010dna izbira tako za uporabnike tehnike, \u0161tudente in profesionalce, ne glede na to, ali zamenjate pokvarjen pogon ali pove\u010date kapaciteto shranjevanja prenosnika.<\/p>\n<p data-start=\"1098\" data-end=\"1115\"><strong data-start=\"1098\" data-end=\"1115\">Klju\u010dne lastnosti:<\/strong><\/p>\n<ul data-start=\"1116\" data-end=\"1431\">\n<li data-start=\"1116\" data-end=\"1154\">\n<p data-start=\"1118\" data-end=\"1154\"><strong data-start=\"1118\" data-end=\"1128\">Model:<\/strong> Transcend TS256GMTE110S<\/p>\n<\/li>\n<li data-start=\"1155\" data-end=\"1178\">\n<p data-start=\"1157\" data-end=\"1178\"><strong data-start=\"1157\" data-end=\"1170\">Kapaciteta:<\/strong> 256 GB<\/p>\n<\/li>\n<li data-start=\"1179\" data-end=\"1208\">\n<p data-start=\"1181\" data-end=\"1208\"><strong data-start=\"1181\" data-end=\"1197\">Faktor oblike:<\/strong> M.2 2280<\/p>\n<\/li>\n<li data-start=\"1209\" data-end=\"1245\">\n<p data-start=\"1211\" data-end=\"1245\"><strong data-start=\"1211\" data-end=\"1225\">Vmesnik:<\/strong> PCIe Gen3 x4 NVMe<\/p>\n<\/li>\n<li data-start=\"1246\" data-end=\"1290\">\n<p data-start=\"1248\" data-end=\"1290\"><strong data-start=\"1248\" data-end=\"1262\">Stanje:<\/strong> rabljeno, testirano, 100% zdravo<\/p>\n<\/li>\n<li data-start=\"1291\" data-end=\"1353\">\n<p data-start=\"1293\" data-end=\"1353\"><strong data-start=\"1293\" data-end=\"1304\">Fotografije:<\/strong> Realne slike natan\u010dne enote, ki jo boste prejeli<\/p>\n<\/li>\n<li data-start=\"1354\" data-end=\"1431\">\n<p data-start=\"1356\" data-end=\"1431\"><strong data-start=\"1356\" data-end=\"1374\">Zdru\u017eljivost:<\/strong> Primerno za \u0161iroko paleto prenosnikov s podporo za NVMe<\/p>\n<\/li>\n<\/ul>\n<p data-start=\"1433\" data-end=\"1592\">Ta del je kot nala\u0161\u010d za zamenjavo ali nadgradnjo va\u0161ega obstoje\u010dega diska SSD, zdru\u017eljiv s \u0161tevilnimi prenosniki in ultrabooki. Pred nakupom potrdite zdru\u017eljivost.<\/p>\n<p data-start=\"1594\" data-end=\"1721\">\ud83d\udce6 <strong data-start=\"1597\" data-end=\"1606\">Opomba:<\/strong> Navodila za namestitev niso prilo\u017eena, vendar nam po\u0161ljite sporo\u010dilo, \u010de potrebujete pomo\u010d \u2013 z veseljem vam bomo pomagali!<\/p>\n<p data-start=\"1723\" data-end=\"1856\">\ud83d\udd27 <strong data-start=\"1726\" data-end=\"1790\">Ta seznam je del na\u0161e preverjene zbirke delov za prenosnike<\/strong> na <strong data-start=\"1794\" data-end=\"1808\">siggmo.com<\/strong>, ki slu\u017ei strankam po Evropi in po vsem svetu.<\/p>\n","protected":false},"featured_media":51760,"template":"","meta":[],"product_brand":[],"product_cat":[2067,2066],"product_tag":[1818],"class_list":{"0":"post-60930","1":"product","2":"type-product","3":"status-publish","4":"has-post-thumbnail","6":"product_cat-nvme","7":"product_cat-ssd-in-hdd-diski","8":"product_tag-rezervni-deli","10":"first","11":"outofstock","12":"taxable","13":"shipping-taxable","14":"purchasable","15":"product-type-simple"},"_links":{"self":[{"href":"https:\/\/pracek.si\/racunalniskatrgovina\/wp-json\/wp\/v2\/product\/60930","targetHints":{"allow":["GET"]}}],"collection":[{"href":"https:\/\/pracek.si\/racunalniskatrgovina\/wp-json\/wp\/v2\/product"}],"about":[{"href":"https:\/\/pracek.si\/racunalniskatrgovina\/wp-json\/wp\/v2\/types\/product"}],"version-history":[{"count":0,"href":"https:\/\/pracek.si\/racunalniskatrgovina\/wp-json\/wp\/v2\/product\/60930\/revisions"}],"wp:featuredmedia":[{"embeddable":true,"href":"https:\/\/pracek.si\/racunalniskatrgovina\/wp-json\/wp\/v2\/media\/51760"}],"wp:attachment":[{"href":"https:\/\/pracek.si\/racunalniskatrgovina\/wp-json\/wp\/v2\/media?parent=60930"}],"wp:term":[{"taxonomy":"product_brand","embeddable":true,"href":"https:\/\/pracek.si\/racunalniskatrgovina\/wp-json\/wp\/v2\/product_brand?post=60930"},{"taxonomy":"product_cat","embeddable":true,"href":"https:\/\/pracek.si\/racunalniskatrgovina\/wp-json\/wp\/v2\/product_cat?post=60930"},{"taxonomy":"product_tag","embeddable":true,"href":"https:\/\/pracek.si\/racunalniskatrgovina\/wp-json\/wp\/v2\/product_tag?post=60930"}],"curies":[{"name":"wp","href":"https:\/\/api.w.org\/{rel}","templated":true}]}}