{"id":61007,"date":"2025-07-31T22:29:56","date_gmt":"2025-07-31T21:29:56","guid":{"rendered":"https:\/\/pracek.si\/racunalniskatrgovina\/?post_type=product&#038;p=61007"},"modified":"2025-07-31T22:34:17","modified_gmt":"2025-07-31T21:34:17","slug":"a1466-macbook-air-13-2014-komplet-zvocnikov-levi-desni-originalni-deli-za-prenosnik","status":"publish","type":"product","link":"https:\/\/pracek.si\/racunalniskatrgovina\/izdelek\/a1466-macbook-air-13-2014-komplet-zvocnikov-levi-desni-originalni-deli-za-prenosnik\/","title":{"rendered":"A1466 MacBook Air 13&#8243; 2014 Komplet zvo\u010dnikov levi + desni | Originalni deli za prenosnik"},"content":{"rendered":"<p data-start=\"393\" data-end=\"551\">Originalni levi in desni notranji komplet zvo\u010dnikov za MacBook Air A1466 (13-pal\u010dni, za\u010detek 2014). Popolnoma preizku\u0161en in delujo\u010d, idealen za obnovitev prvotne kakovosti zvoka.<\/p>\n","protected":false},"excerpt":{"rendered":"<p data-start=\"632\" data-end=\"902\">S tem <strong data-start=\"684\" data-end=\"708\">originalnim kompletom zvo\u010dnikov<\/strong> za model <strong data-start=\"717\" data-end=\"749\">MacBook Air 13&#8243; (za\u010detek 2014)<\/strong> obnovite oster in jasen zvok svojega MacBook-a. data-start=&#8221;756&#8243; data-end=&#8221;765&#8243;>A1466<\/strong>To sta <strong data-start=\"781\" data-end=\"817\">levi in desni notranji zvo\u010dnik<\/strong>, skrbno odstranjena iz delujo\u010de enote in v celoti testirana glede kakovosti in delovanja.<\/p>\n<p data-start=\"904\" data-end=\"1098\">Ne glede na to, ali so va\u0161i trenutni zvo\u010dniki popa\u010deni, tihi ali po\u0161kodovani, je ta originalni Apple del popolna zamenjava za povrnitev bogate zvo\u010dne izku\u0161nje, ki jo je prvotno zagotavljal va\u0161 MacBook Air.<\/p>\n<h3 data-start=\"1100\" data-end=\"1125\">\u2705 Poudarki izdelka:<\/h3>\n<ul data-start=\"1126\" data-end=\"1619\">\n<li data-start=\"1126\" data-end=\"1200\">\n<p data-start=\"1128\" data-end=\"1200\"><strong data-start=\"1128\" data-end=\"1152\">Zdru\u017eljivost modela:<\/strong> 13-pal\u010dni MacBook Air (za\u010detek 2014), model A1466<\/p>\n<\/li>\n<li data-start=\"1201\" data-end=\"1243\">\n<p data-start=\"1203\" data-end=\"1243\"><strong data-start=\"1203\" data-end=\"1216\">Vklju\u010duje:<\/strong> Komplet levi + desni zvo\u010dnik<\/p>\n<\/li>\n<li data-start=\"1244\" data-end=\"1326\">\n<p data-start=\"1246\" data-end=\"1326\"><strong data-start=\"1246\" data-end=\"1260\">Stanje:<\/strong> Rabljeno, a popolnoma funkcionalno \u2013 prilo\u017eene prave fotografije dejanskega predmeta<\/p>\n<\/li>\n<li data-start=\"1327\" data-end=\"1425\">\n<p data-start=\"1329\" data-end=\"1425\"><strong data-start=\"1329\" data-end=\"1346\">Namestitev:<\/strong> Priporo\u010damo strokovno namestitev \u2013 po\u0161ljite nam sporo\u010dilo za navodila<\/p>\n<\/li>\n<li data-start=\"1426\" data-end=\"1492\">\n<p data-start=\"1428\" data-end=\"1492\"><strong data-start=\"1428\" data-end=\"1441\">Po\u0161iljanje:<\/strong> Po\u0161iljamo iz Evrope in nudimo dostavo po vsem svetu<\/p>\n<\/li>\n<li data-start=\"1493\" data-end=\"1619\">\n<p data-start=\"1495\" data-end=\"1619\"><strong data-start=\"1495\" data-end=\"1511\">Popoln za:<\/strong> serviserje, obnavljalce prenosnikov in vse, ki potrebujejo visokokakovostne <strong data-start=\"1585\" data-end=\"1601\">dele prenosnikov<\/strong> za naprave Apple<\/p>\n<\/li>\n<\/ul>\n<p data-start=\"1621\" data-end=\"1846\">\u010ce i\u0161\u010dete <strong data-start=\"1643\" data-end=\"1659\">dele za prenosnike<\/strong>, ki jim lahko zaupate, je to \u010dista, izvirna komponenta Apple \u2013 tukaj ni poceni zamenjav. Prejeli boste to\u010dno to, kar vidite na fotografijah. \u0160e vedno potrebujete pomo\u010d? Kadar koli nam po\u0161ljite sporo\u010dilo.<\/p>\n","protected":false},"featured_media":51883,"template":"","meta":[],"product_brand":[],"product_cat":[2053],"product_tag":[1818],"class_list":{"0":"post-61007","1":"product","2":"type-product","3":"status-publish","4":"has-post-thumbnail","6":"product_cat-zvocniki-za-prenosnike","7":"product_tag-rezervni-deli","9":"first","10":"instock","11":"taxable","12":"shipping-taxable","13":"purchasable","14":"product-type-simple"},"_links":{"self":[{"href":"https:\/\/pracek.si\/racunalniskatrgovina\/wp-json\/wp\/v2\/product\/61007","targetHints":{"allow":["GET"]}}],"collection":[{"href":"https:\/\/pracek.si\/racunalniskatrgovina\/wp-json\/wp\/v2\/product"}],"about":[{"href":"https:\/\/pracek.si\/racunalniskatrgovina\/wp-json\/wp\/v2\/types\/product"}],"version-history":[{"count":0,"href":"https:\/\/pracek.si\/racunalniskatrgovina\/wp-json\/wp\/v2\/product\/61007\/revisions"}],"wp:featuredmedia":[{"embeddable":true,"href":"https:\/\/pracek.si\/racunalniskatrgovina\/wp-json\/wp\/v2\/media\/51883"}],"wp:attachment":[{"href":"https:\/\/pracek.si\/racunalniskatrgovina\/wp-json\/wp\/v2\/media?parent=61007"}],"wp:term":[{"taxonomy":"product_brand","embeddable":true,"href":"https:\/\/pracek.si\/racunalniskatrgovina\/wp-json\/wp\/v2\/product_brand?post=61007"},{"taxonomy":"product_cat","embeddable":true,"href":"https:\/\/pracek.si\/racunalniskatrgovina\/wp-json\/wp\/v2\/product_cat?post=61007"},{"taxonomy":"product_tag","embeddable":true,"href":"https:\/\/pracek.si\/racunalniskatrgovina\/wp-json\/wp\/v2\/product_tag?post=61007"}],"curies":[{"name":"wp","href":"https:\/\/api.w.org\/{rel}","templated":true}]}}