{"id":62798,"date":"2026-04-04T10:04:48","date_gmt":"2026-04-04T09:04:48","guid":{"rendered":"https:\/\/pracek.si\/racunalniskatrgovina\/izdelek\/prenosnik-hp-envy-x360-16-ad0629nz-touch-amd-ryzen-7-ram-16-gb-ssd-disk-160%e2%80%b3-wuxga\/"},"modified":"2026-04-04T10:04:56","modified_gmt":"2026-04-04T09:04:56","slug":"prenosnik-hp-envy-x360-16-ad0629nz-touch-amd-ryzen-7-ram-16-gb-ssd-disk-160%e2%80%b3-wuxga","status":"publish","type":"product","link":"https:\/\/pracek.si\/racunalniskatrgovina\/izdelek\/prenosnik-hp-envy-x360-16-ad0629nz-touch-amd-ryzen-7-ram-16-gb-ssd-disk-160%e2%80%b3-wuxga\/","title":{"rendered":"Prenosnik HP Envy x360 16-ad0629nz | Touch \/ AMD Ryzen\u2122 7 \/ RAM 16 GB \/ SSD Disk \/ 16,0\u2033 WUXGA"},"content":{"rendered":"<p>Zajemite neskon\u010dne mo\u017enosti z vsestranskim Prenosnikom HP Envy x360 16-ad0629nz s funkcijo dotika, ki zdru\u017euje mo\u010dan procesor, vrhunsko grafiko in napredno povezljivost v elegantni zasnovi. Ta prenosnik je idealen za ustvarjanje, zabavo in delo na poti, opremljen je z vrhunskimi komponentami, ki zagotavljajo zanesljivo in hitro delovanje.<\/p>\n<p><H2>Najve\u010dje prednosti<\/H2><br \/>\n<ul><br \/>\n  <li><b>Eleganten in funkcionalen design:<\/b> 16,0-pal\u010dni WUXGA Multi-Touch IPS LED zaslon omogo\u010da \u0161iroke zorne kote in impresivno gledanje.<\/li><br \/>\n  <li><b>Mo\u010dna zmogljivost:<\/b> Z Ryzen procesorjem u\u017eivajte v gladkem delovanju in ve\u010dopravilnosti brez napora.<\/li><br \/>\n  <li><b>Izjemno hiter NVMe SSD:<\/b> Zagotavlja takoj\u0161en dostop do va\u0161ih podatkov in hitrej\u0161i zagon aplikacij.<\/li><br \/>\n  <li><b>Napredna povezljivost:<\/b> Z vrsto sodobnih priklju\u010dkov, vklju\u010dno z USB-C in HDMI, ste pripravljeni na vse.<\/li><br \/>\n  <li><b>Udobna uporaba:<\/b> Osvetljena tipkovnica omogo\u010da tipkanje v vseh svetlobnih pogojih.<\/li><br \/>\n<\/ul><\/p>\n<p><H2>Kdo kupuje ta izdelek<\/H2><br \/>\nPrenosnik HP Envy x360 je popolna izbira za ustvarjalce vsebin, profesionalce, ki potrebujejo zanesljivo delovno postajo, in vse, ki i\u0161\u010dejo zabavo v visoki lo\u010dljivosti. Z zmogljivo grafiko in impresivnimi zmogljivostmi je primeren tako za urejanje videov in fotografij kot za igranje iger.<\/p>\n<p><H2>Mo\u017enosti nadgradnje<\/H2><br \/>\n\u010ceprav pomnilnika ni mo\u017eno nadgraditi, SSD disk ponuja mo\u017enost nadgradnje za \u0161e ve\u010d prostora. Pred izvedbo nadgradnje se vedno posvetujte s strokovnjakom.<\/p>\n<p><H2>Zakaj izbrati obnovljeno napravo<\/H2><br \/>\nIzbira obnovljene naprave SmartTech vam prina\u0161a odli\u010dne prilo\u017enosti. Vsak prenosnik je temeljito preizku\u0161en s strani strokovnjakov, da zagotovi optimalno delovanje, ter ocenjen po standardiziranem sistemu kakovosti, kar zagotavlja odli\u010dno vrednost za va\u0161 denar. Poleg tega z izbiro obnovljene naprave prispevate k zmanj\u0161anju elektronskega odpada in s tem pozitivno vplivate na okolje.<\/p>\n<p>S HP Envy x360 si zagotovite izku\u0161njo, ki zdru\u017euje zmogljivost, zanesljivost in moderni dizajn \u2013 vse v enem paketu.<h2>Odprta embala\u017ea<\/h2>&#13;<br \/>\n<p>Skoraj nobenih znakov obrabe. Tovarni\u0161ka kvaliteta. V ve\u010dini primerov gre za prese\u017eek proizvodnje in neprodane zaloge, pri katerih razlike v primerjavi z novimi napravami niso opazne.<\/p>&#13;<\/p>\n","protected":false},"excerpt":{"rendered":"<p>AMD Ryzen R7 8840HS (3,3 GHz), 16 GB DDR5-6400 (soldered\/non upgradable), 40,6 cm (16,0\u2033) WUXGA 2K (1920&#215;1200) Multi-Touch IPS LED, SSD 1 TB PCIe NVMe, AMD Radeon Graphics (IGP), HDMI 2.1, 2x USB-C 3.2 Gen2 (10Gbps &#8211; DP Alt Mode), 2x USB-A 3.2 Gen1 (5Gbps), Wi-Fi, Bluetooth, Webcam, Backlit Kbd., Microsoft Windows 11 Home (64-bit)<\/p>\n","protected":false},"featured_media":62800,"template":"","meta":[],"product_brand":[26],"product_cat":[1296,1204,1958,1286],"product_tag":[1811],"class_list":{"0":"post-62798","1":"product","2":"type-product","3":"status-publish","4":"has-post-thumbnail","6":"product_brand-hewlett-packard","7":"product_cat-hp-prenosniki","8":"product_cat-prenosniki","9":"product_cat-prenosniki-za-domaco-uporabo","10":"product_cat-priljubljena-iskanja","11":"product_tag-pp","12":"pa_odgovorna-oseba-v-eu-hp-reg-23010","14":"first","15":"instock","16":"taxable","17":"shipping-taxable","18":"purchasable","19":"product-type-simple"},"_links":{"self":[{"href":"https:\/\/pracek.si\/racunalniskatrgovina\/wp-json\/wp\/v2\/product\/62798","targetHints":{"allow":["GET"]}}],"collection":[{"href":"https:\/\/pracek.si\/racunalniskatrgovina\/wp-json\/wp\/v2\/product"}],"about":[{"href":"https:\/\/pracek.si\/racunalniskatrgovina\/wp-json\/wp\/v2\/types\/product"}],"version-history":[{"count":1,"href":"https:\/\/pracek.si\/racunalniskatrgovina\/wp-json\/wp\/v2\/product\/62798\/revisions"}],"predecessor-version":[{"id":91702,"href":"https:\/\/pracek.si\/racunalniskatrgovina\/wp-json\/wp\/v2\/product\/62798\/revisions\/91702"}],"wp:featuredmedia":[{"embeddable":true,"href":"https:\/\/pracek.si\/racunalniskatrgovina\/wp-json\/wp\/v2\/media\/62800"}],"wp:attachment":[{"href":"https:\/\/pracek.si\/racunalniskatrgovina\/wp-json\/wp\/v2\/media?parent=62798"}],"wp:term":[{"taxonomy":"product_brand","embeddable":true,"href":"https:\/\/pracek.si\/racunalniskatrgovina\/wp-json\/wp\/v2\/product_brand?post=62798"},{"taxonomy":"product_cat","embeddable":true,"href":"https:\/\/pracek.si\/racunalniskatrgovina\/wp-json\/wp\/v2\/product_cat?post=62798"},{"taxonomy":"product_tag","embeddable":true,"href":"https:\/\/pracek.si\/racunalniskatrgovina\/wp-json\/wp\/v2\/product_tag?post=62798"}],"curies":[{"name":"wp","href":"https:\/\/api.w.org\/{rel}","templated":true}]}}