{"id":70689,"date":"2025-09-12T09:58:25","date_gmt":"2025-09-12T08:58:25","guid":{"rendered":"https:\/\/pracek.si\/racunalniskatrgovina\/?post_type=product&#038;p=70689"},"modified":"2026-01-31T08:10:50","modified_gmt":"2026-01-31T07:10:50","slug":"intel-core-i5-520m-240-ghz-3-mb-predpomnilnik-pga988-dual-core-cpu-procesor-63y1513-deli-za-prenosnike","status":"publish","type":"product","link":"https:\/\/pracek.si\/racunalniskatrgovina\/izdelek\/intel-core-i5-520m-240-ghz-3-mb-predpomnilnik-pga988-dual-core-cpu-procesor-63y1513-deli-za-prenosnike\/","title":{"rendered":"Intel Core i5-520M 2,40 GHz 3 MB predpomnilnik PGA988 Dual Core CPU procesor 63Y1513 \u2013 Deli za prenosnike"},"content":{"rendered":"<p>Zanesljiv procesor Intel Core i5\u2013520M (63Y1513) s taktom 2,40 GHz, 3 MB predpomnilnika in vti\u010dnico PGA988. Popoln nadomestni del prenosnika za nadgradnjo ali popravilo va\u0161ega sistema. Testirano in popolnoma delujo\u010de.<\/p>\n","protected":false},"excerpt":{"rendered":"<p data-start=\"670\" data-end=\"1042\">Nadgradite ali popravite svoj prenosnik s tem <strong data-start=\"710\" data-end=\"766\">dvojedrnim procesorjem Intel Core i5\u2013520M (63Y1513)<\/strong>. Ta procesor, ki deluje pri <strong data-start=\"781\" data-end=\"834\">2,40 GHz s hitrostjo vodila 2,5 GT\/s in 3 MB SmartCache<\/strong>, zagotavlja zanesljivo delovanje za vsakodnevne ra\u010dunalni\u0161ke potrebe. Zgrajen na vti\u010dnici PGA988 je \u0161iroko zdru\u017eljiv z vrsto prenosnikov, ki podpirajo prvo generacijo procesorjev Intel Core i5.<\/p>\n<p data-start=\"1044\" data-end=\"1231\">To je <strong data-start=\"1054\" data-end=\"1080\">originalni rabljen procesor<\/strong>, skrbno preizku\u0161en, da zagotovimo njegovo zanesljivo delovanje. Je idealna izbira za zamenjavo pokvarjenega procesorja ali pove\u010danje zmogljivosti va\u0161ega obstoje\u010dega prenosnika.<\/p>\n<p data-start=\"1233\" data-end=\"1258\"><strong data-start=\"1233\" data-end=\"1256\">Klju\u010dne specifikacije:<\/strong><\/p>\n<ul data-start=\"1259\" data-end=\"1491\">\n<li data-start=\"1259\" data-end=\"1288\">\n<p data-start=\"1261\" data-end=\"1288\">Model: Intel Core i5-520M<\/p>\n<\/li>\n<li data-start=\"1289\" data-end=\"1317\">\n<p data-start=\"1291\" data-end=\"1317\">FRU\/\u0161tevilka dela: 63Y1513<\/p>\n<\/li>\n<li data-start=\"1318\" data-end=\"1343\">\n<p data-start=\"1320\" data-end=\"1343\">Takt: 2,40 GHz<\/p>\n<\/li>\n<li data-start=\"1344\" data-end=\"1366\">\n<p data-start=\"1346\" data-end=\"1366\">Hitrost avtobusa: 2,5GT\/s<\/p>\n<\/li>\n<li data-start=\"1367\" data-end=\"1392\">\n<p data-start=\"1369\" data-end=\"1392\">Predpomnilnik: 3 MB SmartCache<\/p>\n<\/li>\n<li data-start=\"1393\" data-end=\"1431\">\n<p data-start=\"1395\" data-end=\"1431\">Jedra\/niti: 2 jedri \/ 4 niti<\/p>\n<\/li>\n<li data-start=\"1432\" data-end=\"1457\">\n<p data-start=\"1434\" data-end=\"1457\">Vti\u010dnica: PGA988 (rPGA)<\/p>\n<\/li>\n<li data-start=\"1458\" data-end=\"1491\">\n<p data-start=\"1460\" data-end=\"1491\">Stanje: rabljeno, popolnoma testirano<\/p>\n<\/li>\n<\/ul>\n<p data-start=\"1493\" data-end=\"1515\"><strong data-start=\"1493\" data-end=\"1513\">Zakaj kupiti pri nas?<\/strong><\/p>\n<ul data-start=\"1516\" data-end=\"1715\">\n<li data-start=\"1516\" data-end=\"1560\">\n<p data-start=\"1518\" data-end=\"1560\">Originalni deli prenosnika, nabavljeni in preizku\u0161eni<\/p>\n<\/li>\n<li data-start=\"1561\" data-end=\"1619\">\n<p data-start=\"1563\" data-end=\"1619\">Prave fotografije izdelkov \u2013 prejmete to\u010dno to, kar vidite<\/p>\n<\/li>\n<li data-start=\"1620\" data-end=\"1654\">\n<p data-start=\"1622\" data-end=\"1654\">Po\u0161iljanje iz Evrope po vsem svetu<\/p>\n<\/li>\n<li data-start=\"1655\" data-end=\"1715\">\n<p data-start=\"1657\" data-end=\"1715\">Zanesljiv prodajalec z dolgoletnimi izku\u0161njami na podro\u010dju prenosnih delov<\/p>\n<\/li>\n<\/ul>\n<p data-start=\"1717\" data-end=\"1854\">\ud83d\udccc <strong data-start=\"1720\" data-end=\"1729\">Opomba:<\/strong> navodila za namestitev niso vklju\u010dena. \u010ce potrebujete pomo\u010d ali navodila glede zdru\u017eljivosti, se pred nakupom obrnite na nas.<\/p>\n","protected":false},"featured_media":70785,"template":"","meta":[],"product_brand":[],"product_cat":[2074],"product_tag":[1818],"class_list":{"0":"post-70689","1":"product","2":"type-product","3":"status-publish","4":"has-post-thumbnail","6":"product_cat-procesorji-cpu","7":"product_tag-rezervni-deli","9":"first","10":"outofstock","11":"taxable","12":"shipping-taxable","13":"purchasable","14":"product-type-simple"},"_links":{"self":[{"href":"https:\/\/pracek.si\/racunalniskatrgovina\/wp-json\/wp\/v2\/product\/70689","targetHints":{"allow":["GET"]}}],"collection":[{"href":"https:\/\/pracek.si\/racunalniskatrgovina\/wp-json\/wp\/v2\/product"}],"about":[{"href":"https:\/\/pracek.si\/racunalniskatrgovina\/wp-json\/wp\/v2\/types\/product"}],"version-history":[{"count":0,"href":"https:\/\/pracek.si\/racunalniskatrgovina\/wp-json\/wp\/v2\/product\/70689\/revisions"}],"wp:featuredmedia":[{"embeddable":true,"href":"https:\/\/pracek.si\/racunalniskatrgovina\/wp-json\/wp\/v2\/media\/70785"}],"wp:attachment":[{"href":"https:\/\/pracek.si\/racunalniskatrgovina\/wp-json\/wp\/v2\/media?parent=70689"}],"wp:term":[{"taxonomy":"product_brand","embeddable":true,"href":"https:\/\/pracek.si\/racunalniskatrgovina\/wp-json\/wp\/v2\/product_brand?post=70689"},{"taxonomy":"product_cat","embeddable":true,"href":"https:\/\/pracek.si\/racunalniskatrgovina\/wp-json\/wp\/v2\/product_cat?post=70689"},{"taxonomy":"product_tag","embeddable":true,"href":"https:\/\/pracek.si\/racunalniskatrgovina\/wp-json\/wp\/v2\/product_tag?post=70689"}],"curies":[{"name":"wp","href":"https:\/\/api.w.org\/{rel}","templated":true}]}}