{"id":70769,"date":"2025-09-12T10:04:28","date_gmt":"2025-09-12T09:04:28","guid":{"rendered":"https:\/\/pracek.si\/racunalniskatrgovina\/?post_type=product&#038;p=70769"},"modified":"2025-09-12T13:49:56","modified_gmt":"2025-09-12T12:49:56","slug":"dell-latitude-7480-7490-dc-power-jack-s-kablom-8gjm9-08gjm9-deli-za-prenosnike","status":"publish","type":"product","link":"https:\/\/pracek.si\/racunalniskatrgovina\/izdelek\/dell-latitude-7480-7490-dc-power-jack-s-kablom-8gjm9-08gjm9-deli-za-prenosnike\/","title":{"rendered":"Dell Latitude 7480 7490 DC Power Jack s kablom 8GJM9 08GJM9 Deli za prenosnike"},"content":{"rendered":"<p>Zanesljiv vhodni priklju\u010dek za enosmerni tok s kablom za Dell Latitude 7480 in 7490. Originalni nadomestni del prenosnega ra\u010dunalnika s \u0161tevilkami delov 8GJM9 \/ 08GJM9. Fotografije prikazujejo natan\u010den artikel, ki ga boste prejeli.<\/p>\n","protected":false},"excerpt":{"rendered":"<p data-start=\"698\" data-end=\"934\">Nadgradite ali popravite svoj Dell Latitude s tem <strong data-start=\"745\" data-end=\"787\">pristnim vhodnim vhodom za enosmerni tok s kablom<\/strong>. Ta bistveni <strong data-start=\"804\" data-end=\"819\">del prenosnika<\/strong> zagotavlja stabilno napajalno povezavo, kar va\u0161i napravi omogo\u010da u\u010dinkovito polnjenje in ohranja zanesljivo delovanje.<\/p>\n<p data-start=\"936\" data-end=\"1185\">\u2714 <strong data-start=\"938\" data-end=\"960\">Zdru\u017eljivi modeli:<\/strong> Dell Latitude 7480, Dell Latitude 7490<br data-start=\"999\" data-end=\"1002\" \/>\u2714 <strong data-start=\"1004\" data-end=\"1021\">\u0160tevilke delov:<\/strong> 8GJM9 \/ 08GJM9<br data-start=\"1036\" data-end=\"1039\" \/>\u2714 <strong data-start=\"1041\" data-end=\"1055\">Stanje:<\/strong> Originalni nadomestni del, testiran in delujo\u010d<br data-start=\"1109\" data-end=\"1112\" \/>\u2714 <strong data-start=\"1114\" data-end=\"1125\">Fotografije:<\/strong> Realne fotografije izdelkov \u2013 prejeli boste to\u010dno to, kar vidite<\/p>\n<p data-start=\"1187\" data-end=\"1430\">Ta napajalni priklju\u010dek za enosmerni tok je idealen za odpravljanje te\u017eav s polnjenjem, ki jih povzro\u010dajo zrahljana ali po\u0161kodovana vrata. Ne glede na to, ali ste poklicni tehnik ali sami popravljate svoj prenosni ra\u010dunalnik, ta zamenjava zagotavlja dolgotrajno delovanje in varno povezavo.<\/p>\n<p data-start=\"1432\" data-end=\"1543\">\ud83d\udca1 <strong data-start=\"1435\" data-end=\"1444\">Opomba:<\/strong> navodila za namestitev niso prilo\u017eena, a \u010de potrebujete pomo\u010d, nas kontaktirajte.<\/p>\n<p data-start=\"1545\" data-end=\"1707\">Pri <strong data-start=\"1548\" data-end=\"1562\">siggmo<\/strong> smo specializirani za <strong data-start=\"1581\" data-end=\"1597\">dele prenosnikov<\/strong> za stranke po vsem svetu. Na\u0161 cilj je zagotoviti visokokakovostne komponente, da bo va\u0161 prenosnik spet deloval kot nov.<\/p>\n","protected":false},"featured_media":70872,"template":"","meta":[],"product_brand":[],"product_cat":[2062],"product_tag":[2052,1818],"class_list":{"0":"post-70769","1":"product","2":"type-product","3":"status-publish","4":"has-post-thumbnail","6":"product_cat-maticne-plosce-in-deli-plosc","7":"product_tag-dell","8":"product_tag-rezervni-deli","10":"first","11":"instock","12":"taxable","13":"shipping-taxable","14":"purchasable","15":"product-type-simple"},"_links":{"self":[{"href":"https:\/\/pracek.si\/racunalniskatrgovina\/wp-json\/wp\/v2\/product\/70769","targetHints":{"allow":["GET"]}}],"collection":[{"href":"https:\/\/pracek.si\/racunalniskatrgovina\/wp-json\/wp\/v2\/product"}],"about":[{"href":"https:\/\/pracek.si\/racunalniskatrgovina\/wp-json\/wp\/v2\/types\/product"}],"version-history":[{"count":0,"href":"https:\/\/pracek.si\/racunalniskatrgovina\/wp-json\/wp\/v2\/product\/70769\/revisions"}],"wp:featuredmedia":[{"embeddable":true,"href":"https:\/\/pracek.si\/racunalniskatrgovina\/wp-json\/wp\/v2\/media\/70872"}],"wp:attachment":[{"href":"https:\/\/pracek.si\/racunalniskatrgovina\/wp-json\/wp\/v2\/media?parent=70769"}],"wp:term":[{"taxonomy":"product_brand","embeddable":true,"href":"https:\/\/pracek.si\/racunalniskatrgovina\/wp-json\/wp\/v2\/product_brand?post=70769"},{"taxonomy":"product_cat","embeddable":true,"href":"https:\/\/pracek.si\/racunalniskatrgovina\/wp-json\/wp\/v2\/product_cat?post=70769"},{"taxonomy":"product_tag","embeddable":true,"href":"https:\/\/pracek.si\/racunalniskatrgovina\/wp-json\/wp\/v2\/product_tag?post=70769"}],"curies":[{"name":"wp","href":"https:\/\/api.w.org\/{rel}","templated":true}]}}