{"id":70880,"date":"2025-09-12T10:11:13","date_gmt":"2025-09-12T09:11:13","guid":{"rendered":"https:\/\/pracek.si\/racunalniskatrgovina\/?post_type=product&#038;p=70880"},"modified":"2026-02-09T13:05:32","modified_gmt":"2026-02-09T12:05:32","slug":"deli-za-prenosnik-hp-elitebook-745-840-g3-base-plate-bottom-cover-821164-001","status":"publish","type":"product","link":"https:\/\/pracek.si\/racunalniskatrgovina\/izdelek\/deli-za-prenosnik-hp-elitebook-745-840-g3-base-plate-bottom-cover-821164-001\/","title":{"rendered":"Deli za prenosnik HP EliteBook 745\/840 G3 Base Plate Bottom Cover 821164-001"},"content":{"rendered":"<p>Originalna osnovna plo\u0161\u010da HP EliteBook 745\/840 G3 (\u0161t. dela 821164-001). Idealen nadomestni spodnji pokrov za obnovitev vzdr\u017eljivosti in strukture. Vklju\u010dene so prave fotografije izdelkov.<\/p>\n","protected":false},"excerpt":{"rendered":"<p data-start=\"495\" data-end=\"774\">Nadgradite ali zamenjajte svoj HP EliteBook 745\/840 G3 s to <strong data-start=\"553\" data-end=\"609\">originalno osnovno plo\u0161\u010do HP SPS (\u0161tevilka dela: 821164-001)<\/strong>. Ta spodnji pokrov je zasnovan tako, da se popolnoma prilega in podpira notranjo strukturo va\u0161ega prenosnika, zaradi \u010desar je zanesljiva re\u0161itev za popravila ali projekte prenove.<\/p>\n<p data-start=\"776\" data-end=\"1017\">Ne glede na to, ali ste tehnik, preprodajalec ali kon\u010dni uporabnik, ta del zagotavlja, da va\u0161a naprava povrne profesionalni videz in mo\u010d. Vse fotografije v tem seznamu prikazujejo <strong data-start=\"940\" data-end=\"978\">natan\u010den del prenosnika, ki ga boste prejeli<\/strong>, tako da natan\u010dno veste, kaj lahko pri\u010dakujete.<\/p>\n<p data-start=\"1019\" data-end=\"1228\">\u2714 <strong data-start=\"1021\" data-end=\"1042\">Zdru\u017eljivi modeli<\/strong>: HP EliteBook 745 G3, 840 G3<br data-start=\"1071\" data-end=\"1074\" \/>\u2714 <strong data-start=\"1076\" data-end=\"1091\">\u0160tevilka dela<\/strong>: 821164-001<br data-start=\"1103\" data-end=\"1106\" \/>\u2714 <strong data-start=\"1108\" data-end=\"1120\">Kategorija<\/strong>: Deli prenosnika \u2013 osnovna plo\u0161\u010da\/spodnji pokrov<br data-start=\"1162\" data-end=\"1165\" \/>\u2714 <strong data-start=\"1167\" data-end=\"1180\">Stanje<\/strong>: rabljeno, testirano in odli\u010dno delujo\u010de<\/p>\n<p data-start=\"1230\" data-end=\"1372\">\ud83d\udca1 Upo\u0161tevajte: navodila za namestitev niso prilo\u017eena. \u010ce potrebujete dodatna navodila, nam po\u0161ljite sporo\u010dilo in z veseljem vam bomo pomagali.<\/p>\n","protected":false},"featured_media":70990,"template":"","meta":[],"product_brand":[],"product_cat":[2051],"product_tag":[2060,1818],"class_list":{"0":"post-70880","1":"product","2":"type-product","3":"status-publish","4":"has-post-thumbnail","6":"product_cat-ohisje-prenosnika","7":"product_tag-hp","8":"product_tag-rezervni-deli","10":"first","11":"instock","12":"taxable","13":"shipping-taxable","14":"purchasable","15":"product-type-simple"},"_links":{"self":[{"href":"https:\/\/pracek.si\/racunalniskatrgovina\/wp-json\/wp\/v2\/product\/70880","targetHints":{"allow":["GET"]}}],"collection":[{"href":"https:\/\/pracek.si\/racunalniskatrgovina\/wp-json\/wp\/v2\/product"}],"about":[{"href":"https:\/\/pracek.si\/racunalniskatrgovina\/wp-json\/wp\/v2\/types\/product"}],"version-history":[{"count":0,"href":"https:\/\/pracek.si\/racunalniskatrgovina\/wp-json\/wp\/v2\/product\/70880\/revisions"}],"wp:featuredmedia":[{"embeddable":true,"href":"https:\/\/pracek.si\/racunalniskatrgovina\/wp-json\/wp\/v2\/media\/70990"}],"wp:attachment":[{"href":"https:\/\/pracek.si\/racunalniskatrgovina\/wp-json\/wp\/v2\/media?parent=70880"}],"wp:term":[{"taxonomy":"product_brand","embeddable":true,"href":"https:\/\/pracek.si\/racunalniskatrgovina\/wp-json\/wp\/v2\/product_brand?post=70880"},{"taxonomy":"product_cat","embeddable":true,"href":"https:\/\/pracek.si\/racunalniskatrgovina\/wp-json\/wp\/v2\/product_cat?post=70880"},{"taxonomy":"product_tag","embeddable":true,"href":"https:\/\/pracek.si\/racunalniskatrgovina\/wp-json\/wp\/v2\/product_tag?post=70880"}],"curies":[{"name":"wp","href":"https:\/\/api.w.org\/{rel}","templated":true}]}}