{"id":71066,"date":"2025-09-12T10:19:50","date_gmt":"2025-09-12T09:19:50","guid":{"rendered":"https:\/\/pracek.si\/racunalniskatrgovina\/?post_type=product&#038;p=71066"},"modified":"2025-09-12T13:53:37","modified_gmt":"2025-09-12T12:53:37","slug":"spodnji-osnovni-pokrov-prenosnika-dell-latitude-e6420-r1x1k-cn-0r1x1k-nadomestni-del-deli-za-prenosnike","status":"publish","type":"product","link":"https:\/\/pracek.si\/racunalniskatrgovina\/izdelek\/spodnji-osnovni-pokrov-prenosnika-dell-latitude-e6420-r1x1k-cn-0r1x1k-nadomestni-del-deli-za-prenosnike\/","title":{"rendered":"Spodnji osnovni pokrov prenosnika Dell Latitude E6420 R1X1K CN-0R1X1K nadomestni del \u2013 Deli za prenosnike"},"content":{"rendered":"<p>Nadgradite ali popravite svoj Dell Latitude E6420 s tem originalnim spodnjim pokrovom (R1X1K \/ CN-0R1X1K). Visokokakovosten nadomestni del, pripravljen za namestitev. Prilo\u017eene prave fotografije!<\/p>\n","protected":false},"excerpt":{"rendered":"<p data-start=\"534\" data-end=\"778\">Zagotovite, da bo va\u0161 prenosnik Dell Latitude E6420 ostal za\u0161\u010diten in funkcionalen s tem pristnim spodnjim pokrovom. Ta nadomestni del (R1X1K \/ CN-0R1X1K) je zasnovan tako, da se popolnoma prilega va\u0161emu prenosniku ter zagotavlja vzdr\u017eljivost in stabilnost va\u0161e naprave.<\/p>\n<p data-start=\"780\" data-end=\"805\"><strong data-start=\"780\" data-end=\"803\">Poudarki izdelka:<\/strong><\/p>\n<ul data-start=\"806\" data-end=\"1087\">\n<li data-start=\"806\" data-end=\"851\">\n<p data-start=\"808\" data-end=\"851\"><strong data-start=\"808\" data-end=\"829\">Zdru\u017eljiv model:<\/strong> Dell Latitude E6420<\/p>\n<\/li>\n<li data-start=\"852\" data-end=\"899\">\n<p data-start=\"854\" data-end=\"899\"><strong data-start=\"854\" data-end=\"870\">\u0160tevilka dela:<\/strong> R1X1K \/ 0R1X1K \/ CN-0R1X1K<\/p>\n<\/li>\n<li data-start=\"900\" data-end=\"954\">\n<p data-start=\"902\" data-end=\"954\"><strong data-start=\"902\" data-end=\"916\">Stanje:<\/strong> Popolnoma nov, visokokakovosten nadomestek<\/p>\n<\/li>\n<li data-start=\"955\" data-end=\"1019\">\n<p data-start=\"957\" data-end=\"1019\"><strong data-start=\"957\" data-end=\"970\">Material:<\/strong> Trpe\u017ena plastika za za\u0161\u010dito notranjih komponent<\/p>\n<\/li>\n<li data-start=\"1020\" data-end=\"1087\">\n<p data-start=\"1022\" data-end=\"1087\"><strong data-start=\"1022\" data-end=\"1033\">Fotografije:<\/strong> prave slike izdelkov \u2013 kar vidite, to dobite!<\/p>\n<\/li>\n<\/ul>\n<p data-start=\"1089\" data-end=\"1280\">Ta spodnji pokrov prenosnika je idealna zamenjava, \u010de je va\u0161 trenutni pokrov po\u0161kodovan, opraskan ali obrabljen. To je del prenosnika, ki ga morate imeti, \u010de \u017eelite vzdr\u017eevati svoj Dell Latitude E6420 v vrhunskem stanju.<\/p>\n<p data-start=\"1282\" data-end=\"1391\"><strong data-start=\"1282\" data-end=\"1291\">Opomba:<\/strong> Ne nudimo navodil za namestitev, \u010de pa potrebujete pomo\u010d, nam pi\u0161ite.<\/p>\n<p data-start=\"1393\" data-end=\"1522\">Nadgradite svoj prenosnik \u0161e danes s tem zanesljivim in pristnim nadomestnim delom! Popoln za popravila, obnove ali vzdr\u017eevanje.<\/p>\n","protected":false},"featured_media":71169,"template":"","meta":[],"product_brand":[],"product_cat":[2051],"product_tag":[2052,1818],"class_list":{"0":"post-71066","1":"product","2":"type-product","3":"status-publish","4":"has-post-thumbnail","6":"product_cat-ohisje-prenosnika","7":"product_tag-dell","8":"product_tag-rezervni-deli","10":"first","11":"instock","12":"taxable","13":"shipping-taxable","14":"purchasable","15":"product-type-simple"},"_links":{"self":[{"href":"https:\/\/pracek.si\/racunalniskatrgovina\/wp-json\/wp\/v2\/product\/71066","targetHints":{"allow":["GET"]}}],"collection":[{"href":"https:\/\/pracek.si\/racunalniskatrgovina\/wp-json\/wp\/v2\/product"}],"about":[{"href":"https:\/\/pracek.si\/racunalniskatrgovina\/wp-json\/wp\/v2\/types\/product"}],"version-history":[{"count":0,"href":"https:\/\/pracek.si\/racunalniskatrgovina\/wp-json\/wp\/v2\/product\/71066\/revisions"}],"wp:featuredmedia":[{"embeddable":true,"href":"https:\/\/pracek.si\/racunalniskatrgovina\/wp-json\/wp\/v2\/media\/71169"}],"wp:attachment":[{"href":"https:\/\/pracek.si\/racunalniskatrgovina\/wp-json\/wp\/v2\/media?parent=71066"}],"wp:term":[{"taxonomy":"product_brand","embeddable":true,"href":"https:\/\/pracek.si\/racunalniskatrgovina\/wp-json\/wp\/v2\/product_brand?post=71066"},{"taxonomy":"product_cat","embeddable":true,"href":"https:\/\/pracek.si\/racunalniskatrgovina\/wp-json\/wp\/v2\/product_cat?post=71066"},{"taxonomy":"product_tag","embeddable":true,"href":"https:\/\/pracek.si\/racunalniskatrgovina\/wp-json\/wp\/v2\/product_tag?post=71066"}],"curies":[{"name":"wp","href":"https:\/\/api.w.org\/{rel}","templated":true}]}}