{"id":71087,"date":"2025-09-12T10:20:45","date_gmt":"2025-09-12T09:20:45","guid":{"rendered":"https:\/\/pracek.si\/racunalniskatrgovina\/?post_type=product&#038;p=71087"},"modified":"2025-09-12T13:55:51","modified_gmt":"2025-09-12T12:55:51","slug":"plosca-z-gumbi-miske-dell-latitude-e6320-e6420-zgoraj-lr-deli-za-prenosnik-a10a30","status":"publish","type":"product","link":"https:\/\/pracek.si\/racunalniskatrgovina\/izdelek\/plosca-z-gumbi-miske-dell-latitude-e6320-e6420-zgoraj-lr-deli-za-prenosnik-a10a30\/","title":{"rendered":"Plo\u0161\u010da z gumbi mi\u0161ke Dell Latitude E6320 E6420 zgoraj L+R | Deli za prenosnik A10A30"},"content":{"rendered":"<p data-start=\"412\" data-end=\"591\">Zanesljivi Dell Latitude E6320 \/ E6420 zgoraj levo &amp; tabla z desnim gumbom mi\u0161ke (PN: A10A30, PK37B009K00). 100-odstotno preizku\u0161en, pristen del prenosnika z resni\u010dnimi fotografijami artikla, ki ga prejmete.<\/p>\n","protected":false},"excerpt":{"rendered":"<p data-start=\"640\" data-end=\"912\">Nadgradite ali popravite svoj prenosni ra\u010dunalnik Dell Latitude s to originalno <strong data-start=\"702\" data-end=\"724\">plo\u0161\u010do z gumbi mi\u0161ke<\/strong>, zasnovano za modela <strong data-start=\"742\" data-end=\"775\">Dell Latitude E6320 in E6420<\/strong>. Ta plo\u0161\u010da vklju\u010duje <strong data-start=\"808\" data-end=\"846\">zgornji levi in \u200b\u200bdesni gumb mi\u0161ke<\/strong> in je neposredna zamenjava za okvarjene ali neodzivne gumbe.<\/p>\n<ul data-start=\"914\" data-end=\"1194\">\n<li data-start=\"914\" data-end=\"967\">\n<p data-start=\"916\" data-end=\"967\"><strong data-start=\"916\" data-end=\"938\">Zdru\u017eljivi modeli:<\/strong> Dell Latitude E6320, E6420<\/p>\n<\/li>\n<li data-start=\"968\" data-end=\"1009\">\n<p data-start=\"970\" data-end=\"1009\"><strong data-start=\"970\" data-end=\"987\">\u0160tevilke delov:<\/strong> A10A30, PK37B009K00<\/p>\n<\/li>\n<li data-start=\"1010\" data-end=\"1061\">\n<p data-start=\"1012\" data-end=\"1061\"><strong data-start=\"1012\" data-end=\"1029\">Koda izdelka:<\/strong> 2730035 (A10A30, PK37B009K00)<\/p>\n<\/li>\n<li data-start=\"1062\" data-end=\"1119\">\n<p data-start=\"1064\" data-end=\"1119\"><strong data-start=\"1064\" data-end=\"1078\">Stanje:<\/strong> popolnoma preizku\u0161en, visokokakovosten del prenosnika<\/p>\n<\/li>\n<li data-start=\"1120\" data-end=\"1194\">\n<p data-start=\"1122\" data-end=\"1194\"><strong data-start=\"1122\" data-end=\"1133\">Fotografije:<\/strong> Prikazane slike so dejanski izdelek, ki ga boste prejeli<\/p>\n<\/li>\n<\/ul>\n<p data-start=\"1196\" data-end=\"1442\">Ta nadomestna plo\u0161\u010da z gumbi mi\u0161ke je odli\u010dna re\u0161itev, \u010de gumbi sledilne plo\u0161\u010dice va\u0161ega Latitude ne delujejo ve\u010d pravilno. Pomaga obnoviti nemoteno delovanje in izbolj\u0161a uporabnost brez potrebe po zamenjavi celotnega sklopa sledilne plo\u0161\u010dice.<\/p>\n<p data-start=\"1444\" data-end=\"1542\">\u010ce pred nakupom potrebujete dodatno pomo\u010d, nas kontaktirajte \u2013 z veseljem vam bomo pomagali.<\/p>\n","protected":false},"featured_media":71189,"template":"","meta":[],"product_brand":[],"product_cat":[2077],"product_tag":[2052,1818],"class_list":{"0":"post-71087","1":"product","2":"type-product","3":"status-publish","4":"has-post-thumbnail","6":"product_cat-touchpadi-za-prenosnike","7":"product_tag-dell","8":"product_tag-rezervni-deli","10":"first","11":"instock","12":"taxable","13":"shipping-taxable","14":"purchasable","15":"product-type-simple"},"_links":{"self":[{"href":"https:\/\/pracek.si\/racunalniskatrgovina\/wp-json\/wp\/v2\/product\/71087","targetHints":{"allow":["GET"]}}],"collection":[{"href":"https:\/\/pracek.si\/racunalniskatrgovina\/wp-json\/wp\/v2\/product"}],"about":[{"href":"https:\/\/pracek.si\/racunalniskatrgovina\/wp-json\/wp\/v2\/types\/product"}],"version-history":[{"count":0,"href":"https:\/\/pracek.si\/racunalniskatrgovina\/wp-json\/wp\/v2\/product\/71087\/revisions"}],"wp:featuredmedia":[{"embeddable":true,"href":"https:\/\/pracek.si\/racunalniskatrgovina\/wp-json\/wp\/v2\/media\/71189"}],"wp:attachment":[{"href":"https:\/\/pracek.si\/racunalniskatrgovina\/wp-json\/wp\/v2\/media?parent=71087"}],"wp:term":[{"taxonomy":"product_brand","embeddable":true,"href":"https:\/\/pracek.si\/racunalniskatrgovina\/wp-json\/wp\/v2\/product_brand?post=71087"},{"taxonomy":"product_cat","embeddable":true,"href":"https:\/\/pracek.si\/racunalniskatrgovina\/wp-json\/wp\/v2\/product_cat?post=71087"},{"taxonomy":"product_tag","embeddable":true,"href":"https:\/\/pracek.si\/racunalniskatrgovina\/wp-json\/wp\/v2\/product_tag?post=71087"}],"curies":[{"name":"wp","href":"https:\/\/api.w.org\/{rel}","templated":true}]}}