{"id":71281,"date":"2025-09-12T10:31:14","date_gmt":"2025-09-12T09:31:14","guid":{"rendered":"https:\/\/pracek.si\/racunalniskatrgovina\/?post_type=product&#038;p=71281"},"modified":"2026-02-27T15:37:58","modified_gmt":"2026-02-27T14:37:58","slug":"osnovna-plosca-prenosnika-lenovo-thinkpad-l480-l580-nm-b461-i5-7300u-cpu-260-ghz","status":"publish","type":"product","link":"https:\/\/pracek.si\/racunalniskatrgovina\/izdelek\/osnovna-plosca-prenosnika-lenovo-thinkpad-l480-l580-nm-b461-i5-7300u-cpu-260-ghz\/","title":{"rendered":"Osnovna plo\u0161\u010da prenosnika Lenovo ThinkPad L480 &#038; L580 NM-B461 i5-7300U CPU @ 2,60 GHz"},"content":{"rendered":"<p>Originalna mati\u010dna plo\u0161\u010da Lenovo ThinkPad L480 in L580 NM-B461, zdru\u017eljiva s procesorji Intel 8. generacije i3, i5 in i7.<\/p>\n","protected":false},"excerpt":{"rendered":"<p data-start=\"595\" data-end=\"943\">Nadgradite ali zamenjajte svoj Lenovo ThinkPad L480 &amp; Mati\u010dna plo\u0161\u010da L580 s to originalno <strong data-start=\"671\" data-end=\"706\">mati\u010dno plo\u0161\u010do prenosnika Lenovo NM-B461<\/strong>, zasnovana za brezhibno zdru\u017eljivost in zanesljivo delovanje.<\/p>\n<p data-start=\"945\" data-end=\"974\"><strong data-start=\"945\" data-end=\"972\">Klju\u010dne funkcije &amp; Podrobnosti:<\/strong><\/p>\n<ul data-start=\"975\" data-end=\"1379\">\n<li data-start=\"975\" data-end=\"1028\">\n<p data-start=\"977\" data-end=\"1028\">Model: <strong data-start=\"984\" data-end=\"1026\">Mati\u010dna plo\u0161\u010da Lenovo ThinkPad L480 in L580 NM-B461<\/strong><\/p>\n<\/li>\n<li data-start=\"1029\" data-end=\"1102\">\n<p data-start=\"1031\" data-end=\"1102\">Procesor:\u00a0<strong>CPU i5-7300U @ 2,60 GHz<\/strong><\/p>\n<\/li>\n<li data-start=\"1103\" data-end=\"1168\">\n<p data-start=\"1105\" data-end=\"1168\">\u0160tevilka dela: <strong>NM-B461<\/strong><\/p>\n<\/li>\n<li data-start=\"1169\" data-end=\"1224\">\n<p data-start=\"1171\" data-end=\"1224\">Stanje: <strong>Popolnoma testiran, pristen del prenosnika Lenovo (preverite fotografije)<\/strong><\/p>\n<\/li>\n<li data-start=\"1225\" data-end=\"1283\">\n<p data-start=\"1227\" data-end=\"1283\">Regija: Primerno za <strong data-start=\"1248\" data-end=\"1281\">Evropo in po\u0161iljanje po vsem svetu<\/strong><\/p>\n<\/li>\n<li data-start=\"1284\" data-end=\"1379\">\n<p data-start=\"1286\" data-end=\"1379\">Fotografije: Slike v tem seznamu so <strong data-start=\"1327\" data-end=\"1377\">prave slike to\u010dno tistega dela, ki ga boste prejeli<\/strong><\/p>\n<\/li>\n<\/ul>\n<p data-start=\"1381\" data-end=\"1655\">Ta nadomestna mati\u010dna plo\u0161\u010da je odli\u010dna re\u0161itev za popravilo ali obnovo va\u0161ega ThinkPad L480 &amp; L580 . Ne glede na to, ali se je va\u0161 prenosnik nehal vklopiti, je pri\u0161lo do okvare mati\u010dne plo\u0161\u010de ali preprosto potrebujete zanesljiv nadomestni del, ta original Lenovo zagotavlja dolgotrajno delovanje.<\/p>\n<p data-start=\"1657\" data-end=\"1853\">\ud83d\udd27 <strong data-start=\"1660\" data-end=\"1669\">Opomba:<\/strong> Ne nudimo navodil za namestitev. \u010ce potrebujete pomo\u010d pri prepoznavanju zdru\u017eljivosti ali pomo\u010d pri namestitvi, nam po\u0161ljite sporo\u010dilo \u2013 z veseljem vas bomo vodili.<\/p>\n","protected":false},"featured_media":71377,"template":"","meta":[],"product_brand":[],"product_cat":[2062],"product_tag":[2061,1818],"class_list":{"0":"post-71281","1":"product","2":"type-product","3":"status-publish","4":"has-post-thumbnail","6":"product_cat-maticne-plosce-in-deli-plosc","7":"product_tag-lenovo","8":"product_tag-rezervni-deli","10":"first","11":"outofstock","12":"taxable","13":"shipping-taxable","14":"purchasable","15":"product-type-simple"},"_links":{"self":[{"href":"https:\/\/pracek.si\/racunalniskatrgovina\/wp-json\/wp\/v2\/product\/71281","targetHints":{"allow":["GET"]}}],"collection":[{"href":"https:\/\/pracek.si\/racunalniskatrgovina\/wp-json\/wp\/v2\/product"}],"about":[{"href":"https:\/\/pracek.si\/racunalniskatrgovina\/wp-json\/wp\/v2\/types\/product"}],"version-history":[{"count":0,"href":"https:\/\/pracek.si\/racunalniskatrgovina\/wp-json\/wp\/v2\/product\/71281\/revisions"}],"wp:featuredmedia":[{"embeddable":true,"href":"https:\/\/pracek.si\/racunalniskatrgovina\/wp-json\/wp\/v2\/media\/71377"}],"wp:attachment":[{"href":"https:\/\/pracek.si\/racunalniskatrgovina\/wp-json\/wp\/v2\/media?parent=71281"}],"wp:term":[{"taxonomy":"product_brand","embeddable":true,"href":"https:\/\/pracek.si\/racunalniskatrgovina\/wp-json\/wp\/v2\/product_brand?post=71281"},{"taxonomy":"product_cat","embeddable":true,"href":"https:\/\/pracek.si\/racunalniskatrgovina\/wp-json\/wp\/v2\/product_cat?post=71281"},{"taxonomy":"product_tag","embeddable":true,"href":"https:\/\/pracek.si\/racunalniskatrgovina\/wp-json\/wp\/v2\/product_tag?post=71281"}],"curies":[{"name":"wp","href":"https:\/\/api.w.org\/{rel}","templated":true}]}}