{"id":71283,"date":"2025-09-12T10:31:15","date_gmt":"2025-09-12T09:31:15","guid":{"rendered":"https:\/\/pracek.si\/racunalniskatrgovina\/?post_type=product&#038;p=71283"},"modified":"2025-09-12T13:51:30","modified_gmt":"2025-09-12T12:51:30","slug":"lenovo-thinkpad-x280-levi-in-desni-zvocnik-set-zvocnikov-01yn053","status":"publish","type":"product","link":"https:\/\/pracek.si\/racunalniskatrgovina\/izdelek\/lenovo-thinkpad-x280-levi-in-desni-zvocnik-set-zvocnikov-01yn053\/","title":{"rendered":"Lenovo ThinkPad X280 &#8211; Levi in \u200b\u200bdesni zvo\u010dnik &#8211; SET ZVO\u010cNIKOV 01YN053"},"content":{"rendered":"<p data-start=\"308\" data-end=\"451\">Visokokakovostni originalni prenosni zvo\u010dniki Lenovo ThinkPad X280 (levi &amp; desni par). Popolni nadomestni deli za obnovitev \u010distega zvoka.<\/p>\n","protected":false},"excerpt":{"rendered":"<p data-start=\"504\" data-end=\"634\">Povrnite kristalno \u010disto kakovost zvoka va\u0161ega Lenovo ThinkPad X280 s tem pristnim kompletom levih in desnih prenosnih zvo\u010dnikov.<\/p>\n<p data-start=\"636\" data-end=\"824\">\u2714 <strong data-start=\"638\" data-end=\"659\">Zdru\u017eljiv model:<\/strong> Lenovo ThinkPad X280 \/ 01YN053\u00a0<br data-start=\"680\" data-end=\"683\" \/>\u2714 <strong data-start=\"685\" data-end=\"698\">Vklju\u010duje:<\/strong> Levi in \u200b\u200bdesni zvo\u010dnik, kot sta prikazana na resni\u010dnih fotografijah<br data-start=\"746\" data-end=\"749\" \/>\u2714 <strong data-start=\"751\" data-end=\"765\">Stanje:<\/strong> Originalni, preizku\u0161eni in popolnoma delujo\u010di nadomestni deli<\/p>\n<p data-start=\"826\" data-end=\"1024\">Ti deli prenosnika so idealni, \u010de ima va\u0161 ThinkPad X280 nizek zvok, popa\u010denje ali brez zvo\u010dnega izhoda. Zamenjava zvo\u010dnikov zagotavlja, da bo va\u0161a naprava kar najbolje delovala pri delu, \u0161tudiju ali zabavi.<\/p>\n<p data-start=\"1026\" data-end=\"1149\">Navodil za namestitev ne nudimo, \u010de pa potrebujete navodila, nam po\u0161ljite sporo\u010dilo in z veseljem vam bomo pomagali.<\/p>\n<p data-start=\"1151\" data-end=\"1226\">\ud83d\udcf7 <strong data-start=\"1154\" data-end=\"1177\">Prave fotografije izdelkov<\/strong> \u2013 kar vidite, je to\u010dno to, kar boste prejeli.<\/p>\n<p data-start=\"1228\" data-end=\"1341\">Obnovite svoj Lenovo ThinkPad X280 z zanesljivimi, originalnimi deli prenosnika, zasnovanimi za vzdr\u017eljivost in zmogljivost.<\/p>\n","protected":false},"featured_media":71386,"template":"","meta":[],"product_brand":[],"product_cat":[2053],"product_tag":[2061,1818],"class_list":{"0":"post-71283","1":"product","2":"type-product","3":"status-publish","4":"has-post-thumbnail","6":"product_cat-zvocniki-za-prenosnike","7":"product_tag-lenovo","8":"product_tag-rezervni-deli","10":"first","11":"instock","12":"taxable","13":"shipping-taxable","14":"purchasable","15":"product-type-simple"},"_links":{"self":[{"href":"https:\/\/pracek.si\/racunalniskatrgovina\/wp-json\/wp\/v2\/product\/71283","targetHints":{"allow":["GET"]}}],"collection":[{"href":"https:\/\/pracek.si\/racunalniskatrgovina\/wp-json\/wp\/v2\/product"}],"about":[{"href":"https:\/\/pracek.si\/racunalniskatrgovina\/wp-json\/wp\/v2\/types\/product"}],"version-history":[{"count":0,"href":"https:\/\/pracek.si\/racunalniskatrgovina\/wp-json\/wp\/v2\/product\/71283\/revisions"}],"wp:featuredmedia":[{"embeddable":true,"href":"https:\/\/pracek.si\/racunalniskatrgovina\/wp-json\/wp\/v2\/media\/71386"}],"wp:attachment":[{"href":"https:\/\/pracek.si\/racunalniskatrgovina\/wp-json\/wp\/v2\/media?parent=71283"}],"wp:term":[{"taxonomy":"product_brand","embeddable":true,"href":"https:\/\/pracek.si\/racunalniskatrgovina\/wp-json\/wp\/v2\/product_brand?post=71283"},{"taxonomy":"product_cat","embeddable":true,"href":"https:\/\/pracek.si\/racunalniskatrgovina\/wp-json\/wp\/v2\/product_cat?post=71283"},{"taxonomy":"product_tag","embeddable":true,"href":"https:\/\/pracek.si\/racunalniskatrgovina\/wp-json\/wp\/v2\/product_tag?post=71283"}],"curies":[{"name":"wp","href":"https:\/\/api.w.org\/{rel}","templated":true}]}}