{"id":71542,"date":"2025-09-12T10:45:11","date_gmt":"2025-09-12T09:45:11","guid":{"rendered":"https:\/\/pracek.si\/racunalniskatrgovina\/?post_type=product&#038;p=71542"},"modified":"2026-03-17T08:04:55","modified_gmt":"2026-03-17T07:04:55","slug":"seagate-st500lm021-500-gb-tanek-trdi-disk-25-sata-trdi-disk-za-prenosnik-100-zdravje","status":"publish","type":"product","link":"https:\/\/pracek.si\/racunalniskatrgovina\/izdelek\/seagate-st500lm021-500-gb-tanek-trdi-disk-25-sata-trdi-disk-za-prenosnik-100-zdravje\/","title":{"rendered":"Seagate ST500LM021 500 GB tanek trdi disk \u2013 2,5&#8243; SATA trdi disk za prenosnik 100% zdravje"},"content":{"rendered":"<p>Zanesljiv 500 GB tanek trdi disk Seagate ST500LM021 za prenosnike. Popolnoma testiran, 100% zdrav, pripravljen za namestitev. Popoln prenosni del za zamenjavo ali nadgradnjo pomnilnika.<\/p>\n","protected":false},"excerpt":{"rendered":"<p data-start=\"503\" data-end=\"740\">Nadgradite ali zamenjajte pomnilnik va\u0161ega prenosnika z <strong data-start=\"553\" data-end=\"592\">tankim trdim diskom Seagate ST500LM021 \u2013 500 GB<\/strong>. Ta visokokakovosten <strong data-start=\"612\" data-end=\"643\">2,5-pal\u010dni trdi disk SATA za prenosnik<\/strong> je zasnovan tako, da zagotavlja zanesljivo delovanje in vzdr\u017eljivost v tanki in lahki obliki.<\/p>\n<p data-start=\"742\" data-end=\"1006\">Ta pogon je bil <strong data-start=\"762\" data-end=\"795\">v celoti preizku\u0161en s 100-odstotnim zdravjem<\/strong>, kar zagotavlja zanesljivo delovanje za vsakodnevna ra\u010dunalni\u0161ka opravila, shranjevanje datotek ali nadgradnje sistema. Ne glede na to, ali zamenjate pokvarjen pogon ali \u017eelite raz\u0161iriti prostor za shranjevanje prenosnega ra\u010dunalnika, je to odli\u010dna re\u0161itev.<\/p>\n<p data-start=\"1008\" data-end=\"1027\"><strong data-start=\"1008\" data-end=\"1025\">Klju\u010dne funkcije:<\/strong><\/p>\n<ul data-start=\"1028\" data-end=\"1198\">\n<li data-start=\"1028\" data-end=\"1050\">\n<p data-start=\"1030\" data-end=\"1050\">Blagovna znamka: <strong data-start=\"1037\" data-end=\"1048\">Seagate<\/strong><\/p>\n<\/li>\n<li data-start=\"1051\" data-end=\"1076\">\n<p data-start=\"1053\" data-end=\"1076\">Model: <strong data-start=\"1060\" data-end=\"1074\">ST500LM021<\/strong><\/p>\n<\/li>\n<li data-start=\"1077\" data-end=\"1100\">\n<p data-start=\"1079\" data-end=\"1100\">Kapaciteta: <strong data-start=\"1089\" data-end=\"1098\">500 GB<\/strong><\/p>\n<\/li>\n<li data-start=\"1101\" data-end=\"1135\">\n<p data-start=\"1103\" data-end=\"1135\">Faktor oblike: <strong data-start=\"1116\" data-end=\"1133\">2,5&#8243; tanek trdi disk<\/strong><\/p>\n<\/li>\n<li data-start=\"1136\" data-end=\"1159\">\n<p data-start=\"1138\" data-end=\"1159\">Vmesnik: <strong data-start=\"1149\" data-end=\"1157\">SATA<\/strong><\/p>\n<\/li>\n<li data-start=\"1160\" data-end=\"1198\">\n<p data-start=\"1162\" data-end=\"1198\">Zdravje: <strong data-start=\"1170\" data-end=\"1196\">100 % testirano &#038; preverjeno<\/strong><\/p>\n<\/li>\n<\/ul>\n<p data-start=\"1200\" data-end=\"1222\"><strong data-start=\"1200\" data-end=\"1220\">Zakaj kupiti pri nas?<\/strong><\/p>\n<ul data-start=\"1223\" data-end=\"1448\">\n<li data-start=\"1223\" data-end=\"1274\">\n<p data-start=\"1225\" data-end=\"1274\">Prave fotografije dejanskega dela, ki ga boste prejeli<\/p>\n<\/li>\n<li data-start=\"1275\" data-end=\"1332\">\n<p data-start=\"1277\" data-end=\"1332\">Zanesljivi, preizku\u0161eni deli prenosnika z zajam\u010deno kakovostjo<\/p>\n<\/li>\n<li data-start=\"1333\" data-end=\"1365\">\n<p data-start=\"1335\" data-end=\"1365\">Na voljo je dostava po vsem svetu<\/p>\n<\/li>\n<li data-start=\"1366\" data-end=\"1448\">\n<p data-start=\"1368\" data-end=\"1448\">Prijazna podpora \u2013 kadar koli nam po\u0161ljite sporo\u010dilo, \u010de potrebujete pomo\u010d pri izbiri pravega dela<\/p>\n<\/li>\n<\/ul>\n<p data-start=\"1450\" data-end=\"1637\">Ta trdi disk Seagate je pristen del prenosnega ra\u010dunalnika, idealen za obnovitev funkcionalnosti ali pove\u010danje zmogljivosti pomnilnika. Kupujte z zaupanjem, saj veste, da boste prejeli to\u010dno to, kar je prikazano na fotografijah.<\/p>\n","protected":false},"featured_media":71636,"template":"","meta":[],"product_brand":[],"product_cat":[2084,2066],"product_tag":[2052,1818],"class_list":{"0":"post-71542","1":"product","2":"type-product","3":"status-publish","4":"has-post-thumbnail","6":"product_cat-2-5-hdd","7":"product_cat-ssd-in-hdd-diski","8":"product_tag-dell","9":"product_tag-rezervni-deli","11":"first","12":"outofstock","13":"taxable","14":"shipping-taxable","15":"purchasable","16":"product-type-simple"},"_links":{"self":[{"href":"https:\/\/pracek.si\/racunalniskatrgovina\/wp-json\/wp\/v2\/product\/71542","targetHints":{"allow":["GET"]}}],"collection":[{"href":"https:\/\/pracek.si\/racunalniskatrgovina\/wp-json\/wp\/v2\/product"}],"about":[{"href":"https:\/\/pracek.si\/racunalniskatrgovina\/wp-json\/wp\/v2\/types\/product"}],"version-history":[{"count":0,"href":"https:\/\/pracek.si\/racunalniskatrgovina\/wp-json\/wp\/v2\/product\/71542\/revisions"}],"wp:featuredmedia":[{"embeddable":true,"href":"https:\/\/pracek.si\/racunalniskatrgovina\/wp-json\/wp\/v2\/media\/71636"}],"wp:attachment":[{"href":"https:\/\/pracek.si\/racunalniskatrgovina\/wp-json\/wp\/v2\/media?parent=71542"}],"wp:term":[{"taxonomy":"product_brand","embeddable":true,"href":"https:\/\/pracek.si\/racunalniskatrgovina\/wp-json\/wp\/v2\/product_brand?post=71542"},{"taxonomy":"product_cat","embeddable":true,"href":"https:\/\/pracek.si\/racunalniskatrgovina\/wp-json\/wp\/v2\/product_cat?post=71542"},{"taxonomy":"product_tag","embeddable":true,"href":"https:\/\/pracek.si\/racunalniskatrgovina\/wp-json\/wp\/v2\/product_tag?post=71542"}],"curies":[{"name":"wp","href":"https:\/\/api.w.org\/{rel}","templated":true}]}}