{"id":71604,"date":"2025-09-12T10:47:50","date_gmt":"2025-09-12T09:47:50","guid":{"rendered":"https:\/\/pracek.si\/racunalniskatrgovina\/?post_type=product&#038;p=71604"},"modified":"2026-01-14T11:51:17","modified_gmt":"2026-01-14T10:51:17","slug":"maticna-plosca-hp-elitebook-820-g3-831763-601-i5-6300u-hstnn-i42c","status":"publish","type":"product","link":"https:\/\/pracek.si\/racunalniskatrgovina\/izdelek\/maticna-plosca-hp-elitebook-820-g3-831763-601-i5-6300u-hstnn-i42c\/","title":{"rendered":"Mati\u010dna plo\u0161\u010da HP EliteBook 820 G3 831763-601 i5-6300U &#8211; HSTNN-I42C"},"content":{"rendered":"<p>Originalna mati\u010dna plo\u0161\u010da HP EliteBook 820 G3 (\u0161t. dela 831763-601). Preizku\u0161en in popolnoma funkcionalen, idealen za zamenjavo ali nadgradnjo va\u0161ega prenosnika. Fotografije prikazujejo natan\u010den del, ki ga boste prejeli.<\/p>\n","protected":false},"excerpt":{"rendered":"<p>Nadgradite ali popravite svoj prenosnik s to originalno mati\u010dno plo\u0161\u010do HP EliteBook 820 G3 (\u0161tevilka dela 831763-601). Ta originalna nadomestna plo\u0161\u010da je testirana glede polne funkcionalnosti in je odli\u010dna izbira za obnovitev zmogljivosti va\u0161e naprave.<\/p>\n<p>\u2714 Zdru\u017eljiv model: HP EliteBook 820 G3<\/p>\n<p>\u2714 \u0160tevilka dela: 831763-601 \/ HSTNN-I42C<\/p>\n<p>\u2714 Stanje: Original, testirano in delujo\u010de<\/p>\n<p>Ta seznam je samo za mati\u010dno plo\u0161\u010do, kot nala\u0161\u010d za tehnike, preprodajalce ali kogar koli, ki \u017eeli zamenjati pokvarjeno plo\u0161\u010do. Vse fotografije v tem seznamu so dejanske mati\u010dne plo\u0161\u010de, ki jo boste prejeli \u2013 uporabljene niso slike iz zaloge.<\/p>\n<p>Specializirani smo za visokokakovostne **dele za prenosnike** za HP, Dell, Lenovo in druge glavne blagovne znamke. \u010ce niste prepri\u010dani o zdru\u017eljivosti, nam po\u0161ljite sporo\u010dilo \u2013 z veseljem vam bomo pomagali.<\/p>\n<p>*Opomba: Navodila za namestitev niso vklju\u010dena, vendar vam lahko na\u0161a ekipa svetuje glede kakr\u0161nih koli vpra\u0161anj pred ali po nakupu.*<\/p>\n","protected":false},"featured_media":71698,"template":"","meta":[],"product_brand":[],"product_cat":[2062],"product_tag":[2060,1818],"class_list":{"0":"post-71604","1":"product","2":"type-product","3":"status-publish","4":"has-post-thumbnail","6":"product_cat-maticne-plosce-in-deli-plosc","7":"product_tag-hp","8":"product_tag-rezervni-deli","10":"first","11":"outofstock","12":"taxable","13":"shipping-taxable","14":"purchasable","15":"product-type-simple"},"_links":{"self":[{"href":"https:\/\/pracek.si\/racunalniskatrgovina\/wp-json\/wp\/v2\/product\/71604","targetHints":{"allow":["GET"]}}],"collection":[{"href":"https:\/\/pracek.si\/racunalniskatrgovina\/wp-json\/wp\/v2\/product"}],"about":[{"href":"https:\/\/pracek.si\/racunalniskatrgovina\/wp-json\/wp\/v2\/types\/product"}],"version-history":[{"count":0,"href":"https:\/\/pracek.si\/racunalniskatrgovina\/wp-json\/wp\/v2\/product\/71604\/revisions"}],"wp:featuredmedia":[{"embeddable":true,"href":"https:\/\/pracek.si\/racunalniskatrgovina\/wp-json\/wp\/v2\/media\/71698"}],"wp:attachment":[{"href":"https:\/\/pracek.si\/racunalniskatrgovina\/wp-json\/wp\/v2\/media?parent=71604"}],"wp:term":[{"taxonomy":"product_brand","embeddable":true,"href":"https:\/\/pracek.si\/racunalniskatrgovina\/wp-json\/wp\/v2\/product_brand?post=71604"},{"taxonomy":"product_cat","embeddable":true,"href":"https:\/\/pracek.si\/racunalniskatrgovina\/wp-json\/wp\/v2\/product_cat?post=71604"},{"taxonomy":"product_tag","embeddable":true,"href":"https:\/\/pracek.si\/racunalniskatrgovina\/wp-json\/wp\/v2\/product_tag?post=71604"}],"curies":[{"name":"wp","href":"https:\/\/api.w.org\/{rel}","templated":true}]}}