{"id":77520,"date":"2026-04-04T10:07:04","date_gmt":"2026-04-04T09:07:04","guid":{"rendered":"https:\/\/pracek.si\/racunalniskatrgovina\/izdelek\/prenosnik-hp-14-em0021ne-r5-7520u-amd-ryzen-5-ram-8-gb-ssd-disk-140%e2%80%b3-fhd\/"},"modified":"2026-04-04T10:07:14","modified_gmt":"2026-04-04T09:07:14","slug":"prenosnik-hp-14-em0021ne-r5-7520u-amd-ryzen-5-ram-8-gb-ssd-disk-140%e2%80%b3-fhd","status":"publish","type":"product","link":"https:\/\/pracek.si\/racunalniskatrgovina\/izdelek\/prenosnik-hp-14-em0021ne-r5-7520u-amd-ryzen-5-ram-8-gb-ssd-disk-140%e2%80%b3-fhd\/","title":{"rendered":"Prenosnik HP 14-em0021ne | R5-7520U \/ AMD Ryzen\u2122 5 \/ RAM 8 GB \/ SSD Disk \/ 14,0\u2033 FHD"},"content":{"rendered":"<p>HP 14-em0021ne je eleganten in zmogljiv prenosnik, ki zdru\u017euje najnovej\u0161o tehnologijo in prakti\u010dno obliko. Primeren je za profesionalce, \u0161tudente ali koga, ki potrebuje zanesljivo napravo za delo, zabavo ali vsakodnevne naloge.<\/p>\n<p><H2>Najve\u010dje prednosti<\/H2><br \/>\n<ul><br \/>\n    <li><b>Visoka zmogljivost:<\/b> S procesorjem tipa Ryzen 5 je prenosnik kos tudi zahtevnej\u0161im opravilom.<\/li><br \/>\n    <li><b>Odzivnost:<\/b> NVMe SSD zagotavlja hitre prenose podatkov in odzivnost sistema.<\/li><br \/>\n    <li><b>Kakovosten zaslon:<\/b> S 35,6 cm (14,0&quot;) FHD zaslonom, ki ponuja jasne slike in \u017eive barve.<\/li><br \/>\n    <li><b>Povezljivost:<\/b> Opremljen s sodobnimi povezavami, vklju\u010dno z Wi-Fi 6 in Bluetooth 5.3.<\/li><br \/>\n    <li><b>Raznolikost priklju\u010dkov:<\/b> Ima USB-C in ve\u010d USB-A priklju\u010dkov za preprosto povezavo z zunanjimi napravami.<\/li><br \/>\n    <li><b>Osve\u017eujo\u010d dizajn:<\/b> Eleganten videz, primeren za vsako okolje.<\/li><br \/>\n<\/ul><\/p>\n<p><H2>Kdo kupuje ta izdelek<\/H2><br \/>\nTa prenosnik je odli\u010dna izbira za uporabnike, ki i\u0161\u010dejo ravnovesje med zmogljivostjo in prenosljivostjo. \u0160tudentje in profesionalci, ki potrebujejo zanesljivo napravo za vsakodnevne naloge, bodo cenili njegovo zmogljivost in funkcionalnost. <\/p>\n<p><H2>Mo\u017enosti nadgradnje<\/H2><br \/>\nPrenosnik omogo\u010da enostavne mo\u017enosti nadgradnje, zlasti diska prek NVMe vmesnika, kar lahko dodatno pove\u010da u\u010dinkovitost naprave. <b>Pred izvedbo nadgradnje se vedno posvetujte s strokovnjakom.<\/b><\/p>\n<p><H2>Zakaj izbrati obnovljeno napravo<\/H2><br \/>\nIzbira obnovljenega izdelka prina\u0161a \u0161tevilne prednosti. Tak\u0161ne naprave so pregledane in testirane s strani strokovnjakov, da zagotovijo najvi\u0161je standarde delovanja in zanesljivosti. Prav tako obnavljamo naprave v skladu s standardiziranim sistemom kakovosti, s \u010dimer zagotavljamo, da izpolnjujejo vse pomembne kriterije. Poleg ekonomi\u010dne vrednosti je izbor obnovljene naprave tudi okoljsko odgovorna odlo\u010ditev, saj pripomore k zmanj\u0161anju elektronskih odpadkov in ohranjanju naravnih virov.<h2>Odprta embala\u017ea<\/h2>&#13;<br \/>\n<p>Skoraj nobenih znakov obrabe. Tovarni\u0161ka kvaliteta. V ve\u010dini primerov gre za prese\u017eek proizvodnje in neprodane zaloge, pri katerih razlike v primerjavi z novimi napravami niso opazne.<\/p>&#13;<\/p>\n","protected":false},"excerpt":{"rendered":"<p>AMD Ryzen 5 7520U (2,8 GHz), 8\u00a0GB LPDDR5-5500 (onboard\/non upgradable), 35,6 cm (14,0\u2033) FHD (1920&#215;1080)\u00a0AG UWVA LED, SSD 512 GB M.2 PCIe NVMe, no ODD, AMD Radeon Graphics (IGP), 1x HDMI 1.4b, 1x USB-C 3.2 Gen1 (5Gbps), 2x USB-A 3.2 Gen1 (5Gbps), Wi-Fi 6, Bluetooth 5.3, Webcam, Backlit\u00a0Kbd., Microsoft Windows 11 Home (64-bit)<\/p>\n","protected":false},"featured_media":77522,"template":"","meta":[],"product_brand":[26],"product_cat":[1296,1204,1964,1958,1286],"product_tag":[1811],"class_list":{"0":"post-77520","1":"product","2":"type-product","3":"status-publish","4":"has-post-thumbnail","6":"product_brand-hewlett-packard","7":"product_cat-hp-prenosniki","8":"product_cat-prenosniki","9":"product_cat-prenosniki-ultrabook","10":"product_cat-prenosniki-za-domaco-uporabo","11":"product_cat-priljubljena-iskanja","12":"product_tag-pp","13":"pa_odgovorna-oseba-v-eu-hp-tehnicna-regulativna-ekipa","15":"first","16":"instock","17":"taxable","18":"shipping-taxable","19":"purchasable","20":"product-type-simple"},"_links":{"self":[{"href":"https:\/\/pracek.si\/racunalniskatrgovina\/wp-json\/wp\/v2\/product\/77520","targetHints":{"allow":["GET"]}}],"collection":[{"href":"https:\/\/pracek.si\/racunalniskatrgovina\/wp-json\/wp\/v2\/product"}],"about":[{"href":"https:\/\/pracek.si\/racunalniskatrgovina\/wp-json\/wp\/v2\/types\/product"}],"version-history":[{"count":1,"href":"https:\/\/pracek.si\/racunalniskatrgovina\/wp-json\/wp\/v2\/product\/77520\/revisions"}],"predecessor-version":[{"id":91792,"href":"https:\/\/pracek.si\/racunalniskatrgovina\/wp-json\/wp\/v2\/product\/77520\/revisions\/91792"}],"wp:featuredmedia":[{"embeddable":true,"href":"https:\/\/pracek.si\/racunalniskatrgovina\/wp-json\/wp\/v2\/media\/77522"}],"wp:attachment":[{"href":"https:\/\/pracek.si\/racunalniskatrgovina\/wp-json\/wp\/v2\/media?parent=77520"}],"wp:term":[{"taxonomy":"product_brand","embeddable":true,"href":"https:\/\/pracek.si\/racunalniskatrgovina\/wp-json\/wp\/v2\/product_brand?post=77520"},{"taxonomy":"product_cat","embeddable":true,"href":"https:\/\/pracek.si\/racunalniskatrgovina\/wp-json\/wp\/v2\/product_cat?post=77520"},{"taxonomy":"product_tag","embeddable":true,"href":"https:\/\/pracek.si\/racunalniskatrgovina\/wp-json\/wp\/v2\/product_tag?post=77520"}],"curies":[{"name":"wp","href":"https:\/\/api.w.org\/{rel}","templated":true}]}}