{"id":77768,"date":"2026-04-04T10:08:06","date_gmt":"2026-04-04T09:08:06","guid":{"rendered":"https:\/\/pracek.si\/racunalniskatrgovina\/izdelek\/prenosnik-hp-15-fd0216ne-core-5-120u-5-ram-8-gb-ssd-disk-156%e2%80%b3-fhd\/"},"modified":"2026-04-04T10:08:10","modified_gmt":"2026-04-04T09:08:10","slug":"prenosnik-hp-15-fd0216ne-core-5-120u-5-ram-8-gb-ssd-disk-156%e2%80%b3-fhd","status":"publish","type":"product","link":"https:\/\/pracek.si\/racunalniskatrgovina\/izdelek\/prenosnik-hp-15-fd0216ne-core-5-120u-5-ram-8-gb-ssd-disk-156%e2%80%b3-fhd\/","title":{"rendered":"Prenosnik HP 15-fd0216ne | Core 5-120U \/ 5 \/ RAM 8 GB \/ SSD Disk \/ 15,6\u2033 FHD"},"content":{"rendered":"<p>Prenosnik HP 15 je odli\u010den sopotnik za vsakdanja opravila in profesionalne projekte, zdru\u017eujejo eleganco z zmogljivostjo. S svojim elegantnim dizajnom, kakovostno izdelavo in velikostjo zaslona, ki ponuja izjemno vizualno izku\u0161njo, je idealna izbira za vsakogar, ki i\u0161\u010de zanesljiv prenosnik za delo in zabavo.<\/p>\n<p><H2>Najve\u010dje prednosti<\/H2><br \/>\n<ul><br \/>\n  <li><b>Visoka zmogljivost<\/b> s procesorjem I5, ki zagotavlja gladko delovanje in odzivnost.<\/li><br \/>\n  <li>Velik <b>15,6-pal\u010dni FHD zaslon<\/b>, ki omogo\u010da jasne in podrobne slike.<\/li><br \/>\n  <li><b>Hitro NVMe SSD<\/b> za bliskovite \u010dase nalaganja in prostorno shranjevanje.<\/li><br \/>\n  <li>Napredne mo\u017enosti povezljivosti z <b>Wi-Fi 6<\/b> in <b>Bluetooth 5.3<\/b>.<\/li><br \/>\n  <li><b>\u0160iroka izbira vmesnikov<\/b>, vklju\u010dno z HDMI, USB 3.1 in USB-C 3.2.<\/li><br \/>\n<\/ul><\/p>\n<p><H2>Kdo kupuje ta izdelek<\/H2><br \/>\nZa \u0161tudente, ki potrebujejo zanesljivo orodje za u\u010denje, profesionalce, ki i\u0161\u010dejo zmogljivo napravo za delo, in vsakogar, ki si \u017eeli zanesljivo in funkcionalno napravo za vsakdanjo rabo. Zaradi vsestranskosti in zmo\u017enosti hitrega opravljanja ve\u010dopravilnosti je ta prenosnik primeren za \u0161irok spekter uporabnikov.<\/p>\n<p><H2>Mo\u017enosti nadgradnje<\/H2><br \/>\nPrenosnik HP 15 omogo\u010da nadgradnje tako diskov kot pomnilnika, kar pomeni, da ga lahko prilagodite svojim potrebam in tako \u0161e pove\u010date njegovo zmogljivost in shranjevalne kapacitete. <b>Pred izvedbo nadgradnje se vedno posvetujte s strokovnjakom.<\/b><\/p>\n<p><H2>Zakaj izbrati obnovljeno napravo<\/H2><br \/>\nObnovljeni prenosniki so odli\u010dna izbira, saj ponujajo <b>vrednost za va\u0161 denar<\/b>. Prenosnik HP 15 je bil strokovno obnovljen v skladu s standardiziranim sistemom kakovostnih ocen, kar zagotavlja, da prejmete napravo, ki je prakti\u010dno kot nova. Poleg tega prispevate k bolj vzdr\u017eljivemu okolju z zmanj\u0161evanjem potrebe po novih virih in emisijah pri izdelavi novih naprav. Izberite prenovljeno napravo in u\u017eivajte v visoki kakovosti po ugodnej\u0161i ceni.<h2>Odprta embala\u017ea<\/h2>&#13;<br \/>\n<p>Skoraj nobenih znakov obrabe. Tovarni\u0161ka kvaliteta. V ve\u010dini primerov gre za prese\u017eek proizvodnje in neprodane zaloge, pri katerih razlike v primerjavi z novimi napravami niso opazne.<\/p>&#13;<\/p>\n","protected":false},"excerpt":{"rendered":"<p>Intel Core 5 120U (1,4\u00a0&#8211; 5,0\u00a0GHz), 8 GB\u00a0DDR4-3200, SSD 512 GB M.2 PCIe NVMe, 39,6 cm (15,6\u2033) FHD (1920&#215;1080) AG LED, Intel\u00a0Graphics (IGP), HDMI, 2x USB 3.1 + 1x USB-C 3.2 Gen1 (5Gbps), no ODD, Webcam, Wi-Fi 6 (2&#215;2), Bluetooth 5.3, Std. Kbd., Microsoft Windows 11 Home (64-bit)<\/p>\n","protected":false},"featured_media":77770,"template":"","meta":[],"product_brand":[26],"product_cat":[1296,1204,1301,1964,1958,1286],"product_tag":[1811],"class_list":{"0":"post-77768","1":"product","2":"type-product","3":"status-publish","4":"has-post-thumbnail","6":"product_brand-hewlett-packard","7":"product_cat-hp-prenosniki","8":"product_cat-prenosniki","9":"product_cat-prenosniki-15-palcni","10":"product_cat-prenosniki-ultrabook","11":"product_cat-prenosniki-za-domaco-uporabo","12":"product_cat-priljubljena-iskanja","13":"product_tag-pp","14":"pa_odgovorna-oseba-v-eu-hp-tehnicna-regulativna-ekipa","16":"first","17":"instock","18":"taxable","19":"shipping-taxable","20":"purchasable","21":"product-type-simple"},"_links":{"self":[{"href":"https:\/\/pracek.si\/racunalniskatrgovina\/wp-json\/wp\/v2\/product\/77768","targetHints":{"allow":["GET"]}}],"collection":[{"href":"https:\/\/pracek.si\/racunalniskatrgovina\/wp-json\/wp\/v2\/product"}],"about":[{"href":"https:\/\/pracek.si\/racunalniskatrgovina\/wp-json\/wp\/v2\/types\/product"}],"version-history":[{"count":1,"href":"https:\/\/pracek.si\/racunalniskatrgovina\/wp-json\/wp\/v2\/product\/77768\/revisions"}],"predecessor-version":[{"id":91793,"href":"https:\/\/pracek.si\/racunalniskatrgovina\/wp-json\/wp\/v2\/product\/77768\/revisions\/91793"}],"wp:featuredmedia":[{"embeddable":true,"href":"https:\/\/pracek.si\/racunalniskatrgovina\/wp-json\/wp\/v2\/media\/77770"}],"wp:attachment":[{"href":"https:\/\/pracek.si\/racunalniskatrgovina\/wp-json\/wp\/v2\/media?parent=77768"}],"wp:term":[{"taxonomy":"product_brand","embeddable":true,"href":"https:\/\/pracek.si\/racunalniskatrgovina\/wp-json\/wp\/v2\/product_brand?post=77768"},{"taxonomy":"product_cat","embeddable":true,"href":"https:\/\/pracek.si\/racunalniskatrgovina\/wp-json\/wp\/v2\/product_cat?post=77768"},{"taxonomy":"product_tag","embeddable":true,"href":"https:\/\/pracek.si\/racunalniskatrgovina\/wp-json\/wp\/v2\/product_tag?post=77768"}],"curies":[{"name":"wp","href":"https:\/\/api.w.org\/{rel}","templated":true}]}}