{"id":77895,"date":"2026-04-04T10:08:06","date_gmt":"2026-04-04T09:08:06","guid":{"rendered":"https:\/\/pracek.si\/racunalniskatrgovina\/izdelek\/prenosnik-hp-victus-gaming-15-fa1008nx-i5-13420h-rtx-2050-4-gb-i5-ram-16-gb-ssd-disk-156%e2%80%b3-fhd\/"},"modified":"2026-04-04T10:08:12","modified_gmt":"2026-04-04T09:08:12","slug":"prenosnik-hp-victus-gaming-15-fa1008nx-i5-13420h-rtx-2050-4-gb-i5-ram-16-gb-ssd-disk-156%e2%80%b3-fhd","status":"publish","type":"product","link":"https:\/\/pracek.si\/racunalniskatrgovina\/izdelek\/prenosnik-hp-victus-gaming-15-fa1008nx-i5-13420h-rtx-2050-4-gb-i5-ram-16-gb-ssd-disk-156%e2%80%b3-fhd\/","title":{"rendered":"Prenosnik HP Victus Gaming 15-fa1008nx | i5-13420H | RTX 2050 (4 GB) \/ i5 \/ RAM 16 GB \/ SSD Disk \/ 15,6\u2033 FHD"},"content":{"rendered":"<p>HP Victus Gaming 15-fa1008nx je zmogljiv prenosnik, zasnovan za navdu\u0161ence nad igrami in ve\u010dopravilnostjo. S svojo elegantno obliko in osupljivim 15,6-pal\u010dnim FHD zaslonom s 144 Hz je prava izbira za zahtevne uporabnike.<\/p>\n<p><H2>Najve\u010dje prednosti<\/H2><br \/>\n<ul><br \/>\n  <li><b>Zmogljiva grafika:<\/b> Opremljen z NVIDIA GeForce RTX 2050, prenosnik zagotavlja realisti\u010dno grafi\u010dno upodabljanje in vrhunsko zmogljivost pri igrah.<\/li><br \/>\n  <li><b>Hiter in zmogljiv procesor:<\/b> Uporabniki lahko u\u017eivajo v hitrej\u0161em delovanju procesorja I5, idealnega za zahtevne naloge.<\/li><br \/>\n  <li><b>Prilagodljivost in povezljivost:<\/b> Vklju\u010den HDMI in ve\u010d USB priklju\u010dkov zagotavljajo enostavno povezavo dodatne opreme.<\/li><br \/>\n  <li><b>Hitri NVMe SSD disk:<\/b> Ta pogon omogo\u010da zelo hitro nalaganje in prenos podatkov.<\/li><br \/>\n  <li><b>Tipkovnica z osvetlitvijo:<\/b> Udobno tipkanje v vseh svetlobnih pogojih.<\/li><br \/>\n<\/ul><\/p>\n<p><H2>Kdo kupuje ta izdelek<\/H2><br \/>\nTa prenosnik je idealna izbira za <b>igralce videoiger<\/b>, <b>\u0161tudente ra\u010dunalni\u0161tva<\/b>, <b>oblikovalce iger<\/b> in vse, ki potrebujejo <b>zanesljivo zmogljivost<\/b> za ve\u010dopravilnost. Je odli\u010den za tiste, ki \u017eelijo uravnote\u017een prenosnik, ki brez te\u017eav obvladuje intenzivne grafi\u010dne aplikacije in igre.<\/p>\n<p><H2>Mo\u017enosti nadgradnje<\/H2><br \/>\nHP Victus Gaming 15-fa1008nx ponuja <b>prilo\u017enosti za nadgradnjo pomnilnika in diska<\/b>, ki lahko \u0161e izbolj\u0161ajo zmogljivost in skladi\u0161\u010dno kapaciteto naprave. Pred izvedbo nadgradnje se vedno posvetujte s strokovnjakom.<\/p>\n<p><H2>Zakaj izbrati obnovljeno napravo<\/H2><br \/>\nObnavljanje s strokovno storitvijo pomeni, da je naprava temeljito preverjena in obnovljena za optimalno funkcionalnost. <b>Standardiziran sistem kakovostnih ocen<\/b> zagotavlja, da dobite napravo, ki izpolnjuje visoke standarde zanesljivosti. Izbira obnovljene naprave ne prina\u0161a le prihranka, temve\u010d tudi odgovoren pristop k ohranjanju virov s tem, da podalj\u0161ujemo \u017eivljenjsko dobo tehnologije.<h2>Odprta embala\u017ea<\/h2>&#13;<br \/>\n<p>Skoraj nobenih znakov obrabe. Tovarni\u0161ka kvaliteta. V ve\u010dini primerov gre za prese\u017eek proizvodnje in neprodane zaloge, pri katerih razlike v primerjavi z novimi napravami niso opazne.<\/p>&#13;<\/p>\n","protected":false},"excerpt":{"rendered":"<p>Intel Core i5-13420H (2,1\u00a0GHz), 16 GB (2x8GB) DDR4-3200, SSD 512 GB M.2 PCie NVMe, 39,6 cm (15,6\u2033) FHD (1920&#215;1080) AG LED 144 Hz, NVIDIA GeForce RTX 2050 (4\u00a0GB GDDR6), HDMI, 1x USB-C 3.2 5Gbps, 2x USB-A 3.2 (5Gbps), Wi-Fi, Bluetooth, Webcam, SD CardReader, Backlit Kbd., Microsoft Windows 11 Home (64-bit)<\/p>\n","protected":false},"featured_media":81520,"template":"","meta":[],"product_brand":[26],"product_cat":[1296,1204,1301,1291,1962,1286],"product_tag":[1811],"class_list":{"0":"post-77895","1":"product","2":"type-product","3":"status-publish","4":"has-post-thumbnail","6":"product_brand-hewlett-packard","7":"product_cat-hp-prenosniki","8":"product_cat-prenosniki","9":"product_cat-prenosniki-15-palcni","10":"product_cat-prenosniki-i5","11":"product_cat-prenosniki-za-igranje-iger-gaming-prenosniki","12":"product_cat-priljubljena-iskanja","13":"product_tag-pp","14":"pa_odgovorna-oseba-v-eu-hp-tehnicna-regulativna-ekipa","16":"first","17":"instock","18":"taxable","19":"shipping-taxable","20":"purchasable","21":"product-type-simple"},"_links":{"self":[{"href":"https:\/\/pracek.si\/racunalniskatrgovina\/wp-json\/wp\/v2\/product\/77895","targetHints":{"allow":["GET"]}}],"collection":[{"href":"https:\/\/pracek.si\/racunalniskatrgovina\/wp-json\/wp\/v2\/product"}],"about":[{"href":"https:\/\/pracek.si\/racunalniskatrgovina\/wp-json\/wp\/v2\/types\/product"}],"version-history":[{"count":1,"href":"https:\/\/pracek.si\/racunalniskatrgovina\/wp-json\/wp\/v2\/product\/77895\/revisions"}],"predecessor-version":[{"id":91794,"href":"https:\/\/pracek.si\/racunalniskatrgovina\/wp-json\/wp\/v2\/product\/77895\/revisions\/91794"}],"wp:featuredmedia":[{"embeddable":true,"href":"https:\/\/pracek.si\/racunalniskatrgovina\/wp-json\/wp\/v2\/media\/81520"}],"wp:attachment":[{"href":"https:\/\/pracek.si\/racunalniskatrgovina\/wp-json\/wp\/v2\/media?parent=77895"}],"wp:term":[{"taxonomy":"product_brand","embeddable":true,"href":"https:\/\/pracek.si\/racunalniskatrgovina\/wp-json\/wp\/v2\/product_brand?post=77895"},{"taxonomy":"product_cat","embeddable":true,"href":"https:\/\/pracek.si\/racunalniskatrgovina\/wp-json\/wp\/v2\/product_cat?post=77895"},{"taxonomy":"product_tag","embeddable":true,"href":"https:\/\/pracek.si\/racunalniskatrgovina\/wp-json\/wp\/v2\/product_tag?post=77895"}],"curies":[{"name":"wp","href":"https:\/\/api.w.org\/{rel}","templated":true}]}}