{"id":79667,"date":"2026-04-04T10:08:21","date_gmt":"2026-04-04T09:08:21","guid":{"rendered":"https:\/\/pracek.si\/racunalniskatrgovina\/izdelek\/prenosnik-hp-envy-x360-2-in-1-16-ac0xxx-ultra-7-ram-16-gb-ssd-disk-160%e2%80%b3-2-8k\/"},"modified":"2026-04-04T10:08:24","modified_gmt":"2026-04-04T09:08:24","slug":"prenosnik-hp-envy-x360-2-in-1-16-ac0xxx-ultra-7-ram-16-gb-ssd-disk-160%e2%80%b3-2-8k","status":"publish","type":"product","link":"https:\/\/pracek.si\/racunalniskatrgovina\/izdelek\/prenosnik-hp-envy-x360-2-in-1-16-ac0xxx-ultra-7-ram-16-gb-ssd-disk-160%e2%80%b3-2-8k\/","title":{"rendered":"Prenosnik HP Envy X360 2-IN-1 16-AC0XXX \/ Ultra 7 \/ RAM 16 GB \/ SSD Disk \/ 16,0\u2033 2.8K"},"content":{"rendered":"<p>Prenosnik HP Envy X360 2-IN-1 16-AC0XXX zdru\u017euje elegantno obliko z zmogljivostjo v enem paketu, ki vas bo navdu\u0161il z vsestranskostjo. Kakovostna zasnova in zaslon na dotik nudita izjemno uporabni\u0161ko izku\u0161njo, medtem ko inovativne funkcije omogo\u010dajo najrazli\u010dnej\u0161e uporabe.<\/p>\n<p><H2>Najve\u010dje prednosti<\/H2><br \/>\n<ul><br \/>\n  <li>Elegantna zasnova z vrtljivim zaslonom, ki omogo\u010da uporabo prenosnika v na\u010dinu tablice.<\/li><br \/>\n  <li><b>Zaslon na dotik<\/b>, velikosti 16,0 palca z lo\u010dljivostjo 2.8K, ponuja sijajni prikaz, ki zagotavlja jasno in ostro sliko.<\/li><br \/>\n  <li>Izjemna hitrost delovanja zahvaljujo\u010d sodobnemu procesorju in <b>hitremu NVMe SSD disku<\/b>.<\/li><br \/>\n  <li><b>Osvetljena tipkovnica<\/b>, ki omogo\u010da enostavno delo tudi v slabih svetlobnih pogojih.<\/li><br \/>\n  <li>Ve\u010d mo\u017enosti povezovanja z HDMI, USB-C, Thunderbolt in 2x USB.<\/li><br \/>\n<\/ul><\/p>\n<p><H2>Kdo kupuje ta izdelek<\/H2><br \/>\nIdealno za kreativce, profesionalce, \u0161tudente ter vse, ki i\u0161\u010dejo vsestranski prenosnik za delo in zabavo. Naprava je namenjena tistim, ki potrebujejo zanesljivo zmogljivost za ve\u010dopravilnost in kakovosten prikaz za oblikovanje ali gledanje videov.<\/p>\n<p><H2>Mo\u017enosti nadgradnje<\/H2><br \/>\nPrenosnik ponuja potencial za nadgradnjo diska in pomnilnika, kar pomeni, da lahko nadgradite njegovo zmogljivost glede na va\u0161e potrebe. <b>Pred izvedbo nadgradnje se vedno posvetujte s strokovnjakom.<\/b><\/p>\n<p><H2>Zakaj izbrati obnovljeno napravo<\/H2><br \/>\nNakup obnovljene naprave prina\u0161a odli\u010dno razmerje med kakovostjo in ceno. Pridobivate napravo, ki je skozi strokovno storitev obnove pregledana in preizku\u0161ena ter ustreza visokim standardom kakovostnih ocen. Tak\u0161ni izdelki prispevajo k zmanj\u0161evanju elektronskih odpadkov in ponujajo prilo\u017enost za bolj trajnostno uporabo tehnologije.<h2>Odprta embala\u017ea<\/h2>&#13;<br \/>\n<p>Skoraj nobenih znakov obrabe. Tovarni\u0161ka kvaliteta. V ve\u010dini primerov gre za prese\u017eek proizvodnje in neprodane zaloge, pri katerih razlike v primerjavi z novimi napravami niso opazne.<\/p>&#13;<\/p>\n","protected":false},"excerpt":{"rendered":"<p>Intel\u00ae Core\u2122 Ultra 7 155U \/ 1.7 GHz \/ Turbo Boost 4.8 GHz, 16 GB LPDDR5 ONBOARD, 1 TB NVME SSD, 40,64 cm (16,0\u2033), Sijajni (BrightView, gloss), Touch, 2.8K \/ 2880 x 1800, Intel\u00ae Graphics, HDMI, USB-C, Thunderbolt, 2x USB, Backlit keyboard, Microsoft Windows 11 Home (64-bit)<\/p>\n","protected":false},"featured_media":79669,"template":"","meta":[],"product_brand":[26],"product_cat":[1296,1204,1964,1958,1286],"product_tag":[1811],"class_list":{"0":"post-79667","1":"product","2":"type-product","3":"status-publish","4":"has-post-thumbnail","6":"product_brand-hewlett-packard","7":"product_cat-hp-prenosniki","8":"product_cat-prenosniki","9":"product_cat-prenosniki-ultrabook","10":"product_cat-prenosniki-za-domaco-uporabo","11":"product_cat-priljubljena-iskanja","12":"product_tag-pp","13":"pa_odgovorna-oseba-v-eu-hp-tehnicna-regulativna-ekipa","15":"first","16":"instock","17":"taxable","18":"shipping-taxable","19":"purchasable","20":"product-type-simple"},"_links":{"self":[{"href":"https:\/\/pracek.si\/racunalniskatrgovina\/wp-json\/wp\/v2\/product\/79667","targetHints":{"allow":["GET"]}}],"collection":[{"href":"https:\/\/pracek.si\/racunalniskatrgovina\/wp-json\/wp\/v2\/product"}],"about":[{"href":"https:\/\/pracek.si\/racunalniskatrgovina\/wp-json\/wp\/v2\/types\/product"}],"version-history":[{"count":1,"href":"https:\/\/pracek.si\/racunalniskatrgovina\/wp-json\/wp\/v2\/product\/79667\/revisions"}],"predecessor-version":[{"id":91807,"href":"https:\/\/pracek.si\/racunalniskatrgovina\/wp-json\/wp\/v2\/product\/79667\/revisions\/91807"}],"wp:featuredmedia":[{"embeddable":true,"href":"https:\/\/pracek.si\/racunalniskatrgovina\/wp-json\/wp\/v2\/media\/79669"}],"wp:attachment":[{"href":"https:\/\/pracek.si\/racunalniskatrgovina\/wp-json\/wp\/v2\/media?parent=79667"}],"wp:term":[{"taxonomy":"product_brand","embeddable":true,"href":"https:\/\/pracek.si\/racunalniskatrgovina\/wp-json\/wp\/v2\/product_brand?post=79667"},{"taxonomy":"product_cat","embeddable":true,"href":"https:\/\/pracek.si\/racunalniskatrgovina\/wp-json\/wp\/v2\/product_cat?post=79667"},{"taxonomy":"product_tag","embeddable":true,"href":"https:\/\/pracek.si\/racunalniskatrgovina\/wp-json\/wp\/v2\/product_tag?post=79667"}],"curies":[{"name":"wp","href":"https:\/\/api.w.org\/{rel}","templated":true}]}}