{"id":79678,"date":"2026-04-04T10:08:21","date_gmt":"2026-04-04T09:08:21","guid":{"rendered":"https:\/\/pracek.si\/racunalniskatrgovina\/izdelek\/prenosnik-hp-elitebook-845-14-inch-g11-amd-ryzen-7-ram-16-gb-ssd-disk-140%e2%80%b3-wuxga\/"},"modified":"2026-04-04T10:08:25","modified_gmt":"2026-04-04T09:08:25","slug":"prenosnik-hp-elitebook-845-14-inch-g11-amd-ryzen-7-ram-16-gb-ssd-disk-140%e2%80%b3-wuxga","status":"publish","type":"product","link":"https:\/\/pracek.si\/racunalniskatrgovina\/izdelek\/prenosnik-hp-elitebook-845-14-inch-g11-amd-ryzen-7-ram-16-gb-ssd-disk-140%e2%80%b3-wuxga\/","title":{"rendered":"Prenosnik HP Elitebook 845 14 Inch G11 \/ AMD Ryzen\u2122 7 \/ RAM 16 GB \/ SSD Disk \/ 14,0\u2033 WUXGA"},"content":{"rendered":"<p>Prenosnik HP EliteBook 845 je vrhunska izbira za poslovne in ustvarjalne uporabnike, ki zahtevajo zanesljivost in zmogljivost v elegantni in prenosni obliki. Ta naprava zdru\u017euje visoko zmogljiv procesor, veliko kapaciteto pomnilnika ter hiter SSD disk, kar zagotavlja teko\u010de delovanje tudi pri bolj zahtevnih nalogah. S svojo matirano zaslonsko povr\u0161ino omogo\u010da udobno uporabo, tudi v svetlej\u0161ih okoljih.<\/p>\n<p><H2>Najve\u010dje prednosti<\/H2><br \/>\n<ul><br \/>\n  <li><b>Visokozmogljiv procesor<\/b>: Zmogljivost in hitrost brez primere za ve\u010dopravilnost in zahtevne aplikacije.<\/li><br \/>\n  <li><b>Matiran zaslon<\/b>: Vsebine so jasno vidne, ne glede na svetlobne pogoje.<\/li><br \/>\n  <li><b>Prilagodljivost priklju\u010dkov<\/b>: Opremljen z HDMI, Thunderbolt in dvema USB priklju\u010dkoma za enostavno povezljivost.<\/li><br \/>\n  <li><b>Hitrost NVMe SSD<\/b>: Izjemno hitra odzivnost sistema in aplikacij.<\/li><br \/>\n  <li><b>Osve\u017eena kakovost<\/b>: Strokovno obnovljen in preverjen skozi standardiziran sistem kakovostnih ocen.<\/li><br \/>\n<\/ul><\/p>\n<p><H2>Kdo kupuje ta izdelek<\/H2><br \/>\nTa prenosnik je idealen za poslovne profesionalce, razvijalce in oblikovalce, ki potrebujejo zanesljivo napravo za vsakodnevna opravila in kompleksne projekte. Prav tako je odli\u010dna izbira za \u0161tudente, ki potrebujejo prenosljivost in zmogljivost, da uspe\u0161no zaklju\u010dujejo akademske obveznosti.<\/p>\n<p><H2>Mo\u017enosti nadgradnje<\/H2><br \/>\nTa prenosnik omogo\u010da nadgradnjo diska in pomnilnika, kar uporabnikom ponuja dolgotrajno uporabnost naprave, ki se lahko prilagaja rasto\u010dim potrebam po zmogljivosti. <b>Pred izvedbo nadgradnje se vedno posvetujte s strokovnjakom.<\/b><\/p>\n<p><H2>Zakaj izbrati obnovljeno napravo<\/H2><br \/>\nZ izbiro obnovljenega prenosnika prejmete napravo, ki je bila strokovno pregledana in obnovljena, kar zagotavlja dolgo \u017eivljenjsko dobo in visoko kakovost delovanja. Tak\u0161na odlo\u010ditev pomeni tudi okolju prijaznej\u0161i pristop do tehnologije, saj pripomore k zmanj\u0161anju elektronskih odpadkov. Hkrati nudite sebi izjemno vrednost za denar, saj pridobite zmogljivo napravo po ugodnej\u0161i ceni.<h2>Odprta embala\u017ea<\/h2>&#13;<br \/>\n<p>Skoraj nobenih znakov obrabe. Tovarni\u0161ka kvaliteta. V ve\u010dini primerov gre za prese\u017eek proizvodnje in neprodane zaloge, pri katerih razlike v primerjavi z novimi napravami niso opazne.<\/p>&#13;<\/p>\n","protected":false},"excerpt":{"rendered":"<p>AMD Ryzen\u2122 7 8840U \/ 3.3 GHz \/ Turboboost 5.1 GHz, 16 GB DDR5 SODIMM, 512 GB NVME SSD, 35,6 cm (14,0\u2033), Matiran (AntiGlare, matt), WUXGA 1920 x 1200, AMD Radeon Pro WX 3100 \/ Intel UHD Graphics 620, HDMI, Thunderbolt, 2x USB, Backlit keyboard, Microsoft Windows 11 Pro (64-bit)<\/p>\n","protected":false},"featured_media":79680,"template":"","meta":[],"product_brand":[26],"product_cat":[1296,1204,1964,1959,1286],"product_tag":[1811],"class_list":{"0":"post-79678","1":"product","2":"type-product","3":"status-publish","4":"has-post-thumbnail","6":"product_brand-hewlett-packard","7":"product_cat-hp-prenosniki","8":"product_cat-prenosniki","9":"product_cat-prenosniki-ultrabook","10":"product_cat-prenosniki-za-poslovno-uporabo","11":"product_cat-priljubljena-iskanja","12":"product_tag-pp","13":"pa_odgovorna-oseba-v-eu-hp-tehnicna-regulativna-ekipa","15":"first","16":"instock","17":"taxable","18":"shipping-taxable","19":"purchasable","20":"product-type-simple"},"_links":{"self":[{"href":"https:\/\/pracek.si\/racunalniskatrgovina\/wp-json\/wp\/v2\/product\/79678","targetHints":{"allow":["GET"]}}],"collection":[{"href":"https:\/\/pracek.si\/racunalniskatrgovina\/wp-json\/wp\/v2\/product"}],"about":[{"href":"https:\/\/pracek.si\/racunalniskatrgovina\/wp-json\/wp\/v2\/types\/product"}],"version-history":[{"count":1,"href":"https:\/\/pracek.si\/racunalniskatrgovina\/wp-json\/wp\/v2\/product\/79678\/revisions"}],"predecessor-version":[{"id":91808,"href":"https:\/\/pracek.si\/racunalniskatrgovina\/wp-json\/wp\/v2\/product\/79678\/revisions\/91808"}],"wp:featuredmedia":[{"embeddable":true,"href":"https:\/\/pracek.si\/racunalniskatrgovina\/wp-json\/wp\/v2\/media\/79680"}],"wp:attachment":[{"href":"https:\/\/pracek.si\/racunalniskatrgovina\/wp-json\/wp\/v2\/media?parent=79678"}],"wp:term":[{"taxonomy":"product_brand","embeddable":true,"href":"https:\/\/pracek.si\/racunalniskatrgovina\/wp-json\/wp\/v2\/product_brand?post=79678"},{"taxonomy":"product_cat","embeddable":true,"href":"https:\/\/pracek.si\/racunalniskatrgovina\/wp-json\/wp\/v2\/product_cat?post=79678"},{"taxonomy":"product_tag","embeddable":true,"href":"https:\/\/pracek.si\/racunalniskatrgovina\/wp-json\/wp\/v2\/product_tag?post=79678"}],"curies":[{"name":"wp","href":"https:\/\/api.w.org\/{rel}","templated":true}]}}