{"id":79904,"date":"2026-04-04T10:02:06","date_gmt":"2026-04-04T09:02:06","guid":{"rendered":"https:\/\/pracek.si\/racunalniskatrgovina\/izdelek\/monitor-monitor-hp-z-display-z24i-lcd-lcd-2\/"},"modified":"2026-04-04T10:02:10","modified_gmt":"2026-04-04T09:02:10","slug":"monitor-monitor-hp-z-display-z24i-lcd-lcd-2","status":"publish","type":"product","link":"https:\/\/pracek.si\/racunalniskatrgovina\/izdelek\/monitor-monitor-hp-z-display-z24i-lcd-lcd-2\/","title":{"rendered":"Monitor Monitor HP Z Display Z24i LCD LCD"},"content":{"rendered":"<p><div data-content-type=&quot;html&quot; data-appearance=&quot;default&quot; data-element=&quot;main&quot;>60,96 cm\/ 24&quot;, Full HD 1920\u00d71200 at 60 Hz, resposne time 8 ms, VGA , DisplayPort, DVI, 4 x USB<\/div><h2>A- Kakovost<\/h2>&#13;<br \/>\n<p>Znaki obrabe. Najbolj\u0161e razmerje med kvaliteto in ceno. Ohi\u0161je lahko vsebuje manj\u0161e nepravilnosti, kot so vidne praske, ki pa ne vplivajo na delovanje naprave. Zasloni imajo lahko rahle nepravilnosti, ki so nekoliko opazne, vendar ne motijo uporabni\u0161ke izku\u0161nje.<\/p><\/p>\n","protected":false},"excerpt":{"rendered":"<p>60,96 cm\/ 24&#8243;, Full HD 1920&#215;1200 at 60 Hz, resposne time 8 ms, VGA , DisplayPort, DVI, 4 x USB<\/p>\n","protected":false},"featured_media":79905,"template":"","meta":[],"product_brand":[26],"product_cat":[1836,1149],"product_tag":[1811],"class_list":{"0":"post-79904","1":"product","2":"type-product","3":"status-publish","4":"has-post-thumbnail","6":"product_brand-hewlett-packard","7":"product_cat-izpostavljeno","8":"product_cat-monitorji","9":"product_tag-pp","10":"pa_odgovorna-oseba-v-eu-hp-tehnicna-regulativna-ekipa","12":"first","13":"instock","14":"taxable","15":"shipping-taxable","16":"purchasable","17":"product-type-simple"},"_links":{"self":[{"href":"https:\/\/pracek.si\/racunalniskatrgovina\/wp-json\/wp\/v2\/product\/79904","targetHints":{"allow":["GET"]}}],"collection":[{"href":"https:\/\/pracek.si\/racunalniskatrgovina\/wp-json\/wp\/v2\/product"}],"about":[{"href":"https:\/\/pracek.si\/racunalniskatrgovina\/wp-json\/wp\/v2\/types\/product"}],"version-history":[{"count":1,"href":"https:\/\/pracek.si\/racunalniskatrgovina\/wp-json\/wp\/v2\/product\/79904\/revisions"}],"predecessor-version":[{"id":99154,"href":"https:\/\/pracek.si\/racunalniskatrgovina\/wp-json\/wp\/v2\/product\/79904\/revisions\/99154"}],"wp:featuredmedia":[{"embeddable":true,"href":"https:\/\/pracek.si\/racunalniskatrgovina\/wp-json\/wp\/v2\/media\/79905"}],"wp:attachment":[{"href":"https:\/\/pracek.si\/racunalniskatrgovina\/wp-json\/wp\/v2\/media?parent=79904"}],"wp:term":[{"taxonomy":"product_brand","embeddable":true,"href":"https:\/\/pracek.si\/racunalniskatrgovina\/wp-json\/wp\/v2\/product_brand?post=79904"},{"taxonomy":"product_cat","embeddable":true,"href":"https:\/\/pracek.si\/racunalniskatrgovina\/wp-json\/wp\/v2\/product_cat?post=79904"},{"taxonomy":"product_tag","embeddable":true,"href":"https:\/\/pracek.si\/racunalniskatrgovina\/wp-json\/wp\/v2\/product_tag?post=79904"}],"curies":[{"name":"wp","href":"https:\/\/api.w.org\/{rel}","templated":true}]}}