{"id":81554,"date":"2026-04-04T10:02:39","date_gmt":"2026-04-04T09:02:39","guid":{"rendered":"https:\/\/pracek.si\/racunalniskatrgovina\/izdelek\/racunalnik-hp-proone-240-g10-aio-core-i7-1355u-win-11-pro-i7-ram-8-gb-ssd-disk\/"},"modified":"2026-04-04T10:02:44","modified_gmt":"2026-04-04T09:02:44","slug":"racunalnik-hp-proone-240-g10-aio-core-i7-1355u-win-11-pro-i7-ram-8-gb-ssd-disk","status":"publish","type":"product","link":"https:\/\/pracek.si\/racunalniskatrgovina\/izdelek\/racunalnik-hp-proone-240-g10-aio-core-i7-1355u-win-11-pro-i7-ram-8-gb-ssd-disk\/","title":{"rendered":"Ra\u010dunalnik HP ProOne 240 G10 AiO | Core i7-1355U | Win 11 Pro \/ i7 \/ RAM 8 GB \/ SSD Disk"},"content":{"rendered":"<p>Eleganten in zmogljiv osebni ra\u010dunalnik HP ProOne 240 G10 AiO zdru\u017euje moderno tehnologijo in izjemno uporabnost v ultra tanko oblikovanem ohi\u0161ju z velikim zaslonom. Primeren je za vsak dom ali pisarno, kjer je potrebna u\u010dinkovitost pri delu in var\u010dna izkori\u0161\u010denost prostora.<\/p>\n<p><H2>Najve\u010dje prednosti<\/H2><br \/>\n<b>Ra\u010dunalnik HP ProOne 240 G10 AiO<\/b> prina\u0161a \u0161tevilne prednosti, ki vklju\u010dujejo:<br \/>\n<ul><br \/>\n  <li>Vrhunski <b>procesor<\/b> za hitro in u\u010dinkovito delovanje.<\/li><br \/>\n  <li><b>Velik zaslon<\/b> z diagonalo 60,5 cm (23,8&quot;), ki omogo\u010da \u0161irok kot gledanja in ostrino FHD lo\u010dljivosti (1920\u00d71080).<\/li><br \/>\n  <li>Izjemno hiter <b>disk NVMe<\/b> za takoj\u0161en dostop do va\u0161ih podatkov.<\/li><br \/>\n  <li>Brez\u017ei\u010dno povezljivost prek <b>Wi-Fi<\/b> in <b>Bluetooth<\/b> vmesnikov.<\/li><br \/>\n  <li>Razli\u010dne priklju\u010dne mo\u017enosti, vklju\u010dno z <b>HDMI<\/b> in ve\u010d USB vhodi za povezljivost z drugimi napravami.<\/li><br \/>\n<\/ul><\/p>\n<p><H2>Kdo kupuje ta izdelek<\/H2><br \/>\nTa ra\u010dunalnik je idealen za uporabnike, ki potrebujejo vsestransko napravo za delo in doma\u010do uporabo. Primerno je za profesionalce, ki izvajajo zahtevne naloge, kot so grafi\u010dno oblikovanje ali obdelava podatkov, hkrati pa je odli\u010dna izbira za dru\u017eine, ki i\u0161\u010dejo zmogljivost in zanesljivost pri vsakdanjih opravilih.<\/p>\n<p><H2>Mo\u017enosti nadgradnje<\/H2><br \/>\nBistvo prilagodljivosti tega ra\u010dunalnika je njegova mo\u017enost nadgradnje diska in pomnilnika, kar omogo\u010da, da se pove\u010da kapaciteta za shranjevanje in hitrost ra\u010dunalnika po va\u0161ih potrebah. <b>Pred izvedbo nadgradnje se vedno posvetujte s strokovnjakom.<\/b><\/p>\n<p><H2>Zakaj izbrati obnovljeno napravo<\/H2><br \/>\nIzbira obnovljene naprave ne pomeni le odli\u010dne vrednosti za va\u0161 denar, ampak tudi odgovorno trajnostno odlo\u010ditev. Ra\u010dunalniki, ki so bili profesionalno obnovljeni, so bili skrbno pregledani in testirani ter ustrezajo strogo dolo\u010denim kakovostnim standardom. S to izbiro podprete redukcijo elektronskega odpadka, prispevate k varovanju okolja, hkrati pa pridobite produkt z garancijo kakovosti.<h2>Odprta embala\u017ea<\/h2>&#13;<br \/>\n<p>Skoraj nobenih znakov obrabe. Tovarni\u0161ka kvaliteta. V ve\u010dini primerov gre za prese\u017eek proizvodnje in neprodane zaloge, pri katerih razlike v primerjavi z novimi napravami niso opazne.<\/p>&#13;<\/p>\n","protected":false},"excerpt":{"rendered":"<p>Intel Core i7-1355U (1,7 GHz), 8 GB DDR4-3200 , SSD 512GB PCIe NVMe, Intel Iris Xe Graphics (IGP), Wi-Fi, Bluetooth, Webcam, 60,5 cm (23,8&#8243;) FHD (1920&#215;1080) AG LED, HDMI, 1x USB-C 3.2 Gen1 (5Gbps), 2x USB-A 3.2 Gen2 (5Gbps), 2x USB-A 2.0, Microsoft Windows 11 Pro (64-bit)<\/p>\n","protected":false},"featured_media":81555,"template":"","meta":[],"product_brand":[26],"product_cat":[1287,1286,1218,1961],"product_tag":[1811],"class_list":{"0":"post-81554","1":"product","2":"type-product","3":"status-publish","4":"has-post-thumbnail","6":"product_brand-hewlett-packard","7":"product_cat-hp-racunalniki","8":"product_cat-priljubljena-iskanja","9":"product_cat-racunalniki","10":"product_cat-racunalniki-za-poslovno-uporabo","11":"product_tag-pp","12":"pa_odgovorna-oseba-v-eu-hp-reg-23010","14":"first","15":"instock","16":"taxable","17":"shipping-taxable","18":"purchasable","19":"product-type-simple"},"_links":{"self":[{"href":"https:\/\/pracek.si\/racunalniskatrgovina\/wp-json\/wp\/v2\/product\/81554","targetHints":{"allow":["GET"]}}],"collection":[{"href":"https:\/\/pracek.si\/racunalniskatrgovina\/wp-json\/wp\/v2\/product"}],"about":[{"href":"https:\/\/pracek.si\/racunalniskatrgovina\/wp-json\/wp\/v2\/types\/product"}],"version-history":[{"count":1,"href":"https:\/\/pracek.si\/racunalniskatrgovina\/wp-json\/wp\/v2\/product\/81554\/revisions"}],"predecessor-version":[{"id":91948,"href":"https:\/\/pracek.si\/racunalniskatrgovina\/wp-json\/wp\/v2\/product\/81554\/revisions\/91948"}],"wp:featuredmedia":[{"embeddable":true,"href":"https:\/\/pracek.si\/racunalniskatrgovina\/wp-json\/wp\/v2\/media\/81555"}],"wp:attachment":[{"href":"https:\/\/pracek.si\/racunalniskatrgovina\/wp-json\/wp\/v2\/media?parent=81554"}],"wp:term":[{"taxonomy":"product_brand","embeddable":true,"href":"https:\/\/pracek.si\/racunalniskatrgovina\/wp-json\/wp\/v2\/product_brand?post=81554"},{"taxonomy":"product_cat","embeddable":true,"href":"https:\/\/pracek.si\/racunalniskatrgovina\/wp-json\/wp\/v2\/product_cat?post=81554"},{"taxonomy":"product_tag","embeddable":true,"href":"https:\/\/pracek.si\/racunalniskatrgovina\/wp-json\/wp\/v2\/product_tag?post=81554"}],"curies":[{"name":"wp","href":"https:\/\/api.w.org\/{rel}","templated":true}]}}