{"id":87011,"date":"2026-04-04T10:08:47","date_gmt":"2026-04-04T09:08:47","guid":{"rendered":"https:\/\/pracek.si\/racunalniskatrgovina\/izdelek\/prenosnik-hp-elitebook-830-g11-u5-135u-ultra-5-ram-16-gb-ssd-disk-133%e2%80%b3-wuxga\/"},"modified":"2026-04-04T10:08:51","modified_gmt":"2026-04-04T09:08:51","slug":"prenosnik-hp-elitebook-830-g11-u5-135u-ultra-5-ram-16-gb-ssd-disk-133%e2%80%b3-wuxga","status":"publish","type":"product","link":"https:\/\/pracek.si\/racunalniskatrgovina\/izdelek\/prenosnik-hp-elitebook-830-g11-u5-135u-ultra-5-ram-16-gb-ssd-disk-133%e2%80%b3-wuxga\/","title":{"rendered":"Prenosnik HP EliteBook 830 G11 | U5-135U \/ Ultra 5 \/ RAM 16 GB \/ SSD Disk \/ 13,3\u2033 WUXGA"},"content":{"rendered":"<p>HP EliteBook 830 G11 je izjemno zmogljiv prenosnik, ki odli\u010dno zdru\u017euje eleganten dizajn z zanesljivo tehnologijo. Njegovi klju\u010dni atributi so vrhunske specifikacije, prenosljivost in vrhunska uporabni\u0161ka izku\u0161nja, zaradi \u010desar je idealna izbira za poslovne uporabnike in tiste, ki so vedno na poti.<\/p>\n<p><H2>Najve\u010dje prednosti<\/H2><br \/>\n<ul><br \/>\n<li><b>Kompakten dizajn<\/b>: S 13,3-pal\u010dnim zaslonom WUXGA zagotavlja odli\u010dno prenosljivost brez kompromisa pri kakovosti slike.<\/li><br \/>\n<li><b>Varno in zasebno<\/b>: U\u017eivajte v <b>PrivacyScreen<\/b> tehnologiji za za\u0161\u010dito va\u0161ih podatkov pred ne\u017eelenimi pogledi.<\/li><br \/>\n<li><b>Prilagodljive povezave<\/b>: Z vrsto povezovalnih mo\u017enosti, vklju\u010dno z dvema Thunderbolt 4 vhodoma, omogo\u010da preprosto povezovanje z dodatnimi napravami.<\/li><br \/>\n<li><b>Zmogljiv pomnilnik in hitra shramba<\/b>: Hitrost tehnologije NVMe zagotavlja u\u010dinkovito delo z velikimi datotekami.<\/li><br \/>\n<ul><\/p>\n<p><H2>Kdo kupuje ta izdelek<\/H2><br \/>\nTa prenosnik je idealen za poslovne\u017ee, ki potrebujejo zmogljivo in zanesljivo napravo za vsakodnevno uporabo, pa tudi za \u0161tudente, ki si \u017eelijo vsestranski prenosnik, ki bo kos vsem izzivom akademskega \u017eivljenja. Zaradi svoje vzdr\u017eljivosti in prenosljivosti pa je primeren tudi za vse, ki pogosto delajo na terenu.<\/p>\n<p><H2>Mo\u017enosti nadgradnje<\/H2><br \/>\nPrenosnik omogo\u010da nadgradnjo pomnilnika in diska, s \u010dimer ga lahko prilagodite svojim specifi\u010dnim potrebam. Za zagotovitev optimalne nadgradnje in delovanja se pred izvedbo nadgradnje vedno posvetujte s strokovnjakom.<\/p>\n<p><H2>Zakaj izbrati obnovljeno napravo<\/H2><br \/>\nObnovljene naprave predstavljajo odli\u010dno prilo\u017enost za nakup kakovostnega izdelka po dostopnej\u0161i ceni. Vsaka naprava je bila skrbno pregledana in obnovljena s strani strokovnjakov, kar zagotavlja visok standard kakovosti in dolgo \u017eivljenjsko dobo. Izbira obnovljene naprave ne le da nudi odli\u010dno vrednost, ampak tudi prispeva k ohranjanju okolja z zmanj\u0161anjem elektronskih odpadkov.<h2>Odprta embala\u017ea<\/h2>&#13;<br \/>\n<p>Skoraj nobenih znakov obrabe. Tovarni\u0161ka kvaliteta. V ve\u010dini primerov gre za prese\u017eek proizvodnje in neprodane zaloge, pri katerih razlike v primerjavi z novimi napravami niso opazne.<\/p>&#13;<\/p>\n","protected":false},"excerpt":{"rendered":"<p>Intel Core Ultra 5\u00a0135U (1,6\u00a0GHz), 16\u00a0GB DDR5-5600, 35,6 cm\u00a0(13,3&#8243;) WUXGA (1920&#215;1200)\u00a0AG LED PrivacyScreen, SSD 256 GB M.2 PCIe NVMe, Intel Graphics (IGP), HDMI 2.1, 2x Thunderbolt 4 (USB-C\/DisplayPort &#8211; 40Gpbs), 2x USB-A 3.2 Gen1 (5Gbps),\u00a0Wi-Fi 6E AX211, Bluetooth 5.3, Webcam, Fingerprint, Backlit Privacy Kbd., Microsoft\u00a0Windows 11 Pro (64-bit)<\/p>\n","protected":false},"featured_media":67480,"template":"","meta":[],"product_brand":[26],"product_cat":[1296,1204,1964,1959,1286],"product_tag":[1811],"class_list":{"0":"post-87011","1":"product","2":"type-product","3":"status-publish","4":"has-post-thumbnail","6":"product_brand-hewlett-packard","7":"product_cat-hp-prenosniki","8":"product_cat-prenosniki","9":"product_cat-prenosniki-ultrabook","10":"product_cat-prenosniki-za-poslovno-uporabo","11":"product_cat-priljubljena-iskanja","12":"product_tag-pp","13":"pa_odgovorna-oseba-v-eu-hp-tehnicna-regulativna-ekipa","15":"first","16":"instock","17":"taxable","18":"shipping-taxable","19":"purchasable","20":"product-type-simple"},"_links":{"self":[{"href":"https:\/\/pracek.si\/racunalniskatrgovina\/wp-json\/wp\/v2\/product\/87011","targetHints":{"allow":["GET"]}}],"collection":[{"href":"https:\/\/pracek.si\/racunalniskatrgovina\/wp-json\/wp\/v2\/product"}],"about":[{"href":"https:\/\/pracek.si\/racunalniskatrgovina\/wp-json\/wp\/v2\/types\/product"}],"version-history":[{"count":1,"href":"https:\/\/pracek.si\/racunalniskatrgovina\/wp-json\/wp\/v2\/product\/87011\/revisions"}],"predecessor-version":[{"id":91871,"href":"https:\/\/pracek.si\/racunalniskatrgovina\/wp-json\/wp\/v2\/product\/87011\/revisions\/91871"}],"wp:featuredmedia":[{"embeddable":true,"href":"https:\/\/pracek.si\/racunalniskatrgovina\/wp-json\/wp\/v2\/media\/67480"}],"wp:attachment":[{"href":"https:\/\/pracek.si\/racunalniskatrgovina\/wp-json\/wp\/v2\/media?parent=87011"}],"wp:term":[{"taxonomy":"product_brand","embeddable":true,"href":"https:\/\/pracek.si\/racunalniskatrgovina\/wp-json\/wp\/v2\/product_brand?post=87011"},{"taxonomy":"product_cat","embeddable":true,"href":"https:\/\/pracek.si\/racunalniskatrgovina\/wp-json\/wp\/v2\/product_cat?post=87011"},{"taxonomy":"product_tag","embeddable":true,"href":"https:\/\/pracek.si\/racunalniskatrgovina\/wp-json\/wp\/v2\/product_tag?post=87011"}],"curies":[{"name":"wp","href":"https:\/\/api.w.org\/{rel}","templated":true}]}}