{"id":87364,"date":"2026-04-04T10:08:47","date_gmt":"2026-04-04T09:08:47","guid":{"rendered":"https:\/\/pracek.si\/racunalniskatrgovina\/izdelek\/prenosnik-hp-elitebook-830-g11-u7-155u-ultra-7-ram-16-gb-ssd-disk-133%e2%80%b3-wuxga\/"},"modified":"2026-04-04T10:08:54","modified_gmt":"2026-04-04T09:08:54","slug":"prenosnik-hp-elitebook-830-g11-u7-155u-ultra-7-ram-16-gb-ssd-disk-133%e2%80%b3-wuxga","status":"publish","type":"product","link":"https:\/\/pracek.si\/racunalniskatrgovina\/izdelek\/prenosnik-hp-elitebook-830-g11-u7-155u-ultra-7-ram-16-gb-ssd-disk-133%e2%80%b3-wuxga\/","title":{"rendered":"Prenosnik HP EliteBook 830 G11 | U7-155U \/ Ultra 7 \/ RAM 16 GB \/ SSD Disk \/ 13,3\u2033 WUXGA"},"content":{"rendered":"<p>HP EliteBook 830 G11 je kompaktna, a izjemno zmogljiva naprava, zasnovana za profesionalce, ki potrebujejo zanesljivost in varnost na vsakem koraku. S svojimi odli\u010dnimi specifikacijami, od procesorja do zaslona, ta prenosnik ponuja vrhunsko uporabni\u0161ko izku\u0161njo.<\/p>\n<p><H2>Najve\u010dje prednosti<\/H2><br \/>\n<ul><br \/>\n<li><b>Kompakten in eleganten dizajn<\/b> \u2013 s samo 13,3-pal\u010dnim zaslonom je ta naprava enostavna za prena\u0161anje.<\/li><br \/>\n<li><b>Zaslon WUXGA z PrivacyScreen<\/b> \u2013 omogo\u010da jasen in oster prikaz ter za\u0161\u010dito zasebnosti.<\/li><br \/>\n<li><b>Izjemno hiter SSD NVMe<\/b> \u2013 nudi bliskovito hitrost prenosa podatkov, kar izbolj\u0161a celotno produktivnost.<\/li><br \/>\n<li><b>Vrhunska povezljivost<\/b> \u2013 vklju\u010dno z Wi-Fi 6E, Bluetooth 5.3 in Thunderbolt 4 za najbolj\u0161o povezljivost in prenos podatkov.<\/li><br \/>\n<li><b>Varnost in zasebnost<\/b> \u2013 z vgrajenim \u010ditalnikom prstnih odtisov in osvetljeno tipkovnico s Privacy funkcijo.<\/li><br \/>\n<\/ul><\/p>\n<p><H2>Kdo kupuje ta izdelek<\/H2><br \/>\nTa prenosnik je idealen za profesionalce na poti, podjetnike in tiste, ki potrebujejo zanesljivo napravo za delo iz razli\u010dnih lokacij. Njegova robustna specifikacija je prav tako odli\u010dna za \u0161tudente in u\u010ditelje, ki i\u0161\u010dejo optimalno razmerje med zmogljivostjo in prenosljivostjo.<\/p>\n<p><H2>Mo\u017enosti nadgradnje<\/H2><br \/>\nEliteBook 830 G11 omogo\u010da nadgradnjo tako pomnilnika kot tudi diskovnega prostora, kar podalj\u0161uje \u017eivljenjsko dobo naprave in omogo\u010da prilagoditev specifi\u010dnim potrebam uporabnika. <b>Pred izvedbo nadgradnje se vedno posvetujte s strokovnjakom.<\/b><\/p>\n<p><H2>Zakaj izbrati obnovljeno napravo<\/H2><br \/>\nIzbira obnovljene naprave prina\u0161a \u0161tevilne koristi, kot so ni\u017eji stro\u0161ki in prispevek k bolj trajnostnemu okolju. Naprave so strokovno obnovljene in prestanejo standardiziran sistem kakovostnih ocen, kar zagotavlja zanesljivost in dolgoro\u010dnost delovanja. Poleg tega obnovljene naprave obi\u010dajno omogo\u010dajo bolj\u0161e razmerje med ceno in kakovostjo, kar jih naredi privla\u010dno izbiro za \u0161ir\u0161i krog uporabnikov.<h2>Odprta embala\u017ea<\/h2>&#13;<br \/>\n<p>Skoraj nobenih znakov obrabe. Tovarni\u0161ka kvaliteta. V ve\u010dini primerov gre za prese\u017eek proizvodnje in neprodane zaloge, pri katerih razlike v primerjavi z novimi napravami niso opazne.<\/p>&#13;<\/p>\n","protected":false},"excerpt":{"rendered":"<p>Intel Core Ultra 7\u00a0165U\u00a0(1,7\u00a0GHz), 16\u00a0GB LPDDR5x-7500, 35,6 cm\u00a0(13,3&#8243;) WUXGA (1920&#215;1200)\u00a0AG LED PrivacyScreen, SSD 512\u00a0GB M.2 PCIe NVMe, Intel Graphics (IGP), HDMI 2.1, 2x Thunderbolt 4 (USB-C\/DisplayPort &#8211; 40Gpbs), 2x USB-A 3.2 Gen1 (5Gbps),\u00a0Wi-Fi 6E AX211, Bluetooth 5.3, Fingerprint,\u00a0Webcam, Backlit Privacy Kbd., Microsoft\u00a0Windows 11 Pro (64-bit)<\/p>\n","protected":false},"featured_media":87366,"template":"","meta":[],"product_brand":[26],"product_cat":[1296,1204,1964,1959,1286],"product_tag":[1811],"class_list":{"0":"post-87364","1":"product","2":"type-product","3":"status-publish","4":"has-post-thumbnail","6":"product_brand-hewlett-packard","7":"product_cat-hp-prenosniki","8":"product_cat-prenosniki","9":"product_cat-prenosniki-ultrabook","10":"product_cat-prenosniki-za-poslovno-uporabo","11":"product_cat-priljubljena-iskanja","12":"product_tag-pp","13":"pa_odgovorna-oseba-v-eu-hp-tehnicna-regulativna-ekipa","15":"first","16":"instock","17":"taxable","18":"shipping-taxable","19":"purchasable","20":"product-type-simple"},"_links":{"self":[{"href":"https:\/\/pracek.si\/racunalniskatrgovina\/wp-json\/wp\/v2\/product\/87364","targetHints":{"allow":["GET"]}}],"collection":[{"href":"https:\/\/pracek.si\/racunalniskatrgovina\/wp-json\/wp\/v2\/product"}],"about":[{"href":"https:\/\/pracek.si\/racunalniskatrgovina\/wp-json\/wp\/v2\/types\/product"}],"version-history":[{"count":1,"href":"https:\/\/pracek.si\/racunalniskatrgovina\/wp-json\/wp\/v2\/product\/87364\/revisions"}],"predecessor-version":[{"id":91877,"href":"https:\/\/pracek.si\/racunalniskatrgovina\/wp-json\/wp\/v2\/product\/87364\/revisions\/91877"}],"wp:featuredmedia":[{"embeddable":true,"href":"https:\/\/pracek.si\/racunalniskatrgovina\/wp-json\/wp\/v2\/media\/87366"}],"wp:attachment":[{"href":"https:\/\/pracek.si\/racunalniskatrgovina\/wp-json\/wp\/v2\/media?parent=87364"}],"wp:term":[{"taxonomy":"product_brand","embeddable":true,"href":"https:\/\/pracek.si\/racunalniskatrgovina\/wp-json\/wp\/v2\/product_brand?post=87364"},{"taxonomy":"product_cat","embeddable":true,"href":"https:\/\/pracek.si\/racunalniskatrgovina\/wp-json\/wp\/v2\/product_cat?post=87364"},{"taxonomy":"product_tag","embeddable":true,"href":"https:\/\/pracek.si\/racunalniskatrgovina\/wp-json\/wp\/v2\/product_tag?post=87364"}],"curies":[{"name":"wp","href":"https:\/\/api.w.org\/{rel}","templated":true}]}}