{"id":90466,"date":"2026-04-04T10:04:58","date_gmt":"2026-04-04T09:04:58","guid":{"rendered":"https:\/\/pracek.si\/racunalniskatrgovina\/izdelek\/prenosnik-apple-macbook-pro-13-apple-m-ram-16-gb-ssd-disk-133%e2%80%b3-wqhd-2\/"},"modified":"2026-04-04T10:05:07","modified_gmt":"2026-04-04T09:05:07","slug":"prenosnik-apple-macbook-pro-13-apple-m-ram-16-gb-ssd-disk-133%e2%80%b3-wqhd","status":"publish","type":"product","link":"https:\/\/pracek.si\/racunalniskatrgovina\/izdelek\/prenosnik-apple-macbook-pro-13-apple-m-ram-16-gb-ssd-disk-133%e2%80%b3-wqhd\/","title":{"rendered":"Prenosnik Apple MacBook Pro 13 \/ Apple M \/ RAM 16 GB \/ SSD Disk \/ 13,3\u2033 WQHD"},"content":{"rendered":"<p>Apple MacBook Pro 13 2020 je sinonim za vrhunsko zmogljivost, stil in funkcionalnost, vse to v elegantnem in kompaktnem ohi\u0161ju. Ta prenosnik je zasnovan tako, da ustreza potrebam profesionalcev in ustvarjalcev, ki zahtevajo zanesljivo in odzivno napravo.<\/p>\n<p><H2>Najve\u010dje prednosti<\/H2><\/p>\n<p><ul><br \/>\n  <li>Visokozmogljiv <b>procesor<\/b>, ki zagotavlja hitro in u\u010dinkovito delovanje.<\/li><br \/>\n  <li>13,3-pal\u010dni <b>zaslon<\/b> z lo\u010dljivostjo WQXGA omogo\u010da izjemno kakovost slike.<\/li><br \/>\n  <li><b>Thunderbolt<\/b> tehnologija za hiter prenos podatkov.<\/li><br \/>\n  <li>Osupljiv <b>sijajni zaslon<\/b> z \u017eivahnimi barvami in ostrino.<\/li><br \/>\n  <li>Hitri <b>NVMe SSD<\/b>, ki poskrbi za izjemno hitro zagonsko hitrost in prenose podatkov.<\/li><br \/>\n  <li>Osvetljena tipkovnica za la\u017eje delo pri \u0161ibki svetlobi.<\/li><br \/>\n<\/ul><\/p>\n<p><H2>Kdo kupuje ta izdelek<\/H2><\/p>\n<p>MacBook Pro 13 2020 je idealen za profesionalce, \u0161tudente in ustvarjalce vsebin. Njegova zmogljivost in prenosljivost sta klju\u010dni za ljudi, ki delajo z multimedijo, programiranjem ali zahtevnej\u0161o pisarni\u0161ko programsko opremo. Izdelana za tiste, ki potrebujejo mo\u010dan ra\u010dunalnik, ki ga lahko vzamejo kamorkoli.<\/p>\n<p><H2>Mo\u017enosti nadgradnje<\/H2><\/p>\n<p>\u010ceprav je MacBook Pro \u017ee v osnovi zelo zmogljiv, omogo\u010da tudi nadgradnjo diska in pomnilnika, kar uporabniku daje prilo\u017enost, da napravo prilagodi svojim potrebam. <b>Pred izvedbo nadgradnje se vedno posvetujte s strokovnjakom.<\/b><\/p>\n<p><H2>Zakaj izbrati obnovljeno napravo<\/H2><\/p>\n<p>Izbira obnovljene naprave prina\u0161a \u0161tevilne prednosti. Ti prenosniki so dele\u017eni <b>strokovne obnove<\/b>, kar zagotavlja brezhibno delovanje in dolgo \u017eivljenjsko dobo. Poleg tega, da so opravili standardiziran sistem kakovostnih ocen, ste lahko prepri\u010dani, da materialno prispevate k bolj trajnostni prihodnosti. Preudarni nakup obnovljenega MacBooka Pro vam omogo\u010da, da u\u017eivate v vrhunskih zmogljivostih za vi\u0161jo vrednost in prispevate k zmanj\u0161anju elektronskih odpadkov.<h2>A Kakovost<\/h2>&#13;<br \/>\n<p>Rahli znaki obrabe. Nadpovpre\u010dna kvaliteta. Ohi\u0161je lahko vsebuje minimalne nepravilnosti, kot je praska, ki je nevidna na razdalji 50 cm (pribli\u017eno dol\u017eina roke) ali ve\u010d. Zasloni so v delujo\u010dem stanju brezhibni.<\/p>&#13;<\/p>\n","protected":false},"excerpt":{"rendered":"<p>Apple M1 &#8211; 8 Core CPU \/ 7 Core GPU, 4C+4c\/8T, 16MB Cache, 16 Core Neural Engine \/ Max. Speed 3,2 GHz, 16 GB LPDDR5, 512 GB NVME SSD, 33,8 cm (13,3\u2033), Sijajni (BrightView, gloss), WQXGA \/ 2560&#215;1600, M1 8 Cores, Thunderbolt, backlit_kb, bluetooth, MacOS Sequoia<\/p>\n","protected":false},"featured_media":95741,"template":"","meta":[],"product_brand":[30],"product_cat":[1204,1964,1958,1286,1224],"product_tag":[1811],"class_list":{"0":"post-90466","1":"product","2":"type-product","3":"status-publish","4":"has-post-thumbnail","6":"product_brand-apple","7":"product_cat-prenosniki","8":"product_cat-prenosniki-ultrabook","9":"product_cat-prenosniki-za-domaco-uporabo","10":"product_cat-priljubljena-iskanja","11":"product_cat-rabljeni-prenosniki","12":"product_tag-pp","13":"pa_odgovorna-oseba-v-eu-apple-tehnicna-regulativna-ekipa","15":"first","16":"instock","17":"taxable","18":"shipping-taxable","19":"purchasable","20":"product-type-simple"},"_links":{"self":[{"href":"https:\/\/pracek.si\/racunalniskatrgovina\/wp-json\/wp\/v2\/product\/90466","targetHints":{"allow":["GET"]}}],"collection":[{"href":"https:\/\/pracek.si\/racunalniskatrgovina\/wp-json\/wp\/v2\/product"}],"about":[{"href":"https:\/\/pracek.si\/racunalniskatrgovina\/wp-json\/wp\/v2\/types\/product"}],"version-history":[{"count":1,"href":"https:\/\/pracek.si\/racunalniskatrgovina\/wp-json\/wp\/v2\/product\/90466\/revisions"}],"predecessor-version":[{"id":91708,"href":"https:\/\/pracek.si\/racunalniskatrgovina\/wp-json\/wp\/v2\/product\/90466\/revisions\/91708"}],"wp:featuredmedia":[{"embeddable":true,"href":"https:\/\/pracek.si\/racunalniskatrgovina\/wp-json\/wp\/v2\/media\/95741"}],"wp:attachment":[{"href":"https:\/\/pracek.si\/racunalniskatrgovina\/wp-json\/wp\/v2\/media?parent=90466"}],"wp:term":[{"taxonomy":"product_brand","embeddable":true,"href":"https:\/\/pracek.si\/racunalniskatrgovina\/wp-json\/wp\/v2\/product_brand?post=90466"},{"taxonomy":"product_cat","embeddable":true,"href":"https:\/\/pracek.si\/racunalniskatrgovina\/wp-json\/wp\/v2\/product_cat?post=90466"},{"taxonomy":"product_tag","embeddable":true,"href":"https:\/\/pracek.si\/racunalniskatrgovina\/wp-json\/wp\/v2\/product_tag?post=90466"}],"curies":[{"name":"wp","href":"https:\/\/api.w.org\/{rel}","templated":true}]}}